{"id":7947,"date":"2025-12-12T15:31:32","date_gmt":"2025-12-12T14:31:32","guid":{"rendered":"https:\/\/bicycool.pl\/?post_type=product&#038;p=7947"},"modified":"2025-12-12T15:47:30","modified_gmt":"2025-12-12T14:47:30","slug":"hak-przerzutki-specialized-venge-vias-rim-brake","status":"publish","type":"product","link":"https:\/\/bicycool.pl\/?product=hak-przerzutki-specialized-venge-vias-rim-brake","title":{"rendered":"Hak przerzutki &#8211; Specialized Venge Vias Rim Brake"},"content":{"rendered":"<h1 id=\"devProductName\" class=\"bBottom2 productName\">Specialized S172600002 HGR MY16-17 Venge Vias Derailleur Hanger Rim Brake R4<\/h1>\n<p><strong data-start=\"638\" data-end=\"667\">Najwa\u017cniejsze informacje:<\/strong><\/p>\n<ul data-start=\"670\" data-end=\"826\">\n<li data-start=\"670\" data-end=\"706\"><strong>Model:\u00a0<\/strong> S172600002 HGR MY16-17<\/li>\n<li data-start=\"754\" data-end=\"784\"><strong>Stan:<\/strong> nowy, oryginalny<\/li>\n<li data-start=\"785\" data-end=\"826\"><strong>W zestawie:<\/strong> hak \/ \u015brubki<\/li>\n<\/ul>\n<p data-start=\"828\" data-end=\"889\"><strong data-start=\"828\" data-end=\"887\">Kompatybilno\u015b\u0107 z rowerami Specialized (wybrane modele):<\/strong><\/p>\n<div id=\"ModularLongDescription\" class=\"col-1 longDesc\">\n<div id=\"longDescription\" class=\"col-1 removeStyles\">\n<ul>\n<li>2016 VENGE PRO VIAS<\/li>\n<li>2016 VENGE PRO VIAS UDI2 &#8211; WF<\/li>\n<li>2016 VENGE PRO VIAS USA<\/li>\n<li>2016 VENGE SW VIAS DI2<\/li>\n<li>2016 VENGE SW VIAS DI2 &#8211; WF<\/li>\n<li>2016 VENGE SW VIAS DI2 USA<\/li>\n<li>2016 VENGE SW VIAS MODULE<\/li>\n<\/ul>\n<\/div>\n<\/div>\n","protected":false},"excerpt":{"rendered":"<p>Specialized S172600002 HGR MY16-17 Venge Vias Derailleur Hanger Rim Brake R4 Najwa\u017cniejsze informacje: Model:\u00a0 S172600002 HGR MY16-17 Stan: nowy, oryginalny W zestawie: hak \/ \u015brubki Kompatybilno\u015b\u0107 z rowerami Specialized (wybrane modele): 2016 VENGE PRO VIAS 2016 VENGE PRO VIAS UDI2 &#8211; WF 2016 VENGE PRO VIAS USA 2016 VENGE SW VIAS DI2 2016 VENGE SW&hellip;<\/p>\n","protected":false},"featured_media":7948,"comment_status":"open","ping_status":"closed","template":"","meta":[],"product_brand":[],"product_cat":[27,174],"product_tag":[252],"class_list":{"0":"post-7947","1":"product","2":"type-product","3":"status-publish","4":"has-post-thumbnail","6":"product_cat-czesci-nowe","7":"product_cat-przerzutki","8":"product_tag-specialized","9":"product_shipping_class-mala-paczka","11":"first","12":"instock","13":"shipping-taxable","14":"purchasable","15":"product-type-simple"},"_links":{"self":[{"href":"https:\/\/bicycool.pl\/index.php?rest_route=\/wp\/v2\/product\/7947","targetHints":{"allow":["GET"]}}],"collection":[{"href":"https:\/\/bicycool.pl\/index.php?rest_route=\/wp\/v2\/product"}],"about":[{"href":"https:\/\/bicycool.pl\/index.php?rest_route=\/wp\/v2\/types\/product"}],"replies":[{"embeddable":true,"href":"https:\/\/bicycool.pl\/index.php?rest_route=%2Fwp%2Fv2%2Fcomments&post=7947"}],"wp:featuredmedia":[{"embeddable":true,"href":"https:\/\/bicycool.pl\/index.php?rest_route=\/wp\/v2\/media\/7948"}],"wp:attachment":[{"href":"https:\/\/bicycool.pl\/index.php?rest_route=%2Fwp%2Fv2%2Fmedia&parent=7947"}],"wp:term":[{"taxonomy":"product_brand","embeddable":true,"href":"https:\/\/bicycool.pl\/index.php?rest_route=%2Fwp%2Fv2%2Fproduct_brand&post=7947"},{"taxonomy":"product_cat","embeddable":true,"href":"https:\/\/bicycool.pl\/index.php?rest_route=%2Fwp%2Fv2%2Fproduct_cat&post=7947"},{"taxonomy":"product_tag","embeddable":true,"href":"https:\/\/bicycool.pl\/index.php?rest_route=%2Fwp%2Fv2%2Fproduct_tag&post=7947"}],"curies":[{"name":"wp","href":"https:\/\/api.w.org\/{rel}","templated":true}]}}