{"id":7952,"date":"2025-12-12T15:51:58","date_gmt":"2025-12-12T14:51:58","guid":{"rendered":"https:\/\/bicycool.pl\/?post_type=product&#038;p=7952"},"modified":"2025-12-12T16:14:16","modified_gmt":"2025-12-12T15:14:16","slug":"expander-do-karbonowych-rur-sterowych-specialized-1-1-8","status":"publish","type":"product","link":"https:\/\/bicycool.pl\/?product=expander-do-karbonowych-rur-sterowych-specialized-1-1-8","title":{"rendered":"Expander do karbonowych rur sterowych \u2013 Specialized 1 1\/8&#8243;"},"content":{"rendered":"<h2 data-start=\"55\" data-end=\"119\"><strong>Expander do karbonowych rur sterowych \u2013 Specialized 1 1\/8&#8243;<\/strong><\/h2>\n<p>Specjalistyczny expander przeznaczony do monta\u017cu w <strong data-start=\"172\" data-end=\"204\">karbonowych rurach sterowych<\/strong> widelc\u00f3w szosowych i MTB. Zapewnia bezpieczne, r\u00f3wnomierne i delikatne rozparcie wewn\u0105trz rury, eliminuj\u0105c ryzyko uszkodze\u0144, kt\u00f3re mog\u0142yby wyst\u0105pi\u0107 przy u\u017cyciu standardowych, metalowych gwiazdek.<\/p>\n<p>Expander Specialized zosta\u0142 zaprojektowany z my\u015bl\u0105 o nowoczesnych widelcach z w\u0142\u00f3kna w\u0119glowego, gwarantuj\u0105c optymalny docisk zestawu ster\u00f3w oraz odpowiedni\u0105 ochron\u0119 struktury karbonu.<\/p>\n<p><strong data-start=\"599\" data-end=\"620\">Funkcje i zalety:<\/strong><\/p>\n<ul data-start=\"621\" data-end=\"965\">\n<li data-start=\"621\" data-end=\"670\">Przeznaczony do <strong data-start=\"639\" data-end=\"668\">karbonowych rur sterowych<\/strong><\/li>\n<li data-start=\"671\" data-end=\"716\">Odpowiedni do rower\u00f3w <strong data-start=\"695\" data-end=\"714\">szosowych i MTB<\/strong><\/li>\n<li data-start=\"717\" data-end=\"793\">Bezpieczna instalacja bez ryzyka zgniatania lub p\u0119kania w\u0142\u00f3kna w\u0119glowego<\/li>\n<li data-start=\"794\" data-end=\"844\">Kompatybilny z widelcami o \u015brednicy <strong data-start=\"832\" data-end=\"842\">1 1\/8&#8243;<\/strong><\/li>\n<li data-start=\"845\" data-end=\"896\"><strong>\u015arednica monta\u017cu<\/strong>: 23,2mm<\/li>\n<li data-start=\"845\" data-end=\"896\"><strong>Stan:<\/strong> Nowy<\/li>\n<\/ul>\n<hr data-start=\"1110\" data-end=\"1113\" \/>\n","protected":false},"excerpt":{"rendered":"<p>Expander do karbonowych rur sterowych \u2013 Specialized 1 1\/8&#8243; Specjalistyczny expander przeznaczony do monta\u017cu w karbonowych rurach sterowych widelc\u00f3w szosowych i MTB. Zapewnia bezpieczne, r\u00f3wnomierne i delikatne rozparcie wewn\u0105trz rury, eliminuj\u0105c ryzyko uszkodze\u0144, kt\u00f3re mog\u0142yby wyst\u0105pi\u0107 przy u\u017cyciu standardowych, metalowych gwiazdek. Expander Specialized zosta\u0142 zaprojektowany z my\u015bl\u0105 o nowoczesnych widelcach z w\u0142\u00f3kna w\u0119glowego, gwarantuj\u0105c optymalny&hellip;<\/p>\n","protected":false},"featured_media":7954,"comment_status":"open","ping_status":"closed","template":"","meta":[],"product_brand":[],"product_cat":[27,161],"product_tag":[252],"class_list":{"0":"post-7952","1":"product","2":"type-product","3":"status-publish","4":"has-post-thumbnail","6":"product_cat-czesci-nowe","7":"product_cat-stery-kierownicy-i-czesci","8":"product_tag-specialized","9":"product_shipping_class-mala-paczka","11":"first","12":"instock","13":"shipping-taxable","14":"purchasable","15":"product-type-simple"},"_links":{"self":[{"href":"https:\/\/bicycool.pl\/index.php?rest_route=\/wp\/v2\/product\/7952","targetHints":{"allow":["GET"]}}],"collection":[{"href":"https:\/\/bicycool.pl\/index.php?rest_route=\/wp\/v2\/product"}],"about":[{"href":"https:\/\/bicycool.pl\/index.php?rest_route=\/wp\/v2\/types\/product"}],"replies":[{"embeddable":true,"href":"https:\/\/bicycool.pl\/index.php?rest_route=%2Fwp%2Fv2%2Fcomments&post=7952"}],"wp:featuredmedia":[{"embeddable":true,"href":"https:\/\/bicycool.pl\/index.php?rest_route=\/wp\/v2\/media\/7954"}],"wp:attachment":[{"href":"https:\/\/bicycool.pl\/index.php?rest_route=%2Fwp%2Fv2%2Fmedia&parent=7952"}],"wp:term":[{"taxonomy":"product_brand","embeddable":true,"href":"https:\/\/bicycool.pl\/index.php?rest_route=%2Fwp%2Fv2%2Fproduct_brand&post=7952"},{"taxonomy":"product_cat","embeddable":true,"href":"https:\/\/bicycool.pl\/index.php?rest_route=%2Fwp%2Fv2%2Fproduct_cat&post=7952"},{"taxonomy":"product_tag","embeddable":true,"href":"https:\/\/bicycool.pl\/index.php?rest_route=%2Fwp%2Fv2%2Fproduct_tag&post=7952"}],"curies":[{"name":"wp","href":"https:\/\/api.w.org\/{rel}","templated":true}]}}