{"id":796,"date":"2023-11-28T17:32:13","date_gmt":"2023-11-28T16:32:13","guid":{"rendered":"https:\/\/bicycool.pl\/?post_type=product&#038;p=796"},"modified":"2023-11-28T17:35:53","modified_gmt":"2023-11-28T16:35:53","slug":"kierownica-szosowa-baranek-charge-racer-bars-42cm-254mm","status":"publish","type":"product","link":"https:\/\/bicycool.pl\/?product=kierownica-szosowa-baranek-charge-racer-bars-42cm-254mm","title":{"rendered":"Kierownica szosowa baranek CHARGE RACER BARS 42cm 25,4mm"},"content":{"rendered":"<h3 class=\"Product_product-title__BALAQ\">Kierownica CHARGE RACER BARS<\/h3>\n<ul>\n<li><strong>Szeroko\u015b\u0107<\/strong> &#8211; 42cm<\/li>\n<li><strong>Monta\u017c<\/strong> &#8211; 25,4mm<\/li>\n<li><strong>Materia\u0142<\/strong> &#8211; Aluminium<\/li>\n<\/ul>\n","protected":false},"excerpt":{"rendered":"<p>Kierownica CHARGE RACER BARS Szeroko\u015b\u0107 &#8211; 42cm Monta\u017c &#8211; 25,4mm Materia\u0142 &#8211; Aluminium<\/p>\n","protected":false},"featured_media":798,"comment_status":"open","ping_status":"closed","template":"","meta":[],"product_brand":[],"product_cat":[27,170,85],"product_tag":[],"class_list":{"0":"post-796","1":"product","2":"type-product","3":"status-publish","4":"has-post-thumbnail","6":"product_cat-czesci-nowe","7":"product_cat-kierownice","8":"product_cat-outlet","9":"product_shipping_class-mala-paczka","11":"first","12":"instock","13":"shipping-taxable","14":"purchasable","15":"product-type-simple"},"_links":{"self":[{"href":"https:\/\/bicycool.pl\/index.php?rest_route=\/wp\/v2\/product\/796","targetHints":{"allow":["GET"]}}],"collection":[{"href":"https:\/\/bicycool.pl\/index.php?rest_route=\/wp\/v2\/product"}],"about":[{"href":"https:\/\/bicycool.pl\/index.php?rest_route=\/wp\/v2\/types\/product"}],"replies":[{"embeddable":true,"href":"https:\/\/bicycool.pl\/index.php?rest_route=%2Fwp%2Fv2%2Fcomments&post=796"}],"wp:featuredmedia":[{"embeddable":true,"href":"https:\/\/bicycool.pl\/index.php?rest_route=\/wp\/v2\/media\/798"}],"wp:attachment":[{"href":"https:\/\/bicycool.pl\/index.php?rest_route=%2Fwp%2Fv2%2Fmedia&parent=796"}],"wp:term":[{"taxonomy":"product_brand","embeddable":true,"href":"https:\/\/bicycool.pl\/index.php?rest_route=%2Fwp%2Fv2%2Fproduct_brand&post=796"},{"taxonomy":"product_cat","embeddable":true,"href":"https:\/\/bicycool.pl\/index.php?rest_route=%2Fwp%2Fv2%2Fproduct_cat&post=796"},{"taxonomy":"product_tag","embeddable":true,"href":"https:\/\/bicycool.pl\/index.php?rest_route=%2Fwp%2Fv2%2Fproduct_tag&post=796"}],"curies":[{"name":"wp","href":"https:\/\/api.w.org\/{rel}","templated":true}]}}