{"id":7961,"date":"2025-12-12T16:09:11","date_gmt":"2025-12-12T15:09:11","guid":{"rendered":"https:\/\/bicycool.pl\/?post_type=product&#038;p=7961"},"modified":"2025-12-12T16:13:19","modified_gmt":"2025-12-12T15:13:19","slug":"expander-do-karbonowych-rur-sterowych-1-1-8","status":"publish","type":"product","link":"https:\/\/bicycool.pl\/?product=expander-do-karbonowych-rur-sterowych-1-1-8","title":{"rendered":"Expander do karbonowych rur sterowych 1 1\/8&#8243;"},"content":{"rendered":"<h2 data-start=\"55\" data-end=\"119\"><strong>Expander do karbonowych rur sterowych 1 1\/8&#8243;<\/strong><\/h2>\n<p>Ten wysokiej jako\u015bci expander zosta\u0142 opracowany specjalnie do stosowania w <strong data-start=\"271\" data-end=\"303\">karbonowych rurach sterowych<\/strong>, gdzie tradycyjne gwiazdki s\u0105 niewskazane. Konstrukcja zapewnia stabilne, pewne zakotwiczenie w rurze sterowej, jednocze\u015bnie chroni\u0105c delikatn\u0105 struktur\u0119 w\u0142\u00f3kna w\u0119glowego przed uszkodzeniami mechanicznymi.<\/p>\n<p><strong data-start=\"774\" data-end=\"793\">Cechy i zalety:<\/strong><\/p>\n<ul data-start=\"794\" data-end=\"1090\">\n<li data-start=\"794\" data-end=\"843\">Przeznaczony do <strong data-start=\"812\" data-end=\"841\">karbonowych rur sterowych<\/strong><\/li>\n<li data-start=\"844\" data-end=\"894\">Odpowiedni do rower\u00f3w <strong data-start=\"868\" data-end=\"892\">szosowych i g\u00f3rskich<\/strong><\/li>\n<li data-start=\"895\" data-end=\"951\">Zapewnia pewne i r\u00f3wnomierne rozparcie wewn\u0105trz rury<\/li>\n<li data-start=\"952\" data-end=\"1001\">Chroni przed p\u0119kni\u0119ciami i deformacj\u0105 karbonu<\/li>\n<li data-start=\"1002\" data-end=\"1051\">Gwarantuje prawid\u0142owe napi\u0119cie zestawu ster\u00f3w<\/li>\n<li data-start=\"1052\" data-end=\"1090\">Kompatybilno\u015b\u0107: widelce <strong data-start=\"1078\" data-end=\"1088\">1 1\/8&#8243;<\/strong><\/li>\n<li data-start=\"1052\" data-end=\"1090\"><strong>\u015arednica:<\/strong> 22,2mm<\/li>\n<\/ul>\n<p>&nbsp;<\/p>\n<hr data-start=\"1110\" data-end=\"1113\" \/>\n","protected":false},"excerpt":{"rendered":"<p>Expander do karbonowych rur sterowych 1 1\/8&#8243; Ten wysokiej jako\u015bci expander zosta\u0142 opracowany specjalnie do stosowania w karbonowych rurach sterowych, gdzie tradycyjne gwiazdki s\u0105 niewskazane. Konstrukcja zapewnia stabilne, pewne zakotwiczenie w rurze sterowej, jednocze\u015bnie chroni\u0105c delikatn\u0105 struktur\u0119 w\u0142\u00f3kna w\u0119glowego przed uszkodzeniami mechanicznymi. Cechy i zalety: Przeznaczony do karbonowych rur sterowych Odpowiedni do rower\u00f3w szosowych i&hellip;<\/p>\n","protected":false},"featured_media":7962,"comment_status":"open","ping_status":"closed","template":"","meta":[],"product_brand":[],"product_cat":[27,161],"product_tag":[],"class_list":{"0":"post-7961","1":"product","2":"type-product","3":"status-publish","4":"has-post-thumbnail","6":"product_cat-czesci-nowe","7":"product_cat-stery-kierownicy-i-czesci","8":"product_shipping_class-mala-paczka","10":"first","11":"instock","12":"shipping-taxable","13":"purchasable","14":"product-type-simple"},"_links":{"self":[{"href":"https:\/\/bicycool.pl\/index.php?rest_route=\/wp\/v2\/product\/7961","targetHints":{"allow":["GET"]}}],"collection":[{"href":"https:\/\/bicycool.pl\/index.php?rest_route=\/wp\/v2\/product"}],"about":[{"href":"https:\/\/bicycool.pl\/index.php?rest_route=\/wp\/v2\/types\/product"}],"replies":[{"embeddable":true,"href":"https:\/\/bicycool.pl\/index.php?rest_route=%2Fwp%2Fv2%2Fcomments&post=7961"}],"wp:featuredmedia":[{"embeddable":true,"href":"https:\/\/bicycool.pl\/index.php?rest_route=\/wp\/v2\/media\/7962"}],"wp:attachment":[{"href":"https:\/\/bicycool.pl\/index.php?rest_route=%2Fwp%2Fv2%2Fmedia&parent=7961"}],"wp:term":[{"taxonomy":"product_brand","embeddable":true,"href":"https:\/\/bicycool.pl\/index.php?rest_route=%2Fwp%2Fv2%2Fproduct_brand&post=7961"},{"taxonomy":"product_cat","embeddable":true,"href":"https:\/\/bicycool.pl\/index.php?rest_route=%2Fwp%2Fv2%2Fproduct_cat&post=7961"},{"taxonomy":"product_tag","embeddable":true,"href":"https:\/\/bicycool.pl\/index.php?rest_route=%2Fwp%2Fv2%2Fproduct_tag&post=7961"}],"curies":[{"name":"wp","href":"https:\/\/api.w.org\/{rel}","templated":true}]}}