{"id":7973,"date":"2025-12-13T10:09:31","date_gmt":"2025-12-13T09:09:31","guid":{"rendered":"https:\/\/bicycool.pl\/?post_type=product&#038;p=7973"},"modified":"2025-12-13T10:22:00","modified_gmt":"2025-12-13T09:22:00","slug":"siodelko-selle-san-marco-atola","status":"publish","type":"product","link":"https:\/\/bicycool.pl\/?product=siodelko-selle-san-marco-atola","title":{"rendered":"Siode\u0142ko SELLE san marco ATOLA"},"content":{"rendered":"<h2>Siode\u0142ko SELLE san marco ATOLA<\/h2>\n<p>&nbsp;<\/p>\n<ul>\n<li><strong>Kolo: Niebieski \/ bia\u0142y<\/strong><\/li>\n<li><strong>Wymiary: <\/strong>szeroko\u015b\u0107 140mm,\u00a0 d\u0142ugo\u015b\u0107 250mm<\/li>\n<li><strong>Pr\u0119ty:<\/strong> karbon<\/li>\n<li><strong>Stan:<\/strong> u\u017cywane<\/li>\n<\/ul>\n<p>&nbsp;<\/p>\n<p>&nbsp;<\/p>\n","protected":false},"excerpt":{"rendered":"<p>Siode\u0142ko SELLE san marco ATOLA &nbsp; Kolo: Niebieski \/ bia\u0142y Wymiary: szeroko\u015b\u0107 140mm,\u00a0 d\u0142ugo\u015b\u0107 250mm Pr\u0119ty: karbon Stan: u\u017cywane &nbsp; &nbsp;<\/p>\n","protected":false},"featured_media":7974,"comment_status":"open","ping_status":"closed","template":"","meta":[],"product_brand":[],"product_cat":[28],"product_tag":[],"class_list":{"0":"post-7973","1":"product","2":"type-product","3":"status-publish","4":"has-post-thumbnail","6":"product_cat-czesci-i-akcesoria-uzywane","7":"product_shipping_class-mala-paczka","9":"first","10":"instock","11":"shipping-taxable","12":"purchasable","13":"product-type-simple"},"_links":{"self":[{"href":"https:\/\/bicycool.pl\/index.php?rest_route=\/wp\/v2\/product\/7973","targetHints":{"allow":["GET"]}}],"collection":[{"href":"https:\/\/bicycool.pl\/index.php?rest_route=\/wp\/v2\/product"}],"about":[{"href":"https:\/\/bicycool.pl\/index.php?rest_route=\/wp\/v2\/types\/product"}],"replies":[{"embeddable":true,"href":"https:\/\/bicycool.pl\/index.php?rest_route=%2Fwp%2Fv2%2Fcomments&post=7973"}],"wp:featuredmedia":[{"embeddable":true,"href":"https:\/\/bicycool.pl\/index.php?rest_route=\/wp\/v2\/media\/7974"}],"wp:attachment":[{"href":"https:\/\/bicycool.pl\/index.php?rest_route=%2Fwp%2Fv2%2Fmedia&parent=7973"}],"wp:term":[{"taxonomy":"product_brand","embeddable":true,"href":"https:\/\/bicycool.pl\/index.php?rest_route=%2Fwp%2Fv2%2Fproduct_brand&post=7973"},{"taxonomy":"product_cat","embeddable":true,"href":"https:\/\/bicycool.pl\/index.php?rest_route=%2Fwp%2Fv2%2Fproduct_cat&post=7973"},{"taxonomy":"product_tag","embeddable":true,"href":"https:\/\/bicycool.pl\/index.php?rest_route=%2Fwp%2Fv2%2Fproduct_tag&post=7973"}],"curies":[{"name":"wp","href":"https:\/\/api.w.org\/{rel}","templated":true}]}}