{"id":7981,"date":"2025-12-13T10:47:31","date_gmt":"2025-12-13T09:47:31","guid":{"rendered":"https:\/\/bicycool.pl\/?post_type=product&#038;p=7981"},"modified":"2025-12-13T10:59:16","modified_gmt":"2025-12-13T09:59:16","slug":"selle-royal-rok-xenium-royal-gel-noseless","status":"publish","type":"product","link":"https:\/\/bicycool.pl\/?product=selle-royal-rok-xenium-royal-gel-noseless","title":{"rendered":"Selle royal ROK Xenium Royal GEL noseless"},"content":{"rendered":"<h2>Selle royal ROK Xenium Royal GEL<\/h2>\n<p data-start=\"121\" data-end=\"439\">Je\u015bli szukasz <strong data-start=\"135\" data-end=\"203\">siode\u0142ka rowerowego, kt\u00f3re maksymalnie redukuje nacisk na krocze<\/strong>, model <strong><em data-start=\"211\" data-end=\"216\">Rok<\/em> \u00a0<\/strong>jest idealnym wyborem. Dzi\u0119ki unikalnej <strong data-start=\"257\" data-end=\"298\">bez-noskowej konstrukcji (\u201enoseless\u201d)<\/strong> siod\u0142o zapewnia wysoki komfort.<\/p>\n<p data-start=\"441\" data-end=\"709\">Siod\u0142o wyposa\u017cone jest w obszern\u0105 <strong data-start=\"475\" data-end=\"496\">wk\u0142adk\u0119 Royalgel\u2122<\/strong> oraz <strong data-start=\"502\" data-end=\"544\">potr\u00f3jny system spr\u0119\u017cyn amortyzuj\u0105cych<\/strong>, kt\u00f3re razem tworz\u0105 wyj\u0105tkowo komfortowe wsparcie i t\u0142umi\u0105 wstrz\u0105sy \u2013 idealne dla os\u00f3b z problemami z kroczem, prostat\u0105 lub po prostu szukaj\u0105cych maksymalnej wygody.<\/p>\n<p data-start=\"711\" data-end=\"730\"><strong data-start=\"711\" data-end=\"730\">Cechy produktu:<\/strong><\/p>\n<ul data-start=\"731\" data-end=\"1021\">\n<li data-start=\"731\" data-end=\"811\">\n<p data-start=\"733\" data-end=\"811\">Unikalna <strong data-start=\"742\" data-end=\"769\">bez-noskowa konstrukcja<\/strong> \u2013 minimalizuje nacisk w obszarze krocza<\/p>\n<\/li>\n<li data-start=\"812\" data-end=\"890\">\n<p data-start=\"814\" data-end=\"890\"><strong data-start=\"814\" data-end=\"827\">Royalgel\u2122<\/strong> \u2013 mi\u0119kka, komfortowa wk\u0142adka o doskona\u0142ym poch\u0142anianiu drga\u0144<\/p>\n<\/li>\n<li data-start=\"891\" data-end=\"962\">\n<p data-start=\"893\" data-end=\"962\"><strong data-start=\"893\" data-end=\"928\">Potr\u00f3jna amortyzacja spr\u0119\u017cynowa<\/strong> \u2013 wygodna, t\u0142umi\u0105ca nier\u00f3wno\u015bci<\/p>\n<\/li>\n<li data-start=\"963\" data-end=\"1021\">\n<p data-start=\"965\" data-end=\"1021\">Komfort na d\u0142ugich trasach oraz w codziennym u\u017cytkowaniu<\/p>\n<\/li>\n<li data-start=\"963\" data-end=\"1021\"><strong>STAN:<\/strong> U\u017cywane<\/li>\n<\/ul>\n<p>&nbsp;<\/p>\n","protected":false},"excerpt":{"rendered":"<p>Selle royal ROK Xenium Royal GEL Je\u015bli szukasz siode\u0142ka rowerowego, kt\u00f3re maksymalnie redukuje nacisk na krocze, model Rok \u00a0jest idealnym wyborem. Dzi\u0119ki unikalnej bez-noskowej konstrukcji (\u201enoseless\u201d) siod\u0142o zapewnia wysoki komfort. Siod\u0142o wyposa\u017cone jest w obszern\u0105 wk\u0142adk\u0119 Royalgel\u2122 oraz potr\u00f3jny system spr\u0119\u017cyn amortyzuj\u0105cych, kt\u00f3re razem tworz\u0105 wyj\u0105tkowo komfortowe wsparcie i t\u0142umi\u0105 wstrz\u0105sy \u2013 idealne dla os\u00f3b&hellip;<\/p>\n","protected":false},"featured_media":7982,"comment_status":"open","ping_status":"closed","template":"","meta":[],"product_brand":[],"product_cat":[28],"product_tag":[],"class_list":{"0":"post-7981","1":"product","2":"type-product","3":"status-publish","4":"has-post-thumbnail","6":"product_cat-czesci-i-akcesoria-uzywane","7":"product_shipping_class-mala-paczka","9":"first","10":"instock","11":"shipping-taxable","12":"purchasable","13":"product-type-simple"},"_links":{"self":[{"href":"https:\/\/bicycool.pl\/index.php?rest_route=\/wp\/v2\/product\/7981","targetHints":{"allow":["GET"]}}],"collection":[{"href":"https:\/\/bicycool.pl\/index.php?rest_route=\/wp\/v2\/product"}],"about":[{"href":"https:\/\/bicycool.pl\/index.php?rest_route=\/wp\/v2\/types\/product"}],"replies":[{"embeddable":true,"href":"https:\/\/bicycool.pl\/index.php?rest_route=%2Fwp%2Fv2%2Fcomments&post=7981"}],"wp:featuredmedia":[{"embeddable":true,"href":"https:\/\/bicycool.pl\/index.php?rest_route=\/wp\/v2\/media\/7982"}],"wp:attachment":[{"href":"https:\/\/bicycool.pl\/index.php?rest_route=%2Fwp%2Fv2%2Fmedia&parent=7981"}],"wp:term":[{"taxonomy":"product_brand","embeddable":true,"href":"https:\/\/bicycool.pl\/index.php?rest_route=%2Fwp%2Fv2%2Fproduct_brand&post=7981"},{"taxonomy":"product_cat","embeddable":true,"href":"https:\/\/bicycool.pl\/index.php?rest_route=%2Fwp%2Fv2%2Fproduct_cat&post=7981"},{"taxonomy":"product_tag","embeddable":true,"href":"https:\/\/bicycool.pl\/index.php?rest_route=%2Fwp%2Fv2%2Fproduct_tag&post=7981"}],"curies":[{"name":"wp","href":"https:\/\/api.w.org\/{rel}","templated":true}]}}