{"id":8002,"date":"2025-12-13T11:40:23","date_gmt":"2025-12-13T10:40:23","guid":{"rendered":"https:\/\/bicycool.pl\/?post_type=product&#038;p=8002"},"modified":"2025-12-13T11:43:44","modified_gmt":"2025-12-13T10:43:44","slug":"siodelko-cex-concept","status":"publish","type":"product","link":"https:\/\/bicycool.pl\/?product=siodelko-cex-concept","title":{"rendered":"Siode\u0142ko CEX Concept"},"content":{"rendered":"<h3>Siode\u0142ko CEX Concept<\/h3>\n<p>&nbsp;<\/p>\n<ul>\n<li><strong>Przeznaczenie<\/strong> Szosa \/ MTB<\/li>\n<li><strong>Pr\u0119ty: <\/strong>Stalowe<\/li>\n<li><strong>Kolor: <\/strong>Czarny (niebieskie wstawki)<\/li>\n<li><strong>Wymiary <\/strong>szeroko\u015b\u0107 150mm,\u00a0 d\u0142ugo\u015b\u0107 240mm<\/li>\n<\/ul>\n","protected":false},"excerpt":{"rendered":"<p>Siode\u0142ko CEX Concept &nbsp; Przeznaczenie Szosa \/ MTB Pr\u0119ty: Stalowe Kolor: Czarny (niebieskie wstawki) Wymiary szeroko\u015b\u0107 150mm,\u00a0 d\u0142ugo\u015b\u0107 240mm<\/p>\n","protected":false},"featured_media":8003,"comment_status":"open","ping_status":"closed","template":"","meta":[],"product_brand":[],"product_cat":[27,113],"product_tag":[],"class_list":{"0":"post-8002","1":"product","2":"type-product","3":"status-publish","4":"has-post-thumbnail","6":"product_cat-czesci-nowe","7":"product_cat-siodelka","8":"product_shipping_class-mala-paczka","10":"first","11":"instock","12":"shipping-taxable","13":"purchasable","14":"product-type-simple"},"_links":{"self":[{"href":"https:\/\/bicycool.pl\/index.php?rest_route=\/wp\/v2\/product\/8002","targetHints":{"allow":["GET"]}}],"collection":[{"href":"https:\/\/bicycool.pl\/index.php?rest_route=\/wp\/v2\/product"}],"about":[{"href":"https:\/\/bicycool.pl\/index.php?rest_route=\/wp\/v2\/types\/product"}],"replies":[{"embeddable":true,"href":"https:\/\/bicycool.pl\/index.php?rest_route=%2Fwp%2Fv2%2Fcomments&post=8002"}],"wp:featuredmedia":[{"embeddable":true,"href":"https:\/\/bicycool.pl\/index.php?rest_route=\/wp\/v2\/media\/8003"}],"wp:attachment":[{"href":"https:\/\/bicycool.pl\/index.php?rest_route=%2Fwp%2Fv2%2Fmedia&parent=8002"}],"wp:term":[{"taxonomy":"product_brand","embeddable":true,"href":"https:\/\/bicycool.pl\/index.php?rest_route=%2Fwp%2Fv2%2Fproduct_brand&post=8002"},{"taxonomy":"product_cat","embeddable":true,"href":"https:\/\/bicycool.pl\/index.php?rest_route=%2Fwp%2Fv2%2Fproduct_cat&post=8002"},{"taxonomy":"product_tag","embeddable":true,"href":"https:\/\/bicycool.pl\/index.php?rest_route=%2Fwp%2Fv2%2Fproduct_tag&post=8002"}],"curies":[{"name":"wp","href":"https:\/\/api.w.org\/{rel}","templated":true}]}}