{"id":8007,"date":"2025-12-15T12:42:34","date_gmt":"2025-12-15T11:42:34","guid":{"rendered":"https:\/\/bicycool.pl\/?post_type=product&#038;p=8007"},"modified":"2025-12-15T13:13:27","modified_gmt":"2025-12-15T12:13:27","slug":"grupa-shimano-105-5800-klamkomanetki-przerzutka-przednia-tylna","status":"publish","type":"product","link":"https:\/\/bicycool.pl\/?product=grupa-shimano-105-5800-klamkomanetki-przerzutka-przednia-tylna","title":{"rendered":"Grupa Shimano 105 5800 Klamkomanetki Przerzutka przednia tylna"},"content":{"rendered":"<h2>Klamkomanetki: ST-5800<\/h2>\n<h2>Przerzutka ty\u0142: RD-5800<\/h2>\n<h2>Przerzutka prz\u00f3d: FD-5800<\/h2>\n<p><strong>Stan:<\/strong> U\u017cywane \/ Posiada zarysowania<\/p>\n<p>&nbsp;<\/p>\n","protected":false},"excerpt":{"rendered":"<p>Klamkomanetki: ST-5800 Przerzutka ty\u0142: RD-5800 Przerzutka prz\u00f3d: FD-5800 Stan: U\u017cywane \/ Posiada zarysowania &nbsp;<\/p>\n","protected":false},"featured_media":8009,"comment_status":"open","ping_status":"closed","template":"","meta":[],"product_brand":[],"product_cat":[28],"product_tag":[],"class_list":{"0":"post-8007","1":"product","2":"type-product","3":"status-publish","4":"has-post-thumbnail","6":"product_cat-czesci-i-akcesoria-uzywane","7":"product_shipping_class-mala-paczka","9":"first","10":"instock","11":"shipping-taxable","12":"purchasable","13":"product-type-simple"},"_links":{"self":[{"href":"https:\/\/bicycool.pl\/index.php?rest_route=\/wp\/v2\/product\/8007","targetHints":{"allow":["GET"]}}],"collection":[{"href":"https:\/\/bicycool.pl\/index.php?rest_route=\/wp\/v2\/product"}],"about":[{"href":"https:\/\/bicycool.pl\/index.php?rest_route=\/wp\/v2\/types\/product"}],"replies":[{"embeddable":true,"href":"https:\/\/bicycool.pl\/index.php?rest_route=%2Fwp%2Fv2%2Fcomments&post=8007"}],"wp:featuredmedia":[{"embeddable":true,"href":"https:\/\/bicycool.pl\/index.php?rest_route=\/wp\/v2\/media\/8009"}],"wp:attachment":[{"href":"https:\/\/bicycool.pl\/index.php?rest_route=%2Fwp%2Fv2%2Fmedia&parent=8007"}],"wp:term":[{"taxonomy":"product_brand","embeddable":true,"href":"https:\/\/bicycool.pl\/index.php?rest_route=%2Fwp%2Fv2%2Fproduct_brand&post=8007"},{"taxonomy":"product_cat","embeddable":true,"href":"https:\/\/bicycool.pl\/index.php?rest_route=%2Fwp%2Fv2%2Fproduct_cat&post=8007"},{"taxonomy":"product_tag","embeddable":true,"href":"https:\/\/bicycool.pl\/index.php?rest_route=%2Fwp%2Fv2%2Fproduct_tag&post=8007"}],"curies":[{"name":"wp","href":"https:\/\/api.w.org\/{rel}","templated":true}]}}