{"id":801,"date":"2023-11-28T17:37:12","date_gmt":"2023-11-28T16:37:12","guid":{"rendered":"https:\/\/bicycool.pl\/?post_type=product&#038;p=801"},"modified":"2023-11-28T17:39:22","modified_gmt":"2023-11-28T16:39:22","slug":"kierownica-szosowa-baranek-pro-lt-compact-42cm-318mm","status":"publish","type":"product","link":"https:\/\/bicycool.pl\/?product=kierownica-szosowa-baranek-pro-lt-compact-42cm-318mm","title":{"rendered":"Kierownica szosowa baranek PRO LT Compact 42cm 31,8mm"},"content":{"rendered":"<h3 class=\"Product_product-title__BALAQ\">Kierownica szosowa PRO LT<\/h3>\n<ul>\n<li><strong>Compact<\/strong><\/li>\n<li><strong>Szeroko\u015b\u0107<\/strong> &#8211; 42cm<\/li>\n<li><strong>Monta\u017c<\/strong> &#8211; 31,8mm<\/li>\n<li><strong>Materia\u0142<\/strong> &#8211; Aluminium<\/li>\n<\/ul>\n","protected":false},"excerpt":{"rendered":"<p>Kierownica szosowa PRO LT Compact Szeroko\u015b\u0107 &#8211; 42cm Monta\u017c &#8211; 31,8mm Materia\u0142 &#8211; Aluminium<\/p>\n","protected":false},"featured_media":0,"comment_status":"open","ping_status":"closed","template":"","meta":[],"product_brand":[],"product_cat":[27,170],"product_tag":[],"class_list":{"0":"post-801","1":"product","2":"type-product","3":"status-publish","5":"product_cat-czesci-nowe","6":"product_cat-kierownice","7":"product_shipping_class-mala-paczka","9":"first","10":"instock","11":"shipping-taxable","12":"purchasable","13":"product-type-simple"},"_links":{"self":[{"href":"https:\/\/bicycool.pl\/index.php?rest_route=\/wp\/v2\/product\/801","targetHints":{"allow":["GET"]}}],"collection":[{"href":"https:\/\/bicycool.pl\/index.php?rest_route=\/wp\/v2\/product"}],"about":[{"href":"https:\/\/bicycool.pl\/index.php?rest_route=\/wp\/v2\/types\/product"}],"replies":[{"embeddable":true,"href":"https:\/\/bicycool.pl\/index.php?rest_route=%2Fwp%2Fv2%2Fcomments&post=801"}],"wp:attachment":[{"href":"https:\/\/bicycool.pl\/index.php?rest_route=%2Fwp%2Fv2%2Fmedia&parent=801"}],"wp:term":[{"taxonomy":"product_brand","embeddable":true,"href":"https:\/\/bicycool.pl\/index.php?rest_route=%2Fwp%2Fv2%2Fproduct_brand&post=801"},{"taxonomy":"product_cat","embeddable":true,"href":"https:\/\/bicycool.pl\/index.php?rest_route=%2Fwp%2Fv2%2Fproduct_cat&post=801"},{"taxonomy":"product_tag","embeddable":true,"href":"https:\/\/bicycool.pl\/index.php?rest_route=%2Fwp%2Fv2%2Fproduct_tag&post=801"}],"curies":[{"name":"wp","href":"https:\/\/api.w.org\/{rel}","templated":true}]}}