{"id":8032,"date":"2025-12-16T12:24:17","date_gmt":"2025-12-16T11:24:17","guid":{"rendered":"https:\/\/bicycool.pl\/?post_type=product&#038;p=8032"},"modified":"2025-12-16T12:30:31","modified_gmt":"2025-12-16T11:30:31","slug":"kierownica-szosowa-baranek-cinelli-64-40-26mm-40cm-retro","status":"publish","type":"product","link":"https:\/\/bicycool.pl\/?product=kierownica-szosowa-baranek-cinelli-64-40-26mm-40cm-retro","title":{"rendered":"Kierownica szosowa baranek CINELLI 64-40 26mm 40cm RETRO"},"content":{"rendered":"<h3 class=\"Product_product-title__BALAQ\">Kierownica CINELLI 64-40<\/h3>\n<ul>\n<li><strong>Szeroko\u015b\u0107:<\/strong> 40cm<\/li>\n<li><strong>Monta\u017c:<\/strong> 26mm<\/li>\n<li><strong>Materia\u0142:<\/strong> \u00a0Aluminium<\/li>\n<li><strong>Stan:<\/strong> U\u017cywna<\/li>\n<\/ul>\n","protected":false},"excerpt":{"rendered":"<p>Kierownica CINELLI 64-40 Szeroko\u015b\u0107: 40cm Monta\u017c: 26mm Materia\u0142: \u00a0Aluminium Stan: U\u017cywna<\/p>\n","protected":false},"featured_media":8033,"comment_status":"open","ping_status":"closed","template":"","meta":[],"product_brand":[],"product_cat":[28],"product_tag":[],"class_list":{"0":"post-8032","1":"product","2":"type-product","3":"status-publish","4":"has-post-thumbnail","6":"product_cat-czesci-i-akcesoria-uzywane","7":"product_shipping_class-mala-paczka","9":"first","10":"instock","11":"shipping-taxable","12":"purchasable","13":"product-type-simple"},"_links":{"self":[{"href":"https:\/\/bicycool.pl\/index.php?rest_route=\/wp\/v2\/product\/8032","targetHints":{"allow":["GET"]}}],"collection":[{"href":"https:\/\/bicycool.pl\/index.php?rest_route=\/wp\/v2\/product"}],"about":[{"href":"https:\/\/bicycool.pl\/index.php?rest_route=\/wp\/v2\/types\/product"}],"replies":[{"embeddable":true,"href":"https:\/\/bicycool.pl\/index.php?rest_route=%2Fwp%2Fv2%2Fcomments&post=8032"}],"wp:featuredmedia":[{"embeddable":true,"href":"https:\/\/bicycool.pl\/index.php?rest_route=\/wp\/v2\/media\/8033"}],"wp:attachment":[{"href":"https:\/\/bicycool.pl\/index.php?rest_route=%2Fwp%2Fv2%2Fmedia&parent=8032"}],"wp:term":[{"taxonomy":"product_brand","embeddable":true,"href":"https:\/\/bicycool.pl\/index.php?rest_route=%2Fwp%2Fv2%2Fproduct_brand&post=8032"},{"taxonomy":"product_cat","embeddable":true,"href":"https:\/\/bicycool.pl\/index.php?rest_route=%2Fwp%2Fv2%2Fproduct_cat&post=8032"},{"taxonomy":"product_tag","embeddable":true,"href":"https:\/\/bicycool.pl\/index.php?rest_route=%2Fwp%2Fv2%2Fproduct_tag&post=8032"}],"curies":[{"name":"wp","href":"https:\/\/api.w.org\/{rel}","templated":true}]}}