{"id":8047,"date":"2025-12-16T13:11:55","date_gmt":"2025-12-16T12:11:55","guid":{"rendered":"https:\/\/bicycool.pl\/?post_type=product&#038;p=8047"},"modified":"2025-12-16T13:48:16","modified_gmt":"2025-12-16T12:48:16","slug":"zebatka-ethirteen-espec-e-bike-34t-bosch","status":"publish","type":"product","link":"https:\/\/bicycool.pl\/?product=zebatka-ethirteen-espec-e-bike-34t-bosch","title":{"rendered":"Z\u0119batka E*thirteen e*spec E-Bike 34T Bosch"},"content":{"rendered":"<h1 data-start=\"106\" data-end=\"164\">Z\u0119batka E*thirteen e*spec E-Bike 34T Bosch<\/h1>\n<h3 data-start=\"157\" data-end=\"234\"><\/h3>\n<p data-start=\"236\" data-end=\"539\">Z\u0119batka e<em data-start=\"245\" data-end=\"257\">thirteen e<\/em>spec Steel Direct Mount 34T to trwa\u0142e i niezawodne rozwi\u0105zanie stworzone z my\u015bl\u0105 o nowoczesnych rowerach elektrycznych o wysokich osi\u0105gach. Dzi\u0119ki bezpo\u015bredniemu mocowaniu do silnik\u00f3w Bosch CX czwartej generacji zapewnia idealne dopasowanie, sztywno\u015b\u0107 oraz optymaln\u0105 lini\u0119 \u0142a\u0144cucha.<\/p>\n<p data-start=\"541\" data-end=\"842\">Wykonana ze stali, oferuje bardzo dobr\u0105 odporno\u015b\u0107 na zu\u017cycie i d\u0142ug\u0105 \u017cywotno\u015b\u0107, co ma kluczowe znaczenie w e-bike\u2019ach generuj\u0105cych wysoki moment obrotowy. Zastosowany profil z\u0119b\u00f3w M3 narrow-wide skutecznie stabilizuje \u0142a\u0144cuch, jednocze\u015bnie pozwalaj\u0105c na redukcj\u0119 masy bez utraty bezpiecze\u0144stwa nap\u0119du.<\/p>\n<p data-start=\"844\" data-end=\"1001\">To \u015bwietny wyb\u00f3r dla u\u017cytkownik\u00f3w e-MTB, kt\u00f3rzy oczekuj\u0105 niezawodnej pracy, atrakcyjnej ceny oraz kompatybilno\u015bci z nowoczesnymi nap\u0119dami 11- i 12-rz\u0119dowymi.<\/p>\n<hr data-start=\"1003\" data-end=\"1006\" \/>\n<h3 data-start=\"1008\" data-end=\"1032\">Najwa\u017cniejsze cechy:<\/h3>\n<ul data-start=\"1034\" data-end=\"1425\">\n<li data-start=\"1034\" data-end=\"1095\">\n<p data-start=\"1036\" data-end=\"1095\">Z\u0119batka Direct Mount dedykowana do silnik\u00f3w Bosch CX Gen4<\/p>\n<\/li>\n<li data-start=\"1096\" data-end=\"1117\">\n<p data-start=\"1098\" data-end=\"1117\">Liczba z\u0119b\u00f3w: 34T<\/p>\n<\/li>\n<li data-start=\"1118\" data-end=\"1177\">\n<p data-start=\"1120\" data-end=\"1177\">Materia\u0142: stal \u2013 wysoka trwa\u0142o\u015b\u0107 i odporno\u015b\u0107 na zu\u017cycie<\/p>\n<\/li>\n<li data-start=\"1178\" data-end=\"1240\">\n<p data-start=\"1180\" data-end=\"1240\">Profil z\u0119b\u00f3w M3 narrow-wide dla pewnego trzymania \u0142a\u0144cucha<\/p>\n<\/li>\n<li data-start=\"1241\" data-end=\"1311\">\n<p data-start=\"1243\" data-end=\"1311\">Przeznaczona do rower\u00f3w elektrycznych o wysokim momencie obrotowym<\/p>\n<\/li>\n<li data-start=\"1312\" data-end=\"1358\">\n<p data-start=\"1314\" data-end=\"1358\">Kompatybilna z nap\u0119dami 11- i 12-biegowymi<\/p>\n<\/li>\n<li data-start=\"1359\" data-end=\"1407\">\n<p data-start=\"1361\" data-end=\"1407\">Obs\u0142uga linii \u0142a\u0144cucha Boost 52 mm lub 53 mm<\/p>\n<\/li>\n<li data-start=\"1408\" data-end=\"1425\">\n<p data-start=\"1410\" data-end=\"1425\">Kolor: czarny<\/p>\n<\/li>\n<li data-start=\"1408\" data-end=\"1425\"><strong>STAN:<\/strong> U\u017cywany<\/li>\n<\/ul>\n","protected":false},"excerpt":{"rendered":"<p>Z\u0119batka E*thirteen e*spec E-Bike 34T Bosch Z\u0119batka ethirteen espec Steel Direct Mount 34T to trwa\u0142e i niezawodne rozwi\u0105zanie stworzone z my\u015bl\u0105 o nowoczesnych rowerach elektrycznych o wysokich osi\u0105gach. Dzi\u0119ki bezpo\u015bredniemu mocowaniu do silnik\u00f3w Bosch CX czwartej generacji zapewnia idealne dopasowanie, sztywno\u015b\u0107 oraz optymaln\u0105 lini\u0119 \u0142a\u0144cucha. Wykonana ze stali, oferuje bardzo dobr\u0105 odporno\u015b\u0107 na zu\u017cycie i&hellip;<\/p>\n","protected":false},"featured_media":8048,"comment_status":"open","ping_status":"closed","template":"","meta":[],"product_brand":[],"product_cat":[28],"product_tag":[72],"class_list":{"0":"post-8047","1":"product","2":"type-product","3":"status-publish","4":"has-post-thumbnail","6":"product_cat-czesci-i-akcesoria-uzywane","7":"product_tag-shimano","8":"product_shipping_class-mala-paczka","10":"first","11":"instock","12":"shipping-taxable","13":"purchasable","14":"product-type-simple"},"_links":{"self":[{"href":"https:\/\/bicycool.pl\/index.php?rest_route=\/wp\/v2\/product\/8047","targetHints":{"allow":["GET"]}}],"collection":[{"href":"https:\/\/bicycool.pl\/index.php?rest_route=\/wp\/v2\/product"}],"about":[{"href":"https:\/\/bicycool.pl\/index.php?rest_route=\/wp\/v2\/types\/product"}],"replies":[{"embeddable":true,"href":"https:\/\/bicycool.pl\/index.php?rest_route=%2Fwp%2Fv2%2Fcomments&post=8047"}],"wp:featuredmedia":[{"embeddable":true,"href":"https:\/\/bicycool.pl\/index.php?rest_route=\/wp\/v2\/media\/8048"}],"wp:attachment":[{"href":"https:\/\/bicycool.pl\/index.php?rest_route=%2Fwp%2Fv2%2Fmedia&parent=8047"}],"wp:term":[{"taxonomy":"product_brand","embeddable":true,"href":"https:\/\/bicycool.pl\/index.php?rest_route=%2Fwp%2Fv2%2Fproduct_brand&post=8047"},{"taxonomy":"product_cat","embeddable":true,"href":"https:\/\/bicycool.pl\/index.php?rest_route=%2Fwp%2Fv2%2Fproduct_cat&post=8047"},{"taxonomy":"product_tag","embeddable":true,"href":"https:\/\/bicycool.pl\/index.php?rest_route=%2Fwp%2Fv2%2Fproduct_tag&post=8047"}],"curies":[{"name":"wp","href":"https:\/\/api.w.org\/{rel}","templated":true}]}}