{"id":8051,"date":"2025-12-16T13:51:26","date_gmt":"2025-12-16T12:51:26","guid":{"rendered":"https:\/\/bicycool.pl\/?post_type=product&#038;p=8051"},"modified":"2025-12-16T13:54:37","modified_gmt":"2025-12-16T12:54:37","slug":"zebatka-shimano-sg-x-34t-9-10-rzedowa","status":"publish","type":"product","link":"https:\/\/bicycool.pl\/?product=zebatka-shimano-sg-x-34t-9-10-rzedowa","title":{"rendered":"Z\u0119batka SHIMANO SG-X 34T 9\/10 rz\u0119dowa"},"content":{"rendered":"<h2 data-start=\"45\" data-end=\"107\">Z\u0119batka SHIMANO SG-X 34T 9\/10 rz\u0119dowa<\/h2>\n<p data-start=\"91\" data-end=\"311\">\n<h3 data-start=\"313\" data-end=\"333\"><strong data-start=\"317\" data-end=\"333\">Specyfikacja<\/strong><\/h3>\n<ul data-start=\"334\" data-end=\"459\">\n<li data-start=\"334\" data-end=\"359\">\n<p data-start=\"336\" data-end=\"359\">Liczba z\u0119b\u00f3w: <strong data-start=\"350\" data-end=\"357\">34T<\/strong><\/p>\n<\/li>\n<li data-start=\"360\" data-end=\"391\">\n<p data-start=\"362\" data-end=\"391\">Mocowanie: <strong data-start=\"373\" data-end=\"389\">BCD 5\u00d7110 mm<\/strong><\/p>\n<\/li>\n<li data-start=\"392\" data-end=\"431\">\n<p data-start=\"394\" data-end=\"431\">Nap\u0119d: 9 \/ 10 rz\u0119d\u00f3w<\/p>\n<\/li>\n<li data-start=\"432\" data-end=\"459\">\n<p data-start=\"434\" data-end=\"459\">Materia\u0142: <strong data-start=\"444\" data-end=\"457\">aluminium<\/strong><\/p>\n<\/li>\n<\/ul>\n","protected":false},"excerpt":{"rendered":"<p>Z\u0119batka SHIMANO SG-X 34T 9\/10 rz\u0119dowa Specyfikacja Liczba z\u0119b\u00f3w: 34T Mocowanie: BCD 5\u00d7110 mm Nap\u0119d: 9 \/ 10 rz\u0119d\u00f3w Materia\u0142: aluminium<\/p>\n","protected":false},"featured_media":8053,"comment_status":"open","ping_status":"closed","template":"","meta":[],"product_brand":[],"product_cat":[15,27,145],"product_tag":[],"class_list":{"0":"post-8051","1":"product","2":"type-product","3":"status-publish","4":"has-post-thumbnail","6":"product_cat-czesci","7":"product_cat-czesci-nowe","8":"product_cat-tarcze-mechanizmu-korbowego","9":"product_shipping_class-mala-paczka","11":"first","12":"instock","13":"shipping-taxable","14":"purchasable","15":"product-type-simple"},"_links":{"self":[{"href":"https:\/\/bicycool.pl\/index.php?rest_route=\/wp\/v2\/product\/8051","targetHints":{"allow":["GET"]}}],"collection":[{"href":"https:\/\/bicycool.pl\/index.php?rest_route=\/wp\/v2\/product"}],"about":[{"href":"https:\/\/bicycool.pl\/index.php?rest_route=\/wp\/v2\/types\/product"}],"replies":[{"embeddable":true,"href":"https:\/\/bicycool.pl\/index.php?rest_route=%2Fwp%2Fv2%2Fcomments&post=8051"}],"wp:featuredmedia":[{"embeddable":true,"href":"https:\/\/bicycool.pl\/index.php?rest_route=\/wp\/v2\/media\/8053"}],"wp:attachment":[{"href":"https:\/\/bicycool.pl\/index.php?rest_route=%2Fwp%2Fv2%2Fmedia&parent=8051"}],"wp:term":[{"taxonomy":"product_brand","embeddable":true,"href":"https:\/\/bicycool.pl\/index.php?rest_route=%2Fwp%2Fv2%2Fproduct_brand&post=8051"},{"taxonomy":"product_cat","embeddable":true,"href":"https:\/\/bicycool.pl\/index.php?rest_route=%2Fwp%2Fv2%2Fproduct_cat&post=8051"},{"taxonomy":"product_tag","embeddable":true,"href":"https:\/\/bicycool.pl\/index.php?rest_route=%2Fwp%2Fv2%2Fproduct_tag&post=8051"}],"curies":[{"name":"wp","href":"https:\/\/api.w.org\/{rel}","templated":true}]}}