{"id":8055,"date":"2025-12-16T13:56:22","date_gmt":"2025-12-16T12:56:22","guid":{"rendered":"https:\/\/bicycool.pl\/?post_type=product&#038;p=8055"},"modified":"2025-12-16T13:59:16","modified_gmt":"2025-12-16T12:59:16","slug":"zebatka-shimano-deore-xt-fc-m739-44t","status":"publish","type":"product","link":"https:\/\/bicycool.pl\/?product=zebatka-shimano-deore-xt-fc-m739-44t","title":{"rendered":"Z\u0119batka Shimano Deore XT FC-M739 44T"},"content":{"rendered":"<h1>Z\u0119batka Shimano Deore XT FC-M739 44T<\/h1>\n<p><strong>Kompatybilno\u015b\u0107<\/strong> -FC-M739<\/p>\n<p><strong>Liczba z\u0119b\u00f3w<\/strong> &#8211; 44<\/p>\n<p><strong>Stan<\/strong> &#8211; U\u017cywany \/ bdb<\/p>\n<p>&nbsp;<\/p>\n","protected":false},"excerpt":{"rendered":"<p>Z\u0119batka Shimano Deore XT FC-M739 44T Kompatybilno\u015b\u0107 -FC-M739 Liczba z\u0119b\u00f3w &#8211; 44 Stan &#8211; U\u017cywany \/ bdb &nbsp;<\/p>\n","protected":false},"featured_media":8056,"comment_status":"open","ping_status":"closed","template":"","meta":[],"product_brand":[],"product_cat":[28],"product_tag":[72],"class_list":{"0":"post-8055","1":"product","2":"type-product","3":"status-publish","4":"has-post-thumbnail","6":"product_cat-czesci-i-akcesoria-uzywane","7":"product_tag-shimano","8":"product_shipping_class-mala-paczka","10":"first","11":"instock","12":"shipping-taxable","13":"purchasable","14":"product-type-simple"},"_links":{"self":[{"href":"https:\/\/bicycool.pl\/index.php?rest_route=\/wp\/v2\/product\/8055","targetHints":{"allow":["GET"]}}],"collection":[{"href":"https:\/\/bicycool.pl\/index.php?rest_route=\/wp\/v2\/product"}],"about":[{"href":"https:\/\/bicycool.pl\/index.php?rest_route=\/wp\/v2\/types\/product"}],"replies":[{"embeddable":true,"href":"https:\/\/bicycool.pl\/index.php?rest_route=%2Fwp%2Fv2%2Fcomments&post=8055"}],"wp:featuredmedia":[{"embeddable":true,"href":"https:\/\/bicycool.pl\/index.php?rest_route=\/wp\/v2\/media\/8056"}],"wp:attachment":[{"href":"https:\/\/bicycool.pl\/index.php?rest_route=%2Fwp%2Fv2%2Fmedia&parent=8055"}],"wp:term":[{"taxonomy":"product_brand","embeddable":true,"href":"https:\/\/bicycool.pl\/index.php?rest_route=%2Fwp%2Fv2%2Fproduct_brand&post=8055"},{"taxonomy":"product_cat","embeddable":true,"href":"https:\/\/bicycool.pl\/index.php?rest_route=%2Fwp%2Fv2%2Fproduct_cat&post=8055"},{"taxonomy":"product_tag","embeddable":true,"href":"https:\/\/bicycool.pl\/index.php?rest_route=%2Fwp%2Fv2%2Fproduct_tag&post=8055"}],"curies":[{"name":"wp","href":"https:\/\/api.w.org\/{rel}","templated":true}]}}