{"id":8059,"date":"2025-12-16T15:30:21","date_gmt":"2025-12-16T14:30:21","guid":{"rendered":"https:\/\/bicycool.pl\/?post_type=product&#038;p=8059"},"modified":"2025-12-16T15:36:39","modified_gmt":"2025-12-16T14:36:39","slug":"mostek-itm-colnago-100mm-254x254mm-ahead-retro","status":"publish","type":"product","link":"https:\/\/bicycool.pl\/?product=mostek-itm-colnago-100mm-254x254mm-ahead-retro","title":{"rendered":"Mostek ITM COLNAGO 100mm 25,4&#215;25,4mm Ahead Retro"},"content":{"rendered":"<h3 class=\"Product_product-title__BALAQ\">Mostek ITM COLNAGO<\/h3>\n<ul>\n<li><strong>Przeznaczenie: <\/strong>szosa<\/li>\n<li><strong>Materia\u0142:<\/strong> Aluminium<\/li>\n<li><strong>Rozmiar:<\/strong>25,4mm Ahead<\/li>\n<li><strong>Monta\u017c kierownicy:<\/strong> 25,4mm<\/li>\n<li><strong>D\u0142ugo\u015b\u0107: <\/strong>100mm<\/li>\n<li><strong>Stan:<\/strong> U\u017cywany<\/li>\n<\/ul>\n","protected":false},"excerpt":{"rendered":"<p>Mostek ITM COLNAGO Przeznaczenie: szosa Materia\u0142: Aluminium Rozmiar:25,4mm Ahead Monta\u017c kierownicy: 25,4mm D\u0142ugo\u015b\u0107: 100mm Stan: U\u017cywany<\/p>\n","protected":false},"featured_media":8060,"comment_status":"open","ping_status":"closed","template":"","meta":[],"product_brand":[],"product_cat":[28,175],"product_tag":[245],"class_list":{"0":"post-8059","1":"product","2":"type-product","3":"status-publish","4":"has-post-thumbnail","6":"product_cat-czesci-i-akcesoria-uzywane","7":"product_cat-mostki-wsporniki-kierownicy","8":"product_tag-colnago","9":"product_shipping_class-mala-paczka","11":"first","12":"instock","13":"shipping-taxable","14":"purchasable","15":"product-type-simple"},"_links":{"self":[{"href":"https:\/\/bicycool.pl\/index.php?rest_route=\/wp\/v2\/product\/8059","targetHints":{"allow":["GET"]}}],"collection":[{"href":"https:\/\/bicycool.pl\/index.php?rest_route=\/wp\/v2\/product"}],"about":[{"href":"https:\/\/bicycool.pl\/index.php?rest_route=\/wp\/v2\/types\/product"}],"replies":[{"embeddable":true,"href":"https:\/\/bicycool.pl\/index.php?rest_route=%2Fwp%2Fv2%2Fcomments&post=8059"}],"wp:featuredmedia":[{"embeddable":true,"href":"https:\/\/bicycool.pl\/index.php?rest_route=\/wp\/v2\/media\/8060"}],"wp:attachment":[{"href":"https:\/\/bicycool.pl\/index.php?rest_route=%2Fwp%2Fv2%2Fmedia&parent=8059"}],"wp:term":[{"taxonomy":"product_brand","embeddable":true,"href":"https:\/\/bicycool.pl\/index.php?rest_route=%2Fwp%2Fv2%2Fproduct_brand&post=8059"},{"taxonomy":"product_cat","embeddable":true,"href":"https:\/\/bicycool.pl\/index.php?rest_route=%2Fwp%2Fv2%2Fproduct_cat&post=8059"},{"taxonomy":"product_tag","embeddable":true,"href":"https:\/\/bicycool.pl\/index.php?rest_route=%2Fwp%2Fv2%2Fproduct_tag&post=8059"}],"curies":[{"name":"wp","href":"https:\/\/api.w.org\/{rel}","templated":true}]}}