{"id":8064,"date":"2025-12-16T15:38:59","date_gmt":"2025-12-16T14:38:59","guid":{"rendered":"https:\/\/bicycool.pl\/?post_type=product&#038;p=8064"},"modified":"2025-12-16T15:48:12","modified_gmt":"2025-12-16T14:48:12","slug":"linka-pancerz-hamulca-clarks-mountain-bike-teflon-retro-mtb","status":"publish","type":"product","link":"https:\/\/bicycool.pl\/?product=linka-pancerz-hamulca-clarks-mountain-bike-teflon-retro-mtb","title":{"rendered":"Linka pancerz Hamulca Clark&#8217;s Mountain Bike Teflon Retro MTB"},"content":{"rendered":"<h3 class=\"Product_product-title__BALAQ\">Linka pancerz Hamulca Clark&#8217;s Mountain Bike Teflon<\/h3>\n<ul>\n<li><strong>D\u0142ugo\u015b\u0107:<\/strong> 118mm<\/li>\n<li><strong>Stan:<\/strong> Nieu\u017cywany, powystawowy<\/li>\n<\/ul>\n<p>&nbsp;<\/p>\n","protected":false},"excerpt":{"rendered":"<p>Linka pancerz Hamulca Clark&#8217;s Mountain Bike Teflon D\u0142ugo\u015b\u0107: 118mm Stan: Nieu\u017cywany, powystawowy &nbsp;<\/p>\n","protected":false},"featured_media":8065,"comment_status":"open","ping_status":"closed","template":"","meta":[],"product_brand":[],"product_cat":[15,27,136,85],"product_tag":[],"class_list":{"0":"post-8064","1":"product","2":"type-product","3":"status-publish","4":"has-post-thumbnail","6":"product_cat-czesci","7":"product_cat-czesci-nowe","8":"product_cat-hamulce","9":"product_cat-outlet","10":"product_shipping_class-mala-paczka","12":"first","13":"instock","14":"shipping-taxable","15":"purchasable","16":"product-type-simple"},"_links":{"self":[{"href":"https:\/\/bicycool.pl\/index.php?rest_route=\/wp\/v2\/product\/8064","targetHints":{"allow":["GET"]}}],"collection":[{"href":"https:\/\/bicycool.pl\/index.php?rest_route=\/wp\/v2\/product"}],"about":[{"href":"https:\/\/bicycool.pl\/index.php?rest_route=\/wp\/v2\/types\/product"}],"replies":[{"embeddable":true,"href":"https:\/\/bicycool.pl\/index.php?rest_route=%2Fwp%2Fv2%2Fcomments&post=8064"}],"wp:featuredmedia":[{"embeddable":true,"href":"https:\/\/bicycool.pl\/index.php?rest_route=\/wp\/v2\/media\/8065"}],"wp:attachment":[{"href":"https:\/\/bicycool.pl\/index.php?rest_route=%2Fwp%2Fv2%2Fmedia&parent=8064"}],"wp:term":[{"taxonomy":"product_brand","embeddable":true,"href":"https:\/\/bicycool.pl\/index.php?rest_route=%2Fwp%2Fv2%2Fproduct_brand&post=8064"},{"taxonomy":"product_cat","embeddable":true,"href":"https:\/\/bicycool.pl\/index.php?rest_route=%2Fwp%2Fv2%2Fproduct_cat&post=8064"},{"taxonomy":"product_tag","embeddable":true,"href":"https:\/\/bicycool.pl\/index.php?rest_route=%2Fwp%2Fv2%2Fproduct_tag&post=8064"}],"curies":[{"name":"wp","href":"https:\/\/api.w.org\/{rel}","templated":true}]}}