{"id":8070,"date":"2025-12-16T16:04:22","date_gmt":"2025-12-16T15:04:22","guid":{"rendered":"https:\/\/bicycool.pl\/?post_type=product&#038;p=8070"},"modified":"2025-12-16T16:11:28","modified_gmt":"2025-12-16T15:11:28","slug":"odyssey-linear-slic-linka-i-pancerz-hamulcowy-bmx","status":"publish","type":"product","link":"https:\/\/bicycool.pl\/?product=odyssey-linear-slic-linka-i-pancerz-hamulcowy-bmx","title":{"rendered":"Odyssey Linear Slic \u2013 linka i pancerz hamulcowy BMX"},"content":{"rendered":"<h1 data-start=\"156\" data-end=\"207\">Odyssey Linear Slic \u2013 linka i pancerz hamulcowy<\/h1>\n<p data-start=\"209\" data-end=\"520\">Odyssey Linear Slic to wysokiej jako\u015bci zestaw linki i pancerza hamulcowego zaprojektowany z my\u015bl\u0105 o precyzyjnej i niezawodnej pracy, nawet przy du\u017cych skr\u0119tach kierownicy. Linka Slic Kable\u00ae o \u015brednicy 1,5 mm zosta\u0142a pokryta specjaln\u0105 os\u0142on\u0105 ograniczaj\u0105c\u0105 tarcie i zapobiegaj\u0105c\u0105 blokowaniu si\u0119 linki w pancerzu.<\/p>\n<p data-start=\"522\" data-end=\"812\">Zastosowany pancerz K-Shield\u2122 cechuje si\u0119 zwi\u0119kszon\u0105 wytrzyma\u0142o\u015bci\u0105 przy jednoczesnym obni\u017ceniu masy w por\u00f3wnaniu do klasycznych rozwi\u0105za\u0144. Ca\u0142o\u015b\u0107 uzupe\u0142niaj\u0105 charakterystyczne ko\u0144c\u00f3wki \u201eVolcano\u201d, stosowane przez Odyssey od wielu lat, kt\u00f3re chroni\u0105 pancerz przed rozwarstwianiem i p\u0119kaniem.<\/p>\n<p data-start=\"814\" data-end=\"936\">To idealny wyb\u00f3r do rower\u00f3w BMX i street, gdzie liczy si\u0119 p\u0142ynna praca hamulca, trwa\u0142o\u015b\u0107 oraz odporno\u015b\u0107 na trudne warunki.<\/p>\n<hr data-start=\"938\" data-end=\"941\" \/>\n<h3 data-start=\"943\" data-end=\"962\">Cechy produktu:<\/h3>\n<ul data-start=\"963\" data-end=\"1288\">\n<li data-start=\"963\" data-end=\"1014\">\n<p data-start=\"965\" data-end=\"1014\">Linka hamulcowa Slic Kable\u00ae o \u015brednicy <strong data-start=\"1004\" data-end=\"1014\">1,5 mm<\/strong><\/p>\n<\/li>\n<li data-start=\"1015\" data-end=\"1080\">\n<p data-start=\"1017\" data-end=\"1080\">Pancerz <strong data-start=\"1025\" data-end=\"1038\">K-Shield\u2122<\/strong> \u2013 lekki, a jednocze\u015bnie bardzo wytrzyma\u0142y<\/p>\n<\/li>\n<li data-start=\"1081\" data-end=\"1121\">\n<p data-start=\"1083\" data-end=\"1121\">Teflonowa pow\u0142oka zmniejszaj\u0105ca tarcie<\/p>\n<\/li>\n<li data-start=\"1122\" data-end=\"1158\">\n<p data-start=\"1124\" data-end=\"1158\">Odporno\u015b\u0107 na warunki atmosferyczne<\/p>\n<\/li>\n<li data-start=\"1159\" data-end=\"1216\">\n<p data-start=\"1161\" data-end=\"1216\">Stabilna i p\u0142ynna praca nawet przy skr\u0119conej kierownicy<\/p>\n<\/li>\n<li data-start=\"1217\" data-end=\"1288\">\n<p data-start=\"1219\" data-end=\"1288\">Wzmocnione ko\u0144c\u00f3wki <strong data-start=\"1239\" data-end=\"1252\">\u201eVolcano\u201d<\/strong> zapobiegaj\u0105ce uszkodzeniom pancerza<\/p>\n<\/li>\n<\/ul>\n<hr data-start=\"1290\" data-end=\"1293\" \/>\n<h3 data-start=\"1295\" data-end=\"1312\">Specyfikacja:<\/h3>\n<ul data-start=\"1313\" data-end=\"1419\">\n<li data-start=\"1313\" data-end=\"1343\">\n<p data-start=\"1315\" data-end=\"1343\"><strong>D\u0142ugo\u015b\u0107 pancerza:<\/strong> 165 mm<\/p>\n<\/li>\n<li data-start=\"1344\" data-end=\"1379\">\n<p data-start=\"1346\" data-end=\"1379\"><strong>Zastosowanie:<\/strong> hamulce mechaniczne<\/p>\n<\/li>\n<\/ul>\n<p><strong>STAN &#8211; Nowy \/ powystawowy\u00a0<\/strong><\/p>\n","protected":false},"excerpt":{"rendered":"<p>Odyssey Linear Slic \u2013 linka i pancerz hamulcowy Odyssey Linear Slic to wysokiej jako\u015bci zestaw linki i pancerza hamulcowego zaprojektowany z my\u015bl\u0105 o precyzyjnej i niezawodnej pracy, nawet przy du\u017cych skr\u0119tach kierownicy. Linka Slic Kable\u00ae o \u015brednicy 1,5 mm zosta\u0142a pokryta specjaln\u0105 os\u0142on\u0105 ograniczaj\u0105c\u0105 tarcie i zapobiegaj\u0105c\u0105 blokowaniu si\u0119 linki w pancerzu. Zastosowany pancerz K-Shield\u2122&hellip;<\/p>\n","protected":false},"featured_media":8071,"comment_status":"open","ping_status":"closed","template":"","meta":[],"product_brand":[],"product_cat":[15,27,136,85],"product_tag":[],"class_list":{"0":"post-8070","1":"product","2":"type-product","3":"status-publish","4":"has-post-thumbnail","6":"product_cat-czesci","7":"product_cat-czesci-nowe","8":"product_cat-hamulce","9":"product_cat-outlet","10":"product_shipping_class-mala-paczka","12":"first","13":"instock","14":"shipping-taxable","15":"purchasable","16":"product-type-simple"},"_links":{"self":[{"href":"https:\/\/bicycool.pl\/index.php?rest_route=\/wp\/v2\/product\/8070","targetHints":{"allow":["GET"]}}],"collection":[{"href":"https:\/\/bicycool.pl\/index.php?rest_route=\/wp\/v2\/product"}],"about":[{"href":"https:\/\/bicycool.pl\/index.php?rest_route=\/wp\/v2\/types\/product"}],"replies":[{"embeddable":true,"href":"https:\/\/bicycool.pl\/index.php?rest_route=%2Fwp%2Fv2%2Fcomments&post=8070"}],"wp:featuredmedia":[{"embeddable":true,"href":"https:\/\/bicycool.pl\/index.php?rest_route=\/wp\/v2\/media\/8071"}],"wp:attachment":[{"href":"https:\/\/bicycool.pl\/index.php?rest_route=%2Fwp%2Fv2%2Fmedia&parent=8070"}],"wp:term":[{"taxonomy":"product_brand","embeddable":true,"href":"https:\/\/bicycool.pl\/index.php?rest_route=%2Fwp%2Fv2%2Fproduct_brand&post=8070"},{"taxonomy":"product_cat","embeddable":true,"href":"https:\/\/bicycool.pl\/index.php?rest_route=%2Fwp%2Fv2%2Fproduct_cat&post=8070"},{"taxonomy":"product_tag","embeddable":true,"href":"https:\/\/bicycool.pl\/index.php?rest_route=%2Fwp%2Fv2%2Fproduct_tag&post=8070"}],"curies":[{"name":"wp","href":"https:\/\/api.w.org\/{rel}","templated":true}]}}