{"id":8073,"date":"2025-12-16T16:12:46","date_gmt":"2025-12-16T15:12:46","guid":{"rendered":"https:\/\/bicycool.pl\/?post_type=product&#038;p=8073"},"modified":"2025-12-16T16:19:24","modified_gmt":"2025-12-16T15:19:24","slug":"shimano-deore-lx-sl-m569-manetki-3x8s","status":"publish","type":"product","link":"https:\/\/bicycool.pl\/?product=shimano-deore-lx-sl-m569-manetki-3x8s","title":{"rendered":"Shimano Deore LX SL-M569 \u2013 manetki 3x8s"},"content":{"rendered":"<h1 data-start=\"77\" data-end=\"126\">Manetki Shimano Deore LX SL-M569<\/h1>\n<p data-start=\"128\" data-end=\"402\"><strong data-start=\"128\" data-end=\"156\">Shimano Deore LX SL-M569<\/strong> to solidna manetka przeznaczona do rower\u00f3w g\u00f3rskich, obs\u0142uguj\u0105ca nap\u0119dy <strong data-start=\"229\" data-end=\"276\">3-rz\u0119dowe z przodu i 8-rz\u0119dowe z ty\u0142u (3&#215;8)<\/strong>. Zapewnia precyzyjn\u0105 i p\u0142ynn\u0105 zmian\u0119 bieg\u00f3w, dzi\u0119ki czemu jazda w trudnym terenie staje si\u0119 \u0142atwiejsza i bardziej komfortowa.<\/p>\n<hr data-start=\"404\" data-end=\"407\" \/>\n<h3 data-start=\"409\" data-end=\"433\">Najwa\u017cniejsze cechy:<\/h3>\n<ul data-start=\"434\" data-end=\"724\">\n<li data-start=\"434\" data-end=\"469\">\n<p data-start=\"436\" data-end=\"469\"><strong>Typ:<\/strong> Manetka RapidFire<\/p>\n<\/li>\n<li data-start=\"470\" data-end=\"499\">\n<p data-start=\"472\" data-end=\"499\"><strong>Liczba prze\u0142o\u017ce\u0144:<\/strong> 3\u00d78<\/p>\n<\/li>\n<li data-start=\"500\" data-end=\"557\">\n<p data-start=\"502\" data-end=\"557\"><strong>Kompatybilna z systemami:<\/strong> Shimano 3&#215;8<\/p>\n<\/li>\n<li data-start=\"624\" data-end=\"678\">\n<p data-start=\"626\" data-end=\"678\">Wysoka trwa\u0142o\u015b\u0107 i niezawodno\u015b\u0107 w ka\u017cdych warunkach<\/p>\n<\/li>\n<li data-start=\"679\" data-end=\"724\">\n<p data-start=\"681\" data-end=\"724\">Dedykowana do rower\u00f3w MTB i trekkingowych<\/p>\n<\/li>\n<\/ul>\n","protected":false},"excerpt":{"rendered":"<p>Manetki Shimano Deore LX SL-M569 Shimano Deore LX SL-M569 to solidna manetka przeznaczona do rower\u00f3w g\u00f3rskich, obs\u0142uguj\u0105ca nap\u0119dy 3-rz\u0119dowe z przodu i 8-rz\u0119dowe z ty\u0142u (3&#215;8). Zapewnia precyzyjn\u0105 i p\u0142ynn\u0105 zmian\u0119 bieg\u00f3w, dzi\u0119ki czemu jazda w trudnym terenie staje si\u0119 \u0142atwiejsza i bardziej komfortowa. Najwa\u017cniejsze cechy: Typ: Manetka RapidFire Liczba prze\u0142o\u017ce\u0144: 3\u00d78 Kompatybilna z systemami:&hellip;<\/p>\n","protected":false},"featured_media":8074,"comment_status":"open","ping_status":"closed","template":"","meta":[],"product_brand":[],"product_cat":[28],"product_tag":[],"class_list":{"0":"post-8073","1":"product","2":"type-product","3":"status-publish","4":"has-post-thumbnail","6":"product_cat-czesci-i-akcesoria-uzywane","7":"product_shipping_class-mala-paczka","9":"first","10":"instock","11":"shipping-taxable","12":"purchasable","13":"product-type-simple"},"_links":{"self":[{"href":"https:\/\/bicycool.pl\/index.php?rest_route=\/wp\/v2\/product\/8073","targetHints":{"allow":["GET"]}}],"collection":[{"href":"https:\/\/bicycool.pl\/index.php?rest_route=\/wp\/v2\/product"}],"about":[{"href":"https:\/\/bicycool.pl\/index.php?rest_route=\/wp\/v2\/types\/product"}],"replies":[{"embeddable":true,"href":"https:\/\/bicycool.pl\/index.php?rest_route=%2Fwp%2Fv2%2Fcomments&post=8073"}],"wp:featuredmedia":[{"embeddable":true,"href":"https:\/\/bicycool.pl\/index.php?rest_route=\/wp\/v2\/media\/8074"}],"wp:attachment":[{"href":"https:\/\/bicycool.pl\/index.php?rest_route=%2Fwp%2Fv2%2Fmedia&parent=8073"}],"wp:term":[{"taxonomy":"product_brand","embeddable":true,"href":"https:\/\/bicycool.pl\/index.php?rest_route=%2Fwp%2Fv2%2Fproduct_brand&post=8073"},{"taxonomy":"product_cat","embeddable":true,"href":"https:\/\/bicycool.pl\/index.php?rest_route=%2Fwp%2Fv2%2Fproduct_cat&post=8073"},{"taxonomy":"product_tag","embeddable":true,"href":"https:\/\/bicycool.pl\/index.php?rest_route=%2Fwp%2Fv2%2Fproduct_tag&post=8073"}],"curies":[{"name":"wp","href":"https:\/\/api.w.org\/{rel}","templated":true}]}}