{"id":8077,"date":"2025-12-16T16:20:16","date_gmt":"2025-12-16T15:20:16","guid":{"rendered":"https:\/\/bicycool.pl\/?post_type=product&#038;p=8077"},"modified":"2025-12-16T16:24:26","modified_gmt":"2025-12-16T15:24:26","slug":"manetka-sram-x0-11s-z-obejma","status":"publish","type":"product","link":"https:\/\/bicycool.pl\/?product=manetka-sram-x0-11s-z-obejma","title":{"rendered":"Manetka SRAM X0\u00a011s z obejm\u0105"},"content":{"rendered":"<h1 class=\"css-1au435n\">Manetka SRAM X0<\/h1>\n<p data-start=\"409\" data-end=\"433\">Najwa\u017cniejsze cechy:<\/p>\n<ul data-start=\"434\" data-end=\"724\">\n<li data-start=\"434\" data-end=\"469\">\n<p data-start=\"436\" data-end=\"469\"><strong>Typ: <\/strong>trigger<\/p>\n<\/li>\n<li data-start=\"470\" data-end=\"499\">\n<p data-start=\"472\" data-end=\"499\"><strong>Liczba prze\u0142o\u017ce\u0144:<\/strong> 11s<\/p>\n<\/li>\n<li data-start=\"470\" data-end=\"499\">Manetka w zestawie<\/li>\n<li data-start=\"470\" data-end=\"499\"><strong>Stan: U\u017cywany<\/strong><\/li>\n<\/ul>\n","protected":false},"excerpt":{"rendered":"<p>Manetka SRAM X0 Najwa\u017cniejsze cechy: Typ: trigger Liczba prze\u0142o\u017ce\u0144: 11s Manetka w zestawie Stan: U\u017cywany<\/p>\n","protected":false},"featured_media":8078,"comment_status":"open","ping_status":"closed","template":"","meta":[],"product_brand":[],"product_cat":[28],"product_tag":[],"class_list":{"0":"post-8077","1":"product","2":"type-product","3":"status-publish","4":"has-post-thumbnail","6":"product_cat-czesci-i-akcesoria-uzywane","7":"product_shipping_class-mala-paczka","9":"first","10":"instock","11":"shipping-taxable","12":"purchasable","13":"product-type-simple"},"_links":{"self":[{"href":"https:\/\/bicycool.pl\/index.php?rest_route=\/wp\/v2\/product\/8077","targetHints":{"allow":["GET"]}}],"collection":[{"href":"https:\/\/bicycool.pl\/index.php?rest_route=\/wp\/v2\/product"}],"about":[{"href":"https:\/\/bicycool.pl\/index.php?rest_route=\/wp\/v2\/types\/product"}],"replies":[{"embeddable":true,"href":"https:\/\/bicycool.pl\/index.php?rest_route=%2Fwp%2Fv2%2Fcomments&post=8077"}],"wp:featuredmedia":[{"embeddable":true,"href":"https:\/\/bicycool.pl\/index.php?rest_route=\/wp\/v2\/media\/8078"}],"wp:attachment":[{"href":"https:\/\/bicycool.pl\/index.php?rest_route=%2Fwp%2Fv2%2Fmedia&parent=8077"}],"wp:term":[{"taxonomy":"product_brand","embeddable":true,"href":"https:\/\/bicycool.pl\/index.php?rest_route=%2Fwp%2Fv2%2Fproduct_brand&post=8077"},{"taxonomy":"product_cat","embeddable":true,"href":"https:\/\/bicycool.pl\/index.php?rest_route=%2Fwp%2Fv2%2Fproduct_cat&post=8077"},{"taxonomy":"product_tag","embeddable":true,"href":"https:\/\/bicycool.pl\/index.php?rest_route=%2Fwp%2Fv2%2Fproduct_tag&post=8077"}],"curies":[{"name":"wp","href":"https:\/\/api.w.org\/{rel}","templated":true}]}}