{"id":8081,"date":"2025-12-16T16:26:04","date_gmt":"2025-12-16T15:26:04","guid":{"rendered":"https:\/\/bicycool.pl\/?post_type=product&#038;p=8081"},"modified":"2025-12-16T16:30:01","modified_gmt":"2025-12-16T15:30:01","slug":"manetka-lewa-deore-sl-m610-l-i-spec-b","status":"publish","type":"product","link":"https:\/\/bicycool.pl\/?product=manetka-lewa-deore-sl-m610-l-i-spec-b","title":{"rendered":"Manetka lewa Deore SL-M610-L I Spec B"},"content":{"rendered":"<h1 data-start=\"90\" data-end=\"145\">Shimano Deore SL-M610 \u2013 lewa manetka<\/h1>\n<p>&nbsp;<\/p>\n<p>Lewa manetka <strong data-start=\"160\" data-end=\"185\">Shimano Deore SL-M610<\/strong> typu <strong data-start=\"191\" data-end=\"209\">RapidFire Plus<\/strong> przeznaczona jest do sterowania przedni\u0105 przerzutk\u0105 w rowerach g\u00f3rskich.<\/p>\n<p>Manetka jest montowana <strong data-start=\"440\" data-end=\"484\">bezpo\u015brednio do obejmy klamki hamulcowej<\/strong> w systemie <strong data-start=\"496\" data-end=\"508\">I-Spec B<\/strong>, co pozwala na estetyczne i ergonomiczne po\u0142\u0105czenie z hamulcem.<\/p>\n<hr data-start=\"576\" data-end=\"579\" \/>\n<h3 data-start=\"581\" data-end=\"605\">Najwa\u017cniejsze cechy:<\/h3>\n<ul data-start=\"606\" data-end=\"929\">\n<li data-start=\"606\" data-end=\"657\"><strong data-start=\"608\" data-end=\"619\">Strona:<\/strong> lewa \u2013 obs\u0142uga przedniej przerzutki<\/li>\n<li data-start=\"658\" data-end=\"685\"><strong data-start=\"660\" data-end=\"668\">Typ:<\/strong> RapidFire Plus<\/li>\n<li data-start=\"686\" data-end=\"723\"><strong data-start=\"688\" data-end=\"704\">Prze\u0142o\u017cenia:<\/strong> 2- lub 3-rz\u0119dowe<\/li>\n<li data-start=\"724\" data-end=\"824\"><strong data-start=\"726\" data-end=\"752\">Funkcja 2-Way Release:<\/strong> mo\u017cliwo\u015b\u0107 zrzucania bieg\u00f3w zar\u00f3wno kciukiem, jak i palcem wskazuj\u0105cym<\/li>\n<li data-start=\"825\" data-end=\"885\"><strong data-start=\"827\" data-end=\"838\">Monta\u017c:<\/strong> I-Spec B \u2013 bezpo\u015brednio do klamki hamulcowej<\/li>\n<li data-start=\"886\" data-end=\"929\"><strong data-start=\"888\" data-end=\"907\">Kompatybilno\u015b\u0107:<\/strong> grupa Shimano Deore<\/li>\n<li data-start=\"886\" data-end=\"929\"><strong>STAN: U\u017cywany \/ jak nowy<\/strong><\/li>\n<\/ul>\n<hr data-start=\"931\" data-end=\"934\" \/>\n","protected":false},"excerpt":{"rendered":"<p>Shimano Deore SL-M610 \u2013 lewa manetka &nbsp; Lewa manetka Shimano Deore SL-M610 typu RapidFire Plus przeznaczona jest do sterowania przedni\u0105 przerzutk\u0105 w rowerach g\u00f3rskich. Manetka jest montowana bezpo\u015brednio do obejmy klamki hamulcowej w systemie I-Spec B, co pozwala na estetyczne i ergonomiczne po\u0142\u0105czenie z hamulcem. Najwa\u017cniejsze cechy: Strona: lewa \u2013 obs\u0142uga przedniej przerzutki Typ: RapidFire&hellip;<\/p>\n","protected":false},"featured_media":8083,"comment_status":"open","ping_status":"closed","template":"","meta":[],"product_brand":[],"product_cat":[28],"product_tag":[],"class_list":{"0":"post-8081","1":"product","2":"type-product","3":"status-publish","4":"has-post-thumbnail","6":"product_cat-czesci-i-akcesoria-uzywane","7":"product_shipping_class-mala-paczka","9":"first","10":"instock","11":"shipping-taxable","12":"purchasable","13":"product-type-simple"},"_links":{"self":[{"href":"https:\/\/bicycool.pl\/index.php?rest_route=\/wp\/v2\/product\/8081","targetHints":{"allow":["GET"]}}],"collection":[{"href":"https:\/\/bicycool.pl\/index.php?rest_route=\/wp\/v2\/product"}],"about":[{"href":"https:\/\/bicycool.pl\/index.php?rest_route=\/wp\/v2\/types\/product"}],"replies":[{"embeddable":true,"href":"https:\/\/bicycool.pl\/index.php?rest_route=%2Fwp%2Fv2%2Fcomments&post=8081"}],"wp:featuredmedia":[{"embeddable":true,"href":"https:\/\/bicycool.pl\/index.php?rest_route=\/wp\/v2\/media\/8083"}],"wp:attachment":[{"href":"https:\/\/bicycool.pl\/index.php?rest_route=%2Fwp%2Fv2%2Fmedia&parent=8081"}],"wp:term":[{"taxonomy":"product_brand","embeddable":true,"href":"https:\/\/bicycool.pl\/index.php?rest_route=%2Fwp%2Fv2%2Fproduct_brand&post=8081"},{"taxonomy":"product_cat","embeddable":true,"href":"https:\/\/bicycool.pl\/index.php?rest_route=%2Fwp%2Fv2%2Fproduct_cat&post=8081"},{"taxonomy":"product_tag","embeddable":true,"href":"https:\/\/bicycool.pl\/index.php?rest_route=%2Fwp%2Fv2%2Fproduct_tag&post=8081"}],"curies":[{"name":"wp","href":"https:\/\/api.w.org\/{rel}","templated":true}]}}