{"id":8137,"date":"2025-12-17T10:41:54","date_gmt":"2025-12-17T09:41:54","guid":{"rendered":"https:\/\/bicycool.pl\/?post_type=product&#038;p=8137"},"modified":"2025-12-17T10:58:39","modified_gmt":"2025-12-17T09:58:39","slug":"shimano-slx-sl-m7000-komplet-manetek-2x10s","status":"publish","type":"product","link":"https:\/\/bicycool.pl\/?product=shimano-slx-sl-m7000-komplet-manetek-2x10s","title":{"rendered":"Shimano SLX SL-M7000 \u2013 komplet manetek 2x10s"},"content":{"rendered":"<h1 data-start=\"88\" data-end=\"140\">Shimano SLX M7000 \u2013 komplet manetek 2x10s<\/h1>\n<p data-start=\"142\" data-end=\"478\"><strong data-start=\"142\" data-end=\"163\">Shimano SLX M7000<\/strong> to nowoczesna grupa osprz\u0119tu MTB ze \u015bredniej p\u00f3\u0142ki, kt\u00f3ra oferuje technologi\u0119 <strong data-start=\"242\" data-end=\"265\">10-rz\u0119dowego nap\u0119du<\/strong> znan\u0105 z wy\u017cszych serii w du\u017co bardziej przyst\u0119pnej cenie. To idealny wyb\u00f3r do rower\u00f3w g\u00f3rskich u\u017cywanych w <strong data-start=\"373\" data-end=\"403\">MTB, All Mountain i Enduro.<\/strong><\/p>\n<hr data-start=\"779\" data-end=\"782\" \/>\n<h3 data-start=\"784\" data-end=\"803\">Zestaw zawiera:<\/h3>\n<ul data-start=\"804\" data-end=\"923\">\n<li data-start=\"804\" data-end=\"841\">\n<p data-start=\"806\" data-end=\"841\"><strong data-start=\"806\" data-end=\"841\">Prawa manetka tylna \u2013 10 bieg\u00f3w<\/strong><\/p>\n<\/li>\n<li data-start=\"842\" data-end=\"923\">\n<p data-start=\"844\" data-end=\"923\"><strong data-start=\"844\" data-end=\"883\">Lewa manetka przednia \u2013 2-rz\u0119dowa<\/strong><\/p>\n<\/li>\n<\/ul>\n<hr data-start=\"925\" data-end=\"928\" \/>\n<h3 data-start=\"930\" data-end=\"954\">Najwa\u017cniejsze cechy:<\/h3>\n<ul data-start=\"955\" data-end=\"1409\">\n<li data-start=\"955\" data-end=\"981\">\n<p data-start=\"957\" data-end=\"981\"><strong data-start=\"957\" data-end=\"971\">Producent:<\/strong> Shimano<\/p>\n<\/li>\n<li data-start=\"982\" data-end=\"1006\">\n<p data-start=\"984\" data-end=\"1006\"><strong data-start=\"984\" data-end=\"994\">Grupa:<\/strong> SLX M7000<\/p>\n<\/li>\n<li data-start=\"1035\" data-end=\"1073\">\n<p data-start=\"1037\" data-end=\"1073\"><strong data-start=\"1037\" data-end=\"1047\">Nap\u0119d:<\/strong> 2&#215;10<\/p>\n<\/li>\n<li data-start=\"1074\" data-end=\"1123\">\n<p data-start=\"1076\" data-end=\"1123\"><strong data-start=\"1076\" data-end=\"1093\">Zastosowanie:<\/strong> MTB \/ All Mountain \/ Enduro<\/p>\n<\/li>\n<li data-start=\"1124\" data-end=\"1168\">\n<p data-start=\"1126\" data-end=\"1168\"><strong data-start=\"1126\" data-end=\"1147\">Materia\u0142 uchwytu:<\/strong> aluminium malowane<\/p>\n<\/li>\n<li data-start=\"1349\" data-end=\"1376\">\n<p data-start=\"1351\" data-end=\"1376\"><strong data-start=\"1351\" data-end=\"1365\">Mocowanie:<\/strong> I-Spec B<\/p>\n<\/li>\n<\/ul>\n","protected":false},"excerpt":{"rendered":"<p>Shimano SLX M7000 \u2013 komplet manetek 2x10s Shimano SLX M7000 to nowoczesna grupa osprz\u0119tu MTB ze \u015bredniej p\u00f3\u0142ki, kt\u00f3ra oferuje technologi\u0119 10-rz\u0119dowego nap\u0119du znan\u0105 z wy\u017cszych serii w du\u017co bardziej przyst\u0119pnej cenie. To idealny wyb\u00f3r do rower\u00f3w g\u00f3rskich u\u017cywanych w MTB, All Mountain i Enduro. Zestaw zawiera: Prawa manetka tylna \u2013 10 bieg\u00f3w Lewa manetka&hellip;<\/p>\n","protected":false},"featured_media":8138,"comment_status":"open","ping_status":"closed","template":"","meta":[],"product_brand":[],"product_cat":[28],"product_tag":[],"class_list":{"0":"post-8137","1":"product","2":"type-product","3":"status-publish","4":"has-post-thumbnail","6":"product_cat-czesci-i-akcesoria-uzywane","7":"product_shipping_class-mala-paczka","9":"first","10":"instock","11":"shipping-taxable","12":"purchasable","13":"product-type-simple"},"_links":{"self":[{"href":"https:\/\/bicycool.pl\/index.php?rest_route=\/wp\/v2\/product\/8137","targetHints":{"allow":["GET"]}}],"collection":[{"href":"https:\/\/bicycool.pl\/index.php?rest_route=\/wp\/v2\/product"}],"about":[{"href":"https:\/\/bicycool.pl\/index.php?rest_route=\/wp\/v2\/types\/product"}],"replies":[{"embeddable":true,"href":"https:\/\/bicycool.pl\/index.php?rest_route=%2Fwp%2Fv2%2Fcomments&post=8137"}],"wp:featuredmedia":[{"embeddable":true,"href":"https:\/\/bicycool.pl\/index.php?rest_route=\/wp\/v2\/media\/8138"}],"wp:attachment":[{"href":"https:\/\/bicycool.pl\/index.php?rest_route=%2Fwp%2Fv2%2Fmedia&parent=8137"}],"wp:term":[{"taxonomy":"product_brand","embeddable":true,"href":"https:\/\/bicycool.pl\/index.php?rest_route=%2Fwp%2Fv2%2Fproduct_brand&post=8137"},{"taxonomy":"product_cat","embeddable":true,"href":"https:\/\/bicycool.pl\/index.php?rest_route=%2Fwp%2Fv2%2Fproduct_cat&post=8137"},{"taxonomy":"product_tag","embeddable":true,"href":"https:\/\/bicycool.pl\/index.php?rest_route=%2Fwp%2Fv2%2Fproduct_tag&post=8137"}],"curies":[{"name":"wp","href":"https:\/\/api.w.org\/{rel}","templated":true}]}}