{"id":8156,"date":"2025-12-17T11:42:49","date_gmt":"2025-12-17T10:42:49","guid":{"rendered":"https:\/\/bicycool.pl\/?post_type=product&#038;p=8156"},"modified":"2025-12-17T11:52:36","modified_gmt":"2025-12-17T10:52:36","slug":"shimano-sl-sy20a-dzwignia-przerzutki-na-dolna-rure-2x6s","status":"publish","type":"product","link":"https:\/\/bicycool.pl\/?product=shimano-sl-sy20a-dzwignia-przerzutki-na-dolna-rure-2x6s","title":{"rendered":"Shimano SL-SY20A \u2013 d\u017awignia przerzutki na doln\u0105 rur\u0119\u00a02x6s"},"content":{"rendered":"<h1 data-start=\"94\" data-end=\"158\">Shimano SL-SY20A \u2013 d\u017awignia przerzutki na doln\u0105 rur\u0119<\/h1>\n<p data-start=\"160\" data-end=\"447\"><strong data-start=\"160\" data-end=\"182\">Shimano SL-SY20A-6<\/strong> to klasyczna d\u017awignia przerzutki montowana na dolnej rurze ramy, przeznaczona do prostych i niezawodnych nap\u0119d\u00f3w <strong data-start=\"296\" data-end=\"303\">2\u00d76<\/strong>. Sprawdzi si\u0119 idealnie w rowerach szosowych oraz klasycznych konstrukcjach, gdzie liczy si\u0119 bezpo\u015brednie, mechaniczne sterowanie zmian\u0105 bieg\u00f3w.<\/p>\n<p data-start=\"449\" data-end=\"667\">Manetka zapewnia lekk\u0105 i p\u0142ynn\u0105 prac\u0119, umo\u017cliwiaj\u0105c precyzyjne dobieranie prze\u0142o\u017ce\u0144. To doskona\u0142y wyb\u00f3r do renowacji starszych rower\u00f3w, projekt\u00f3w retro lub budowy bud\u017cetowego nap\u0119du o sprawdzonej niezawodno\u015bci Shimano.<\/p>\n<hr data-start=\"669\" data-end=\"672\" \/>\n<h3 data-start=\"674\" data-end=\"698\">Najwa\u017cniejsze cechy:<\/h3>\n<ul data-start=\"699\" data-end=\"942\">\n<li data-start=\"699\" data-end=\"743\">\n<p data-start=\"701\" data-end=\"743\"><strong>Typ:<\/strong> d\u017awignia przerzutki na doln\u0105 rur\u0119<\/p>\n<\/li>\n<li data-start=\"744\" data-end=\"766\">\n<p data-start=\"746\" data-end=\"766\"><strong>Prze\u0142o\u017cenia:<\/strong> 2\u00d76<\/p>\n<\/li>\n<li data-start=\"767\" data-end=\"809\">\n<p data-start=\"769\" data-end=\"809\"><strong>Zastosowanie:<\/strong> rowery szosowe \/ klasyczne<\/p>\n<\/li>\n<li data-start=\"810\" data-end=\"839\">\n<p data-start=\"812\" data-end=\"839\">Prosta i trwa\u0142a konstrukcja<\/p>\n<\/li>\n<li data-start=\"840\" data-end=\"893\">\n<p data-start=\"842\" data-end=\"893\">Bezpo\u015brednia, precyzyjna kontrola nad zmian\u0105 bieg\u00f3w<\/p>\n<\/li>\n<li data-start=\"894\" data-end=\"917\">\n<p data-start=\"896\" data-end=\"917\"><strong>Model:<\/strong> SL-SY20A-6<\/p>\n<\/li>\n<li data-start=\"918\" data-end=\"942\">\n<p data-start=\"920\" data-end=\"942\"><strong>Producent:<\/strong> Shimano<\/p>\n<\/li>\n<li data-start=\"918\" data-end=\"942\"><strong>Stan:<\/strong> U\u017cywane<\/li>\n<\/ul>\n","protected":false},"excerpt":{"rendered":"<p>Shimano SL-SY20A \u2013 d\u017awignia przerzutki na doln\u0105 rur\u0119 Shimano SL-SY20A-6 to klasyczna d\u017awignia przerzutki montowana na dolnej rurze ramy, przeznaczona do prostych i niezawodnych nap\u0119d\u00f3w 2\u00d76. Sprawdzi si\u0119 idealnie w rowerach szosowych oraz klasycznych konstrukcjach, gdzie liczy si\u0119 bezpo\u015brednie, mechaniczne sterowanie zmian\u0105 bieg\u00f3w. Manetka zapewnia lekk\u0105 i p\u0142ynn\u0105 prac\u0119, umo\u017cliwiaj\u0105c precyzyjne dobieranie prze\u0142o\u017ce\u0144. To doskona\u0142y&hellip;<\/p>\n","protected":false},"featured_media":8158,"comment_status":"open","ping_status":"closed","template":"","meta":[],"product_brand":[],"product_cat":[28],"product_tag":[],"class_list":{"0":"post-8156","1":"product","2":"type-product","3":"status-publish","4":"has-post-thumbnail","6":"product_cat-czesci-i-akcesoria-uzywane","7":"product_shipping_class-mala-paczka","9":"first","10":"instock","11":"shipping-taxable","12":"purchasable","13":"product-type-simple"},"_links":{"self":[{"href":"https:\/\/bicycool.pl\/index.php?rest_route=\/wp\/v2\/product\/8156","targetHints":{"allow":["GET"]}}],"collection":[{"href":"https:\/\/bicycool.pl\/index.php?rest_route=\/wp\/v2\/product"}],"about":[{"href":"https:\/\/bicycool.pl\/index.php?rest_route=\/wp\/v2\/types\/product"}],"replies":[{"embeddable":true,"href":"https:\/\/bicycool.pl\/index.php?rest_route=%2Fwp%2Fv2%2Fcomments&post=8156"}],"wp:featuredmedia":[{"embeddable":true,"href":"https:\/\/bicycool.pl\/index.php?rest_route=\/wp\/v2\/media\/8158"}],"wp:attachment":[{"href":"https:\/\/bicycool.pl\/index.php?rest_route=%2Fwp%2Fv2%2Fmedia&parent=8156"}],"wp:term":[{"taxonomy":"product_brand","embeddable":true,"href":"https:\/\/bicycool.pl\/index.php?rest_route=%2Fwp%2Fv2%2Fproduct_brand&post=8156"},{"taxonomy":"product_cat","embeddable":true,"href":"https:\/\/bicycool.pl\/index.php?rest_route=%2Fwp%2Fv2%2Fproduct_cat&post=8156"},{"taxonomy":"product_tag","embeddable":true,"href":"https:\/\/bicycool.pl\/index.php?rest_route=%2Fwp%2Fv2%2Fproduct_tag&post=8156"}],"curies":[{"name":"wp","href":"https:\/\/api.w.org\/{rel}","templated":true}]}}