{"id":8163,"date":"2025-12-17T12:15:45","date_gmt":"2025-12-17T11:15:45","guid":{"rendered":"https:\/\/bicycool.pl\/?post_type=product&#038;p=8163"},"modified":"2025-12-17T12:17:39","modified_gmt":"2025-12-17T11:17:39","slug":"mostek-srebrny-254x254mm-80mm","status":"publish","type":"product","link":"https:\/\/bicycool.pl\/?product=mostek-srebrny-254x254mm-80mm","title":{"rendered":"Mostek Srebrny 25,4&#215;25,4mm 80mm"},"content":{"rendered":"<h1>Mostek Srebrny 25,4&#215;25,4mm 80mm<\/h1>\n<p>&nbsp;<\/p>\n<p data-start=\"497\" data-end=\"730\"><strong>Specyfikacja:<\/strong><\/p>\n<ul>\n<li><strong>Przeznaczenie:<\/strong> MTB \/ Trekking<\/li>\n<li><strong>Materia\u0142:<\/strong> Aluminium<\/li>\n<li><strong>Rozmiar: <\/strong>25,4mm<\/li>\n<li><strong>Monta\u017c kierownicy:<\/strong> 25,4mm<\/li>\n<li><strong>D\u0142ugo\u015b\u0107:<\/strong> 80mm<\/li>\n<li><strong>Stan:<\/strong> Nieu\u017cywany \/ NOS \/ posiada delikatne ryski<\/li>\n<\/ul>\n","protected":false},"excerpt":{"rendered":"<p>Mostek Srebrny 25,4&#215;25,4mm 80mm &nbsp; Specyfikacja: Przeznaczenie: MTB \/ Trekking Materia\u0142: Aluminium Rozmiar: 25,4mm Monta\u017c kierownicy: 25,4mm D\u0142ugo\u015b\u0107: 80mm Stan: Nieu\u017cywany \/ NOS \/ posiada delikatne ryski<\/p>\n","protected":false},"featured_media":8164,"comment_status":"open","ping_status":"closed","template":"","meta":[],"product_brand":[],"product_cat":[27,175,85],"product_tag":[88],"class_list":{"0":"post-8163","1":"product","2":"type-product","3":"status-publish","4":"has-post-thumbnail","6":"product_cat-czesci-nowe","7":"product_cat-mostki-wsporniki-kierownicy","8":"product_cat-outlet","9":"product_tag-retro-mtb","10":"product_shipping_class-mala-paczka","12":"first","13":"instock","14":"shipping-taxable","15":"purchasable","16":"product-type-simple"},"_links":{"self":[{"href":"https:\/\/bicycool.pl\/index.php?rest_route=\/wp\/v2\/product\/8163","targetHints":{"allow":["GET"]}}],"collection":[{"href":"https:\/\/bicycool.pl\/index.php?rest_route=\/wp\/v2\/product"}],"about":[{"href":"https:\/\/bicycool.pl\/index.php?rest_route=\/wp\/v2\/types\/product"}],"replies":[{"embeddable":true,"href":"https:\/\/bicycool.pl\/index.php?rest_route=%2Fwp%2Fv2%2Fcomments&post=8163"}],"wp:featuredmedia":[{"embeddable":true,"href":"https:\/\/bicycool.pl\/index.php?rest_route=\/wp\/v2\/media\/8164"}],"wp:attachment":[{"href":"https:\/\/bicycool.pl\/index.php?rest_route=%2Fwp%2Fv2%2Fmedia&parent=8163"}],"wp:term":[{"taxonomy":"product_brand","embeddable":true,"href":"https:\/\/bicycool.pl\/index.php?rest_route=%2Fwp%2Fv2%2Fproduct_brand&post=8163"},{"taxonomy":"product_cat","embeddable":true,"href":"https:\/\/bicycool.pl\/index.php?rest_route=%2Fwp%2Fv2%2Fproduct_cat&post=8163"},{"taxonomy":"product_tag","embeddable":true,"href":"https:\/\/bicycool.pl\/index.php?rest_route=%2Fwp%2Fv2%2Fproduct_tag&post=8163"}],"curies":[{"name":"wp","href":"https:\/\/api.w.org\/{rel}","templated":true}]}}