{"id":8180,"date":"2025-12-17T13:44:08","date_gmt":"2025-12-17T12:44:08","guid":{"rendered":"https:\/\/bicycool.pl\/?post_type=product&#038;p=8180"},"modified":"2025-12-17T14:41:59","modified_gmt":"2025-12-17T13:41:59","slug":"shimano-bl-1055-105sc-klamka-hamulcowa-lewa-nos","status":"publish","type":"product","link":"https:\/\/bicycool.pl\/?product=shimano-bl-1055-105sc-klamka-hamulcowa-lewa-nos","title":{"rendered":"Shimano BL-1055 105SC \u2013 klamka hamulcowa LEWA NOS"},"content":{"rendered":"<h1 data-start=\"122\" data-end=\"174\">Shimano BL-1055 105SC \u2013 klamka hamulcowa LEWA<\/h1>\n<p data-start=\"176\" data-end=\"464\"><strong data-start=\"176\" data-end=\"195\">Shimano BL-1055<\/strong> to klasyczne klamki hamulcowe nale\u017c\u0105ce do legendarnej grupy <strong data-start=\"256\" data-end=\"273\">Shimano 105,<\/strong>\u00a0produkowane w latach <strong data-start=\"296\" data-end=\"323\">1990 \u2013 ko\u0144c\u00f3wka lat 90.<\/strong> Model ten powstawa\u0142 w <strong data-start=\"346\" data-end=\"357\">Japonii<\/strong>, co gwarantuje bardzo wysok\u0105 jako\u015b\u0107 wykonania i trwa\u0142o\u015b\u0107, z kt\u00f3rej s\u0142yn\u0105 komponenty Shimano z tego okresu.<\/p>\n<p data-start=\"466\" data-end=\"684\">Klamki zaprojektowano z my\u015bl\u0105 o klasycznych rowerach szosowych, oferuj\u0105c pewny chwyt, p\u0142ynn\u0105 prac\u0119 oraz solidn\u0105 konstrukcj\u0119. Idealny wyb\u00f3r do <strong data-start=\"608\" data-end=\"636\">renowacji roweru z epoki<\/strong>, projekt\u00f3w retro lub jako cz\u0119\u015b\u0107 kolekcjonerska.<\/p>\n<p><strong>Specyfikacja:<\/strong><\/p>\n<ul data-start=\"709\" data-end=\"976\">\n<li data-start=\"743\" data-end=\"767\">Producent: <strong data-start=\"756\" data-end=\"767\">Shimano<\/strong><\/li>\n<li data-start=\"768\" data-end=\"786\">Grupa: <strong data-start=\"777\" data-end=\"786\">105<\/strong><\/li>\n<li data-start=\"787\" data-end=\"807\">Model: <strong data-start=\"796\" data-end=\"807\">BL-1055<\/strong><\/li>\n<li data-start=\"808\" data-end=\"851\">Lata produkcji: <strong data-start=\"826\" data-end=\"851\">1990 \u2013 p\u00f3\u017ane lata 90.<\/strong><\/li>\n<li data-start=\"852\" data-end=\"881\">Kraj produkcji: <strong data-start=\"870\" data-end=\"881\">Japonia<\/strong><\/li>\n<li data-start=\"923\" data-end=\"976\">Zastosowanie: <strong data-start=\"939\" data-end=\"976\">rowery szosowe \/ projekty vintage<\/strong><\/li>\n<li data-start=\"923\" data-end=\"976\">Brak Obejmy<\/li>\n<li data-start=\"923\" data-end=\"976\"><strong>STAN: NOS \/ Nieu\u017cywana \/ Mo\u017ce posiada\u0107 delikatne ryski\u00a0<\/strong><\/li>\n<\/ul>\n<hr data-start=\"978\" data-end=\"981\" \/>\n","protected":false},"excerpt":{"rendered":"<p>Shimano BL-1055 105SC \u2013 klamka hamulcowa LEWA Shimano BL-1055 to klasyczne klamki hamulcowe nale\u017c\u0105ce do legendarnej grupy Shimano 105,\u00a0produkowane w latach 1990 \u2013 ko\u0144c\u00f3wka lat 90. Model ten powstawa\u0142 w Japonii, co gwarantuje bardzo wysok\u0105 jako\u015b\u0107 wykonania i trwa\u0142o\u015b\u0107, z kt\u00f3rej s\u0142yn\u0105 komponenty Shimano z tego okresu. Klamki zaprojektowano z my\u015bl\u0105 o klasycznych rowerach szosowych,&hellip;<\/p>\n","protected":false},"featured_media":8182,"comment_status":"open","ping_status":"closed","template":"","meta":[],"product_brand":[],"product_cat":[15,27,136,85],"product_tag":[],"class_list":{"0":"post-8180","1":"product","2":"type-product","3":"status-publish","4":"has-post-thumbnail","6":"product_cat-czesci","7":"product_cat-czesci-nowe","8":"product_cat-hamulce","9":"product_cat-outlet","10":"product_shipping_class-mala-paczka","12":"first","13":"instock","14":"shipping-taxable","15":"purchasable","16":"product-type-simple"},"_links":{"self":[{"href":"https:\/\/bicycool.pl\/index.php?rest_route=\/wp\/v2\/product\/8180","targetHints":{"allow":["GET"]}}],"collection":[{"href":"https:\/\/bicycool.pl\/index.php?rest_route=\/wp\/v2\/product"}],"about":[{"href":"https:\/\/bicycool.pl\/index.php?rest_route=\/wp\/v2\/types\/product"}],"replies":[{"embeddable":true,"href":"https:\/\/bicycool.pl\/index.php?rest_route=%2Fwp%2Fv2%2Fcomments&post=8180"}],"wp:featuredmedia":[{"embeddable":true,"href":"https:\/\/bicycool.pl\/index.php?rest_route=\/wp\/v2\/media\/8182"}],"wp:attachment":[{"href":"https:\/\/bicycool.pl\/index.php?rest_route=%2Fwp%2Fv2%2Fmedia&parent=8180"}],"wp:term":[{"taxonomy":"product_brand","embeddable":true,"href":"https:\/\/bicycool.pl\/index.php?rest_route=%2Fwp%2Fv2%2Fproduct_brand&post=8180"},{"taxonomy":"product_cat","embeddable":true,"href":"https:\/\/bicycool.pl\/index.php?rest_route=%2Fwp%2Fv2%2Fproduct_cat&post=8180"},{"taxonomy":"product_tag","embeddable":true,"href":"https:\/\/bicycool.pl\/index.php?rest_route=%2Fwp%2Fv2%2Fproduct_tag&post=8180"}],"curies":[{"name":"wp","href":"https:\/\/api.w.org\/{rel}","templated":true}]}}