{"id":8196,"date":"2025-12-17T14:47:22","date_gmt":"2025-12-17T13:47:22","guid":{"rendered":"https:\/\/bicycool.pl\/?post_type=product&#038;p=8196"},"modified":"2025-12-17T15:00:44","modified_gmt":"2025-12-17T14:00:44","slug":"shimano-deore-xt-rd-m760-odwrotny-ciag-tylna-przerzutka-9s","status":"publish","type":"product","link":"https:\/\/bicycool.pl\/?product=shimano-deore-xt-rd-m760-odwrotny-ciag-tylna-przerzutka-9s","title":{"rendered":"Shimano Deore XT RD-M760 Odwrotny ci\u0105g &#8211; tylna przerzutka 9s"},"content":{"rendered":"<h3 data-start=\"92\" data-end=\"152\">Shimano Deore XT RD-M760 Odwrotny ci\u0105g &#8211; tylna przerzutka 9s<\/h3>\n<p data-start=\"154\" data-end=\"427\"><strong data-start=\"154\" data-end=\"193\">Tylna przerzutka Shimano<\/strong> z tzw. odwr\u00f3con\u0105 spr\u0119\u017cyn\u0105 (\u201eLow Normal\u201d), czyli linka poci\u0105ga przerzutk\u0119 w kierunku najmniejszej z\u0119batki, a spr\u0119\u017cyna w kierunku najwi\u0119kszej. Model wprowadzony na rynek w <strong data-start=\"364\" data-end=\"377\">2003 roku<\/strong>, przeznaczony do <strong data-start=\"395\" data-end=\"426\">9-biegowych nap\u0119d\u00f3w Shimano<\/strong>.<\/p>\n<hr data-start=\"429\" data-end=\"432\" \/>\n<h3 data-start=\"434\" data-end=\"451\">Specyfikacja:<\/h3>\n<ul data-start=\"452\" data-end=\"786\">\n<li data-start=\"452\" data-end=\"478\">\n<p data-start=\"454\" data-end=\"478\">Producent: <strong data-start=\"465\" data-end=\"476\">Shimano<\/strong><\/p>\n<\/li>\n<li data-start=\"479\" data-end=\"516\">\n<p data-start=\"481\" data-end=\"516\">Typ: <strong>tylna przerzutka, Low Normal<\/strong><\/p>\n<\/li>\n<li data-start=\"517\" data-end=\"544\">\n<p data-start=\"519\" data-end=\"544\">Liczba prze\u0142o\u017ce\u0144: <strong data-start=\"537\" data-end=\"542\">9<\/strong><\/p>\n<\/li>\n<li data-start=\"545\" data-end=\"576\">\n<p data-start=\"547\" data-end=\"576\">Maksymalna z\u0119batka: <strong data-start=\"567\" data-end=\"574\">34T<\/strong><\/p>\n<\/li>\n<li data-start=\"577\" data-end=\"609\">\n<p data-start=\"579\" data-end=\"609\">Ca\u0142kowita pojemno\u015b\u0107: <strong data-start=\"600\" data-end=\"607\">33T<\/strong><\/p>\n<\/li>\n<li data-start=\"610\" data-end=\"651\"><strong>STAN: U\u017bYWANA<\/strong><\/li>\n<\/ul>\n<hr data-start=\"788\" data-end=\"791\" \/>\n","protected":false},"excerpt":{"rendered":"<p>Shimano Deore XT RD-M760 Odwrotny ci\u0105g &#8211; tylna przerzutka 9s Tylna przerzutka Shimano z tzw. odwr\u00f3con\u0105 spr\u0119\u017cyn\u0105 (\u201eLow Normal\u201d), czyli linka poci\u0105ga przerzutk\u0119 w kierunku najmniejszej z\u0119batki, a spr\u0119\u017cyna w kierunku najwi\u0119kszej. Model wprowadzony na rynek w 2003 roku, przeznaczony do 9-biegowych nap\u0119d\u00f3w Shimano. Specyfikacja: Producent: Shimano Typ: tylna przerzutka, Low Normal Liczba prze\u0142o\u017ce\u0144: 9&hellip;<\/p>\n","protected":false},"featured_media":8198,"comment_status":"open","ping_status":"closed","template":"","meta":[],"product_brand":[],"product_cat":[28],"product_tag":[],"class_list":{"0":"post-8196","1":"product","2":"type-product","3":"status-publish","4":"has-post-thumbnail","6":"product_cat-czesci-i-akcesoria-uzywane","7":"product_shipping_class-mala-paczka","9":"first","10":"instock","11":"shipping-taxable","12":"purchasable","13":"product-type-simple"},"_links":{"self":[{"href":"https:\/\/bicycool.pl\/index.php?rest_route=\/wp\/v2\/product\/8196","targetHints":{"allow":["GET"]}}],"collection":[{"href":"https:\/\/bicycool.pl\/index.php?rest_route=\/wp\/v2\/product"}],"about":[{"href":"https:\/\/bicycool.pl\/index.php?rest_route=\/wp\/v2\/types\/product"}],"replies":[{"embeddable":true,"href":"https:\/\/bicycool.pl\/index.php?rest_route=%2Fwp%2Fv2%2Fcomments&post=8196"}],"wp:featuredmedia":[{"embeddable":true,"href":"https:\/\/bicycool.pl\/index.php?rest_route=\/wp\/v2\/media\/8198"}],"wp:attachment":[{"href":"https:\/\/bicycool.pl\/index.php?rest_route=%2Fwp%2Fv2%2Fmedia&parent=8196"}],"wp:term":[{"taxonomy":"product_brand","embeddable":true,"href":"https:\/\/bicycool.pl\/index.php?rest_route=%2Fwp%2Fv2%2Fproduct_brand&post=8196"},{"taxonomy":"product_cat","embeddable":true,"href":"https:\/\/bicycool.pl\/index.php?rest_route=%2Fwp%2Fv2%2Fproduct_cat&post=8196"},{"taxonomy":"product_tag","embeddable":true,"href":"https:\/\/bicycool.pl\/index.php?rest_route=%2Fwp%2Fv2%2Fproduct_tag&post=8196"}],"curies":[{"name":"wp","href":"https:\/\/api.w.org\/{rel}","templated":true}]}}