{"id":8200,"date":"2025-12-17T15:03:29","date_gmt":"2025-12-17T14:03:29","guid":{"rendered":"https:\/\/bicycool.pl\/?post_type=product&#038;p=8200"},"modified":"2025-12-17T15:08:35","modified_gmt":"2025-12-17T14:08:35","slug":"shimano-105-rd-1050-tylna-przerzutka","status":"publish","type":"product","link":"https:\/\/bicycool.pl\/?product=shimano-105-rd-1050-tylna-przerzutka","title":{"rendered":"Shimano 105 RD-1050 \u2013 tylna przerzutka"},"content":{"rendered":"<h1 data-start=\"93\" data-end=\"147\">Shimano 105 RD-1050 \u2013 tylna przerzutka<\/h1>\n<p><strong data-start=\"149\" data-end=\"168\">Shimano RD-1050<\/strong> to klasyczna tylna przerzutka z serii <strong data-start=\"207\" data-end=\"219\">105<\/strong>, produkowana w Japonii w latach <strong data-start=\"252\" data-end=\"265\">1987\u20131989<\/strong>. Model cechuje si\u0119 solidnym wykonaniem i precyzyjn\u0105 zmian\u0105 bieg\u00f3w, typow\u0105 dla komponent\u00f3w Shimano z ko\u0144ca lat 80.<\/p>\n<p>Przerzutka RD-1050 doskonale sprawdza si\u0119 w <strong data-start=\"427\" data-end=\"470\">renowacji klasycznych rower\u00f3w szosowych<\/strong>, projektach vintage lub jako element kolekcjonerski dla mi\u0142o\u015bnik\u00f3w retro Shimano.<\/p>\n<hr data-start=\"554\" data-end=\"557\" \/>\n<h3 data-start=\"559\" data-end=\"576\">Specyfikacja:<\/h3>\n<ul data-start=\"577\" data-end=\"816\">\n<li data-start=\"577\" data-end=\"603\">Producent: <strong data-start=\"590\" data-end=\"601\">Shimano<\/strong><\/li>\n<li data-start=\"604\" data-end=\"634\">Grupa: <strong data-start=\"613\" data-end=\"632\">105\u00a0<\/strong><\/li>\n<li data-start=\"635\" data-end=\"657\">Model: <strong data-start=\"644\" data-end=\"655\">RD-1050<\/strong><\/li>\n<li data-start=\"658\" data-end=\"691\">Lata produkcji: <strong data-start=\"676\" data-end=\"689\">1987\u20131989<\/strong><\/li>\n<li data-start=\"692\" data-end=\"723\">Kraj produkcji: <strong data-start=\"710\" data-end=\"721\">Japonia<\/strong><\/li>\n<li data-start=\"754\" data-end=\"816\"><strong>STAN: U\u017bYWANA<\/strong><\/li>\n<\/ul>\n","protected":false},"excerpt":{"rendered":"<p>Shimano 105 RD-1050 \u2013 tylna przerzutka Shimano RD-1050 to klasyczna tylna przerzutka z serii 105, produkowana w Japonii w latach 1987\u20131989. Model cechuje si\u0119 solidnym wykonaniem i precyzyjn\u0105 zmian\u0105 bieg\u00f3w, typow\u0105 dla komponent\u00f3w Shimano z ko\u0144ca lat 80. Przerzutka RD-1050 doskonale sprawdza si\u0119 w renowacji klasycznych rower\u00f3w szosowych, projektach vintage lub jako element kolekcjonerski dla&hellip;<\/p>\n","protected":false},"featured_media":8201,"comment_status":"open","ping_status":"closed","template":"","meta":[],"product_brand":[],"product_cat":[28],"product_tag":[],"class_list":{"0":"post-8200","1":"product","2":"type-product","3":"status-publish","4":"has-post-thumbnail","6":"product_cat-czesci-i-akcesoria-uzywane","7":"product_shipping_class-mala-paczka","9":"first","10":"instock","11":"shipping-taxable","12":"purchasable","13":"product-type-simple"},"_links":{"self":[{"href":"https:\/\/bicycool.pl\/index.php?rest_route=\/wp\/v2\/product\/8200","targetHints":{"allow":["GET"]}}],"collection":[{"href":"https:\/\/bicycool.pl\/index.php?rest_route=\/wp\/v2\/product"}],"about":[{"href":"https:\/\/bicycool.pl\/index.php?rest_route=\/wp\/v2\/types\/product"}],"replies":[{"embeddable":true,"href":"https:\/\/bicycool.pl\/index.php?rest_route=%2Fwp%2Fv2%2Fcomments&post=8200"}],"wp:featuredmedia":[{"embeddable":true,"href":"https:\/\/bicycool.pl\/index.php?rest_route=\/wp\/v2\/media\/8201"}],"wp:attachment":[{"href":"https:\/\/bicycool.pl\/index.php?rest_route=%2Fwp%2Fv2%2Fmedia&parent=8200"}],"wp:term":[{"taxonomy":"product_brand","embeddable":true,"href":"https:\/\/bicycool.pl\/index.php?rest_route=%2Fwp%2Fv2%2Fproduct_brand&post=8200"},{"taxonomy":"product_cat","embeddable":true,"href":"https:\/\/bicycool.pl\/index.php?rest_route=%2Fwp%2Fv2%2Fproduct_cat&post=8200"},{"taxonomy":"product_tag","embeddable":true,"href":"https:\/\/bicycool.pl\/index.php?rest_route=%2Fwp%2Fv2%2Fproduct_tag&post=8200"}],"curies":[{"name":"wp","href":"https:\/\/api.w.org\/{rel}","templated":true}]}}