{"id":8217,"date":"2025-12-17T15:49:12","date_gmt":"2025-12-17T14:49:12","guid":{"rendered":"https:\/\/bicycool.pl\/?post_type=product&#038;p=8217"},"modified":"2025-12-17T15:57:45","modified_gmt":"2025-12-17T14:57:45","slug":"shimano-rsx-fd-a417-przerzutka-przednia-szosa-3x8s","status":"publish","type":"product","link":"https:\/\/bicycool.pl\/?product=shimano-rsx-fd-a417-przerzutka-przednia-szosa-3x8s","title":{"rendered":"Shimano RSX FD-A417 &#8211; Przerzutka przednia Szosa 3x8s"},"content":{"rendered":"<h1 data-start=\"129\" data-end=\"181\">Shimano RSX FD-A417 \u2013 przednia przerzutka<\/h1>\n<p data-start=\"183\" data-end=\"440\"><strong data-start=\"183\" data-end=\"202\">Shimano FD-A417<\/strong> to przednia przerzutka z grupy <strong data-start=\"234\" data-end=\"241\">RSX<\/strong>, produkowana w <strong data-start=\"257\" data-end=\"280\">1999 roku w Japonii<\/strong>. Model RSX by\u0142 przeznaczony do szosowych nap\u0119d\u00f3w z ko\u0144ca lat 90., oferuj\u0105c solidn\u0105 jako\u015b\u0107 wykonania i precyzyjn\u0105 zmian\u0119 prze\u0142o\u017ce\u0144 w przyst\u0119pnej grupie Shimano.<\/p>\n<h3 data-start=\"656\" data-end=\"673\">Specyfikacja:<\/h3>\n<p>&nbsp;<\/p>\n<ul data-start=\"674\" data-end=\"970\">\n<li data-start=\"674\" data-end=\"710\">\n<p data-start=\"676\" data-end=\"710\">Kategoria: <strong data-start=\"687\" data-end=\"710\">przerzutka przednia<\/strong><\/p>\n<\/li>\n<li data-start=\"711\" data-end=\"735\">\n<p data-start=\"713\" data-end=\"735\">Producent: <strong data-start=\"724\" data-end=\"735\">Shimano<\/strong><\/p>\n<\/li>\n<li data-start=\"736\" data-end=\"752\">\n<p data-start=\"738\" data-end=\"752\">Grupa: <strong data-start=\"745\" data-end=\"752\">RSX<\/strong><\/p>\n<\/li>\n<li data-start=\"753\" data-end=\"773\">\n<p data-start=\"755\" data-end=\"773\">Model: <strong data-start=\"762\" data-end=\"773\">FD-A417<\/strong><\/p>\n<\/li>\n<li data-start=\"774\" data-end=\"799\">\n<p data-start=\"776\" data-end=\"799\">Rok produkcji: <strong data-start=\"791\" data-end=\"799\">1999<\/strong><\/p>\n<\/li>\n<li data-start=\"800\" data-end=\"829\">\n<p data-start=\"802\" data-end=\"829\">Kraj produkcji: <strong data-start=\"818\" data-end=\"829\">Japonia<\/strong><\/p>\n<\/li>\n<li data-start=\"800\" data-end=\"829\"><strong>STAN &#8211; Nieu\u017cywany \/ NOS \/ Mo\u017ce posiada\u0107 ryski\u00a0<\/strong><\/li>\n<\/ul>\n<hr data-start=\"972\" data-end=\"975\" \/>\n","protected":false},"excerpt":{"rendered":"<p>Shimano RSX FD-A417 \u2013 przednia przerzutka Shimano FD-A417 to przednia przerzutka z grupy RSX, produkowana w 1999 roku w Japonii. Model RSX by\u0142 przeznaczony do szosowych nap\u0119d\u00f3w z ko\u0144ca lat 90., oferuj\u0105c solidn\u0105 jako\u015b\u0107 wykonania i precyzyjn\u0105 zmian\u0119 prze\u0142o\u017ce\u0144 w przyst\u0119pnej grupie Shimano. Specyfikacja: &nbsp; Kategoria: przerzutka przednia Producent: Shimano Grupa: RSX Model: FD-A417 Rok&hellip;<\/p>\n","protected":false},"featured_media":8219,"comment_status":"open","ping_status":"closed","template":"","meta":[],"product_brand":[],"product_cat":[27,85,174],"product_tag":[],"class_list":{"0":"post-8217","1":"product","2":"type-product","3":"status-publish","4":"has-post-thumbnail","6":"product_cat-czesci-nowe","7":"product_cat-outlet","8":"product_cat-przerzutki","9":"product_shipping_class-mala-paczka","11":"first","12":"instock","13":"shipping-taxable","14":"purchasable","15":"product-type-simple"},"_links":{"self":[{"href":"https:\/\/bicycool.pl\/index.php?rest_route=\/wp\/v2\/product\/8217","targetHints":{"allow":["GET"]}}],"collection":[{"href":"https:\/\/bicycool.pl\/index.php?rest_route=\/wp\/v2\/product"}],"about":[{"href":"https:\/\/bicycool.pl\/index.php?rest_route=\/wp\/v2\/types\/product"}],"replies":[{"embeddable":true,"href":"https:\/\/bicycool.pl\/index.php?rest_route=%2Fwp%2Fv2%2Fcomments&post=8217"}],"wp:featuredmedia":[{"embeddable":true,"href":"https:\/\/bicycool.pl\/index.php?rest_route=\/wp\/v2\/media\/8219"}],"wp:attachment":[{"href":"https:\/\/bicycool.pl\/index.php?rest_route=%2Fwp%2Fv2%2Fmedia&parent=8217"}],"wp:term":[{"taxonomy":"product_brand","embeddable":true,"href":"https:\/\/bicycool.pl\/index.php?rest_route=%2Fwp%2Fv2%2Fproduct_brand&post=8217"},{"taxonomy":"product_cat","embeddable":true,"href":"https:\/\/bicycool.pl\/index.php?rest_route=%2Fwp%2Fv2%2Fproduct_cat&post=8217"},{"taxonomy":"product_tag","embeddable":true,"href":"https:\/\/bicycool.pl\/index.php?rest_route=%2Fwp%2Fv2%2Fproduct_tag&post=8217"}],"curies":[{"name":"wp","href":"https:\/\/api.w.org\/{rel}","templated":true}]}}