{"id":8225,"date":"2025-12-17T16:03:34","date_gmt":"2025-12-17T15:03:34","guid":{"rendered":"https:\/\/bicycool.pl\/?post_type=product&#038;p=8225"},"modified":"2025-12-17T16:16:39","modified_gmt":"2025-12-17T15:16:39","slug":"shimano-deore-fd-m617-przednia-przerzutka-direct-mount","status":"publish","type":"product","link":"https:\/\/bicycool.pl\/?product=shimano-deore-fd-m617-przednia-przerzutka-direct-mount","title":{"rendered":"Shimano Deore FD-M617 \u2013 przednia przerzutka Direct Mount"},"content":{"rendered":"<h1 data-start=\"120\" data-end=\"185\">Shimano Deore FD-M617 \u2013 przednia przerzutka Side Swing<\/h1>\n<p data-start=\"187\" data-end=\"493\"><strong data-start=\"187\" data-end=\"214\">Shimano Deore FD-M617 <\/strong>\u00a0to nowoczesna przednia przerzutka z technologi\u0105 <strong data-start=\"263\" data-end=\"277\">Side Swing<\/strong>, zaprojektowana z my\u015bl\u0105 o nap\u0119dach <strong data-start=\"313\" data-end=\"321\">2\u00d710<\/strong> w rowerach MTB. Dzi\u0119ki bocznemu prowadzeniu linki zapewnia <strong data-start=\"381\" data-end=\"426\">l\u017cejsz\u0105, precyzyjniejsz\u0105 zmian\u0119 prze\u0142o\u017ce\u0144<\/strong> oraz lepsz\u0105 kompatybilno\u015b\u0107 z ramami o kr\u00f3tkich tylnych tr\u00f3jk\u0105tach.<\/p>\n<p data-start=\"495\" data-end=\"663\">Model w wersji <strong data-start=\"510\" data-end=\"547\">Direct Mount (bezpo\u015bredni monta\u017c)<\/strong> gwarantuje sztywniejsze mocowanie i czyst\u0105 estetyk\u0119, a system <strong data-start=\"610\" data-end=\"624\">Front Pull<\/strong> umo\u017cliwia prowadzenie linki od przodu.<\/p>\n<hr data-start=\"665\" data-end=\"668\" \/>\n<h3 data-start=\"670\" data-end=\"698\">Specyfikacja techniczna:<\/h3>\n<ul data-start=\"699\" data-end=\"1172\">\n<li data-start=\"699\" data-end=\"723\">\n<p data-start=\"701\" data-end=\"723\">Producent: <strong data-start=\"712\" data-end=\"723\">Shimano<\/strong><\/p>\n<\/li>\n<li data-start=\"724\" data-end=\"742\">\n<p data-start=\"726\" data-end=\"742\">Grupa: <strong data-start=\"733\" data-end=\"742\">Deore<\/strong><\/p>\n<\/li>\n<li data-start=\"743\" data-end=\"765\">\n<p data-start=\"745\" data-end=\"765\">Model: <strong data-start=\"752\" data-end=\"765\">FD-M617<\/strong><\/p>\n<\/li>\n<li data-start=\"797\" data-end=\"826\">\n<p data-start=\"799\" data-end=\"826\">Technologia: <strong data-start=\"812\" data-end=\"826\">Side Swing<\/strong><\/p>\n<\/li>\n<li data-start=\"827\" data-end=\"867\">\n<p data-start=\"829\" data-end=\"867\">Monta\u017c: <strong data-start=\"837\" data-end=\"867\">Direct Mount (bezpo\u015bredni)<\/strong><\/p>\n<\/li>\n<li data-start=\"868\" data-end=\"903\">\n<p data-start=\"870\" data-end=\"903\">Prowadzenie linki: <strong data-start=\"889\" data-end=\"903\">Front Pull<\/strong><\/p>\n<\/li>\n<li data-start=\"904\" data-end=\"921\">\n<p data-start=\"906\" data-end=\"921\">Nap\u0119d: <strong data-start=\"913\" data-end=\"921\">2\u00d710<\/strong><\/p>\n<\/li>\n<li data-start=\"996\" data-end=\"1033\">\n<p data-start=\"998\" data-end=\"1033\">Zalecana wielko\u015b\u0107 tarcz: <strong data-start=\"1023\" data-end=\"1033\">36\u201338T<\/strong><\/p>\n<\/li>\n<li data-start=\"1034\" data-end=\"1064\">\n<p data-start=\"1036\" data-end=\"1064\">Ca\u0142kowita pojemno\u015b\u0107: <strong data-start=\"1057\" data-end=\"1064\">14T<\/strong><\/p>\n<\/li>\n<li data-start=\"1107\" data-end=\"1142\"><strong>STAN: U\u017bYWANY<\/strong><\/li>\n<\/ul>\n","protected":false},"excerpt":{"rendered":"<p>Shimano Deore FD-M617 \u2013 przednia przerzutka Side Swing Shimano Deore FD-M617 \u00a0to nowoczesna przednia przerzutka z technologi\u0105 Side Swing, zaprojektowana z my\u015bl\u0105 o nap\u0119dach 2\u00d710 w rowerach MTB. Dzi\u0119ki bocznemu prowadzeniu linki zapewnia l\u017cejsz\u0105, precyzyjniejsz\u0105 zmian\u0119 prze\u0142o\u017ce\u0144 oraz lepsz\u0105 kompatybilno\u015b\u0107 z ramami o kr\u00f3tkich tylnych tr\u00f3jk\u0105tach. Model w wersji Direct Mount (bezpo\u015bredni monta\u017c) gwarantuje sztywniejsze&hellip;<\/p>\n","protected":false},"featured_media":8227,"comment_status":"open","ping_status":"closed","template":"","meta":[],"product_brand":[],"product_cat":[28],"product_tag":[],"class_list":{"0":"post-8225","1":"product","2":"type-product","3":"status-publish","4":"has-post-thumbnail","6":"product_cat-czesci-i-akcesoria-uzywane","7":"product_shipping_class-mala-paczka","9":"first","10":"instock","11":"shipping-taxable","12":"purchasable","13":"product-type-simple"},"_links":{"self":[{"href":"https:\/\/bicycool.pl\/index.php?rest_route=\/wp\/v2\/product\/8225","targetHints":{"allow":["GET"]}}],"collection":[{"href":"https:\/\/bicycool.pl\/index.php?rest_route=\/wp\/v2\/product"}],"about":[{"href":"https:\/\/bicycool.pl\/index.php?rest_route=\/wp\/v2\/types\/product"}],"replies":[{"embeddable":true,"href":"https:\/\/bicycool.pl\/index.php?rest_route=%2Fwp%2Fv2%2Fcomments&post=8225"}],"wp:featuredmedia":[{"embeddable":true,"href":"https:\/\/bicycool.pl\/index.php?rest_route=\/wp\/v2\/media\/8227"}],"wp:attachment":[{"href":"https:\/\/bicycool.pl\/index.php?rest_route=%2Fwp%2Fv2%2Fmedia&parent=8225"}],"wp:term":[{"taxonomy":"product_brand","embeddable":true,"href":"https:\/\/bicycool.pl\/index.php?rest_route=%2Fwp%2Fv2%2Fproduct_brand&post=8225"},{"taxonomy":"product_cat","embeddable":true,"href":"https:\/\/bicycool.pl\/index.php?rest_route=%2Fwp%2Fv2%2Fproduct_cat&post=8225"},{"taxonomy":"product_tag","embeddable":true,"href":"https:\/\/bicycool.pl\/index.php?rest_route=%2Fwp%2Fv2%2Fproduct_tag&post=8225"}],"curies":[{"name":"wp","href":"https:\/\/api.w.org\/{rel}","templated":true}]}}