{"id":8229,"date":"2025-12-17T16:19:22","date_gmt":"2025-12-17T15:19:22","guid":{"rendered":"https:\/\/bicycool.pl\/?post_type=product&#038;p=8229"},"modified":"2026-04-01T19:26:22","modified_gmt":"2026-04-01T17:26:22","slug":"przerzutka-przednia-shimano-deore-xt-fd-m771-10-3x10s","status":"publish","type":"product","link":"https:\/\/bicycool.pl\/?product=przerzutka-przednia-shimano-deore-xt-fd-m771-10-3x10s","title":{"rendered":"Przerzutka przednia Shimano Deore XT FD-M771-10 3x10s"},"content":{"rendered":"<h1 data-start=\"115\" data-end=\"174\">Przerzutka przednia Shimano Deore XT FD-M771-10 Dyna-Sys<\/h1>\n<p><strong data-start=\"176\" data-end=\"207\">Shimano Deore XT FD-M771-10<\/strong> to wysokiej klasy przednia przerzutka MTB zaprojektowana do nap\u0119d\u00f3w <strong data-start=\"276\" data-end=\"284\">3\u00d710<\/strong> w systemie <strong data-start=\"296\" data-end=\"308\">Dyna-Sys<\/strong>. Model z rocznika <strong data-start=\"327\" data-end=\"335\">2011<\/strong> \u0142\u0105czy nisk\u0105 wag\u0119, wysok\u0105 sztywno\u015b\u0107 oraz wyj\u0105tkow\u0105 precyzj\u0119 dzia\u0142ania, nawet pod du\u017cym obci\u0105\u017ceniem.<\/p>\n<hr data-start=\"662\" data-end=\"665\" \/>\n<h3 data-start=\"667\" data-end=\"695\">Specyfikacja techniczna:<\/h3>\n<p>&nbsp;<\/p>\n<ul data-start=\"696\" data-end=\"1211\">\n<li data-start=\"696\" data-end=\"720\">Producent: <strong data-start=\"709\" data-end=\"720\">Shimano<\/strong><\/li>\n<li data-start=\"721\" data-end=\"742\">Grupa: <strong data-start=\"730\" data-end=\"742\">Deore XT<\/strong><\/li>\n<li data-start=\"743\" data-end=\"766\">Model: <strong data-start=\"752\" data-end=\"766\">FD-M771-10<\/strong><\/li>\n<li data-start=\"767\" data-end=\"797\">Typ: <strong data-start=\"774\" data-end=\"797\">przerzutka przednia<\/strong><\/li>\n<li data-start=\"821\" data-end=\"838\">Nap\u0119d: <strong data-start=\"830\" data-end=\"838\">3\u00d710<\/strong><\/li>\n<li data-start=\"839\" data-end=\"894\">Prowadzenie linki: <strong data-start=\"860\" data-end=\"894\">DUAL PULL (g\u00f3rny i dolny ci\u0105g)<\/strong><\/li>\n<li data-start=\"895\" data-end=\"927\">Typ wychylenia: <strong data-start=\"913\" data-end=\"927\">Down Swing<\/strong><\/li>\n<li data-start=\"928\" data-end=\"956\">Maksymalna tarcza: <strong data-start=\"949\" data-end=\"956\">42T<\/strong><\/li>\n<li data-start=\"957\" data-end=\"984\">Minimalna tarcza: <strong data-start=\"977\" data-end=\"984\">10T<\/strong><\/li>\n<li data-start=\"985\" data-end=\"1015\">Ca\u0142kowita pojemno\u015b\u0107: <strong data-start=\"1008\" data-end=\"1015\">18T<\/strong><\/li>\n<li data-start=\"1080\" data-end=\"1103\">Mocowanie: <strong data-start=\"1093\" data-end=\"1103\">obejma<\/strong><\/li>\n<li data-start=\"1104\" data-end=\"1141\">\u015arednica obejmy: <strong data-start=\"1123\" data-end=\"1141\">34,9 mm<\/strong><\/li>\n<li data-start=\"1179\" data-end=\"1211\"><strong>STAN: U\u017bYWANE<\/strong><\/li>\n<\/ul>\n","protected":false},"excerpt":{"rendered":"<p>Przerzutka przednia Shimano Deore XT FD-M771-10 Dyna-Sys Shimano Deore XT FD-M771-10 to wysokiej klasy przednia przerzutka MTB zaprojektowana do nap\u0119d\u00f3w 3\u00d710 w systemie Dyna-Sys. Model z rocznika 2011 \u0142\u0105czy nisk\u0105 wag\u0119, wysok\u0105 sztywno\u015b\u0107 oraz wyj\u0105tkow\u0105 precyzj\u0119 dzia\u0142ania, nawet pod du\u017cym obci\u0105\u017ceniem. Specyfikacja techniczna: &nbsp; Producent: Shimano Grupa: Deore XT Model: FD-M771-10 Typ: przerzutka przednia Nap\u0119d:&hellip;<\/p>\n","protected":false},"featured_media":8231,"comment_status":"open","ping_status":"closed","template":"","meta":[],"product_brand":[],"product_cat":[28],"product_tag":[],"class_list":{"0":"post-8229","1":"product","2":"type-product","3":"status-publish","4":"has-post-thumbnail","6":"product_cat-czesci-i-akcesoria-uzywane","7":"product_shipping_class-mala-paczka","9":"first","10":"outofstock","11":"shipping-taxable","12":"purchasable","13":"product-type-simple"},"_links":{"self":[{"href":"https:\/\/bicycool.pl\/index.php?rest_route=\/wp\/v2\/product\/8229","targetHints":{"allow":["GET"]}}],"collection":[{"href":"https:\/\/bicycool.pl\/index.php?rest_route=\/wp\/v2\/product"}],"about":[{"href":"https:\/\/bicycool.pl\/index.php?rest_route=\/wp\/v2\/types\/product"}],"replies":[{"embeddable":true,"href":"https:\/\/bicycool.pl\/index.php?rest_route=%2Fwp%2Fv2%2Fcomments&post=8229"}],"wp:featuredmedia":[{"embeddable":true,"href":"https:\/\/bicycool.pl\/index.php?rest_route=\/wp\/v2\/media\/8231"}],"wp:attachment":[{"href":"https:\/\/bicycool.pl\/index.php?rest_route=%2Fwp%2Fv2%2Fmedia&parent=8229"}],"wp:term":[{"taxonomy":"product_brand","embeddable":true,"href":"https:\/\/bicycool.pl\/index.php?rest_route=%2Fwp%2Fv2%2Fproduct_brand&post=8229"},{"taxonomy":"product_cat","embeddable":true,"href":"https:\/\/bicycool.pl\/index.php?rest_route=%2Fwp%2Fv2%2Fproduct_cat&post=8229"},{"taxonomy":"product_tag","embeddable":true,"href":"https:\/\/bicycool.pl\/index.php?rest_route=%2Fwp%2Fv2%2Fproduct_tag&post=8229"}],"curies":[{"name":"wp","href":"https:\/\/api.w.org\/{rel}","templated":true}]}}