{"id":823,"date":"2023-11-30T14:52:45","date_gmt":"2023-11-30T13:52:45","guid":{"rendered":"https:\/\/bicycool.pl\/?post_type=product&#038;p=823"},"modified":"2023-11-30T14:55:11","modified_gmt":"2023-11-30T13:55:11","slug":"kierownica-szosowa-retro-czarna-254mm-41cm","status":"publish","type":"product","link":"https:\/\/bicycool.pl\/?product=kierownica-szosowa-retro-czarna-254mm-41cm","title":{"rendered":"Kierownica szosowa RETRO czarna 25,4mm 41cm"},"content":{"rendered":"<h3 class=\"Product_product-title__BALAQ\">Kierownica szosowa<\/h3>\n<ul>\n<li><strong>Szeroko\u015b\u0107 mierzona w dolnym chwycie<\/strong> 41cm<\/li>\n<li><b>Monta\u017c<\/b> 25,4mm<\/li>\n<li><strong>Kierownica polakierowana proszkowo na czarno<\/strong><\/li>\n<li><strong>Stan<\/strong> &#8211; u\u017cywana<\/li>\n<\/ul>\n","protected":false},"excerpt":{"rendered":"<p>Kierownica szosowa Szeroko\u015b\u0107 mierzona w dolnym chwycie 41cm Monta\u017c 25,4mm Kierownica polakierowana proszkowo na czarno Stan &#8211; u\u017cywana<\/p>\n","protected":false},"featured_media":825,"comment_status":"open","ping_status":"closed","template":"","meta":[],"product_brand":[],"product_cat":[28],"product_tag":[],"class_list":{"0":"post-823","1":"product","2":"type-product","3":"status-publish","4":"has-post-thumbnail","6":"product_cat-czesci-i-akcesoria-uzywane","7":"product_shipping_class-mala-paczka","9":"first","10":"instock","11":"shipping-taxable","12":"purchasable","13":"product-type-simple"},"_links":{"self":[{"href":"https:\/\/bicycool.pl\/index.php?rest_route=\/wp\/v2\/product\/823","targetHints":{"allow":["GET"]}}],"collection":[{"href":"https:\/\/bicycool.pl\/index.php?rest_route=\/wp\/v2\/product"}],"about":[{"href":"https:\/\/bicycool.pl\/index.php?rest_route=\/wp\/v2\/types\/product"}],"replies":[{"embeddable":true,"href":"https:\/\/bicycool.pl\/index.php?rest_route=%2Fwp%2Fv2%2Fcomments&post=823"}],"wp:featuredmedia":[{"embeddable":true,"href":"https:\/\/bicycool.pl\/index.php?rest_route=\/wp\/v2\/media\/825"}],"wp:attachment":[{"href":"https:\/\/bicycool.pl\/index.php?rest_route=%2Fwp%2Fv2%2Fmedia&parent=823"}],"wp:term":[{"taxonomy":"product_brand","embeddable":true,"href":"https:\/\/bicycool.pl\/index.php?rest_route=%2Fwp%2Fv2%2Fproduct_brand&post=823"},{"taxonomy":"product_cat","embeddable":true,"href":"https:\/\/bicycool.pl\/index.php?rest_route=%2Fwp%2Fv2%2Fproduct_cat&post=823"},{"taxonomy":"product_tag","embeddable":true,"href":"https:\/\/bicycool.pl\/index.php?rest_route=%2Fwp%2Fv2%2Fproduct_tag&post=823"}],"curies":[{"name":"wp","href":"https:\/\/api.w.org\/{rel}","templated":true}]}}