{"id":8233,"date":"2025-12-17T16:25:05","date_gmt":"2025-12-17T15:25:05","guid":{"rendered":"https:\/\/bicycool.pl\/?post_type=product&#038;p=8233"},"modified":"2025-12-17T16:31:12","modified_gmt":"2025-12-17T15:31:12","slug":"shimano-fd-m739-deore-xt-przednia-przerzutka-3x8s","status":"publish","type":"product","link":"https:\/\/bicycool.pl\/?product=shimano-fd-m739-deore-xt-przednia-przerzutka-3x8s","title":{"rendered":"Shimano FD-M739 Deore XT \u2013 przednia przerzutka 3x8s"},"content":{"rendered":"<h1 data-start=\"100\" data-end=\"162\">Shimano FD-M739 Deore XT \u2013 przednia przerzutka<\/h1>\n<p><strong data-start=\"164\" data-end=\"183\">Shimano FD-M739<\/strong> to wysokiej klasy przednia przerzutka MTB z legendarnej grupy <strong data-start=\"246\" data-end=\"263\">Deore XT M739<\/strong>, produkowana w <strong data-start=\"279\" data-end=\"290\">Japonii<\/strong> w latach <strong data-start=\"300\" data-end=\"313\">1996\u20131998<\/strong>. Model ten uchodzi za jeden z najbardziej dopracowanych komponent\u00f3w XT z po\u0142owy lat 90., ceniony za precyzj\u0119 dzia\u0142ania, trwa\u0142o\u015b\u0107 oraz nisk\u0105 mas\u0119.<\/p>\n<p data-start=\"461\" data-end=\"649\">\n<p data-start=\"656\" data-end=\"673\">Specyfikacja:<\/p>\n<ul data-start=\"674\" data-end=\"959\">\n<li data-start=\"674\" data-end=\"710\">\n<p data-start=\"676\" data-end=\"710\">Kategoria: <strong data-start=\"687\" data-end=\"710\">przerzutka przednia<\/strong><\/p>\n<\/li>\n<li data-start=\"711\" data-end=\"735\">\n<p data-start=\"713\" data-end=\"735\">Producent: <strong data-start=\"724\" data-end=\"735\">Shimano<\/strong><\/p>\n<\/li>\n<li data-start=\"736\" data-end=\"762\">\n<p data-start=\"738\" data-end=\"762\">Grupa: <strong data-start=\"745\" data-end=\"762\">Deore XT M739<\/strong><\/p>\n<\/li>\n<li data-start=\"763\" data-end=\"783\">\n<p data-start=\"765\" data-end=\"783\">Model: <strong data-start=\"772\" data-end=\"783\">FD-M739<\/strong><\/p>\n<\/li>\n<li data-start=\"784\" data-end=\"815\">\n<p data-start=\"786\" data-end=\"815\">Lata produkcji: <strong data-start=\"802\" data-end=\"815\">1996\u20131998<\/strong><\/p>\n<\/li>\n<li data-start=\"816\" data-end=\"845\">\n<p data-start=\"818\" data-end=\"845\">Kraj produkcji: <strong data-start=\"834\" data-end=\"845\">Japonia<\/strong><\/p>\n<\/li>\n<li data-start=\"878\" data-end=\"909\">\n<p data-start=\"880\" data-end=\"909\">Mocowanie: <strong data-start=\"891\" data-end=\"909\">obejma 31,8mm<\/strong><\/p>\n<\/li>\n<li>Nap\u0119d: <strong data-start=\"830\" data-end=\"838\">3\u00d78<\/strong><\/li>\n<li data-start=\"910\" data-end=\"959\">\n<p data-start=\"912\" data-end=\"959\"><strong>STAN: U\u017bYWANY<\/strong><\/p>\n<\/li>\n<\/ul>\n","protected":false},"excerpt":{"rendered":"<p>Shimano FD-M739 Deore XT \u2013 przednia przerzutka Shimano FD-M739 to wysokiej klasy przednia przerzutka MTB z legendarnej grupy Deore XT M739, produkowana w Japonii w latach 1996\u20131998. Model ten uchodzi za jeden z najbardziej dopracowanych komponent\u00f3w XT z po\u0142owy lat 90., ceniony za precyzj\u0119 dzia\u0142ania, trwa\u0142o\u015b\u0107 oraz nisk\u0105 mas\u0119. Specyfikacja: Kategoria: przerzutka przednia Producent: Shimano&hellip;<\/p>\n","protected":false},"featured_media":8235,"comment_status":"open","ping_status":"closed","template":"","meta":[],"product_brand":[],"product_cat":[28],"product_tag":[],"class_list":{"0":"post-8233","1":"product","2":"type-product","3":"status-publish","4":"has-post-thumbnail","6":"product_cat-czesci-i-akcesoria-uzywane","7":"product_shipping_class-mala-paczka","9":"first","10":"instock","11":"shipping-taxable","12":"purchasable","13":"product-type-simple"},"_links":{"self":[{"href":"https:\/\/bicycool.pl\/index.php?rest_route=\/wp\/v2\/product\/8233","targetHints":{"allow":["GET"]}}],"collection":[{"href":"https:\/\/bicycool.pl\/index.php?rest_route=\/wp\/v2\/product"}],"about":[{"href":"https:\/\/bicycool.pl\/index.php?rest_route=\/wp\/v2\/types\/product"}],"replies":[{"embeddable":true,"href":"https:\/\/bicycool.pl\/index.php?rest_route=%2Fwp%2Fv2%2Fcomments&post=8233"}],"wp:featuredmedia":[{"embeddable":true,"href":"https:\/\/bicycool.pl\/index.php?rest_route=\/wp\/v2\/media\/8235"}],"wp:attachment":[{"href":"https:\/\/bicycool.pl\/index.php?rest_route=%2Fwp%2Fv2%2Fmedia&parent=8233"}],"wp:term":[{"taxonomy":"product_brand","embeddable":true,"href":"https:\/\/bicycool.pl\/index.php?rest_route=%2Fwp%2Fv2%2Fproduct_brand&post=8233"},{"taxonomy":"product_cat","embeddable":true,"href":"https:\/\/bicycool.pl\/index.php?rest_route=%2Fwp%2Fv2%2Fproduct_cat&post=8233"},{"taxonomy":"product_tag","embeddable":true,"href":"https:\/\/bicycool.pl\/index.php?rest_route=%2Fwp%2Fv2%2Fproduct_tag&post=8233"}],"curies":[{"name":"wp","href":"https:\/\/api.w.org\/{rel}","templated":true}]}}