{"id":8241,"date":"2025-12-17T16:39:27","date_gmt":"2025-12-17T15:39:27","guid":{"rendered":"https:\/\/bicycool.pl\/?post_type=product&#038;p=8241"},"modified":"2025-12-17T16:41:47","modified_gmt":"2025-12-17T15:41:47","slug":"shimano-deore-xt-fd-m750-przednia-przerzutka-down-swing-318mm","status":"publish","type":"product","link":"https:\/\/bicycool.pl\/?product=shimano-deore-xt-fd-m750-przednia-przerzutka-down-swing-318mm","title":{"rendered":"Shimano Deore XT FD-M750 \u2013 przednia przerzutka\u00a0DOWN-SWING 31,8mm"},"content":{"rendered":"<h1 data-start=\"115\" data-end=\"183\">Shimano Deore XT FD-M750 \u2013 przednia przerzutka<\/h1>\n<p>&nbsp;<\/p>\n<p data-start=\"631\" data-end=\"648\"><strong>Specyfikacja:<\/strong><\/p>\n<ul data-start=\"649\" data-end=\"908\">\n<li data-start=\"649\" data-end=\"673\">\n<p data-start=\"651\" data-end=\"673\">Producent: <strong data-start=\"662\" data-end=\"673\">Shimano<\/strong><\/p>\n<\/li>\n<li data-start=\"674\" data-end=\"695\">\n<p data-start=\"676\" data-end=\"695\">Grupa: <strong data-start=\"683\" data-end=\"695\">Deore XT<\/strong><\/p>\n<\/li>\n<li data-start=\"696\" data-end=\"716\">\n<p data-start=\"698\" data-end=\"716\">Model: <strong data-start=\"705\" data-end=\"716\">FD-M750<\/strong><\/p>\n<\/li>\n<li data-start=\"696\" data-end=\"716\">Nap\u0119d: <strong>3x9s<\/strong><\/li>\n<li data-start=\"717\" data-end=\"747\">\n<p data-start=\"719\" data-end=\"747\">Typ: <strong data-start=\"724\" data-end=\"747\">DOWN-SWING<\/strong><\/p>\n<\/li>\n<li data-start=\"748\" data-end=\"778\">\n<p data-start=\"750\" data-end=\"778\">\u015arednica obejmy: <strong data-start=\"767\" data-end=\"778\">31,8 mm<\/strong><\/p>\n<\/li>\n<li data-start=\"779\" data-end=\"809\">\n<p data-start=\"781\" data-end=\"809\">Prowadzenie linki: <strong data-start=\"800\" data-end=\"809\">g\u00f3rne<\/strong><\/p>\n<\/li>\n<li data-start=\"810\" data-end=\"908\">\n<p data-start=\"812\" data-end=\"829\"><strong>STAN: U\u017bYWANY<\/strong><\/p>\n<\/li>\n<\/ul>\n","protected":false},"excerpt":{"rendered":"<p>Shimano Deore XT FD-M750 \u2013 przednia przerzutka &nbsp; Specyfikacja: Producent: Shimano Grupa: Deore XT Model: FD-M750 Nap\u0119d: 3x9s Typ: DOWN-SWING \u015arednica obejmy: 31,8 mm Prowadzenie linki: g\u00f3rne STAN: U\u017bYWANY<\/p>\n","protected":false},"featured_media":8243,"comment_status":"open","ping_status":"closed","template":"","meta":[],"product_brand":[],"product_cat":[28],"product_tag":[],"class_list":{"0":"post-8241","1":"product","2":"type-product","3":"status-publish","4":"has-post-thumbnail","6":"product_cat-czesci-i-akcesoria-uzywane","7":"product_shipping_class-mala-paczka","9":"first","10":"instock","11":"shipping-taxable","12":"purchasable","13":"product-type-simple"},"_links":{"self":[{"href":"https:\/\/bicycool.pl\/index.php?rest_route=\/wp\/v2\/product\/8241","targetHints":{"allow":["GET"]}}],"collection":[{"href":"https:\/\/bicycool.pl\/index.php?rest_route=\/wp\/v2\/product"}],"about":[{"href":"https:\/\/bicycool.pl\/index.php?rest_route=\/wp\/v2\/types\/product"}],"replies":[{"embeddable":true,"href":"https:\/\/bicycool.pl\/index.php?rest_route=%2Fwp%2Fv2%2Fcomments&post=8241"}],"wp:featuredmedia":[{"embeddable":true,"href":"https:\/\/bicycool.pl\/index.php?rest_route=\/wp\/v2\/media\/8243"}],"wp:attachment":[{"href":"https:\/\/bicycool.pl\/index.php?rest_route=%2Fwp%2Fv2%2Fmedia&parent=8241"}],"wp:term":[{"taxonomy":"product_brand","embeddable":true,"href":"https:\/\/bicycool.pl\/index.php?rest_route=%2Fwp%2Fv2%2Fproduct_brand&post=8241"},{"taxonomy":"product_cat","embeddable":true,"href":"https:\/\/bicycool.pl\/index.php?rest_route=%2Fwp%2Fv2%2Fproduct_cat&post=8241"},{"taxonomy":"product_tag","embeddable":true,"href":"https:\/\/bicycool.pl\/index.php?rest_route=%2Fwp%2Fv2%2Fproduct_tag&post=8241"}],"curies":[{"name":"wp","href":"https:\/\/api.w.org\/{rel}","templated":true}]}}