{"id":8249,"date":"2025-12-18T15:51:23","date_gmt":"2025-12-18T14:51:23","guid":{"rendered":"https:\/\/bicycool.pl\/?post_type=product&#038;p=8249"},"modified":"2025-12-18T16:19:46","modified_gmt":"2025-12-18T15:19:46","slug":"shimano-deore-lx-br-m600-v-brake-hamulce-komplet","status":"publish","type":"product","link":"https:\/\/bicycool.pl\/?product=shimano-deore-lx-br-m600-v-brake-hamulce-komplet","title":{"rendered":"Shimano Deore LX BR-M600 V-Brake Hamulce komplet"},"content":{"rendered":"<h1>Shimano Deore LX BR-M600<\/h1>\n<p>&nbsp;<\/p>\n<ul>\n<li>Komplet: <strong>prz\u00f3d + ty\u0142<\/strong><\/li>\n<li>Typ hamulca: <strong>V-Brake<\/strong><\/li>\n<li><strong>Stan: U\u017cywane \/ klocki do wymiany<\/strong><\/li>\n<\/ul>\n","protected":false},"excerpt":{"rendered":"<p>Shimano Deore LX BR-M600 &nbsp; Komplet: prz\u00f3d + ty\u0142 Typ hamulca: V-Brake Stan: U\u017cywane \/ klocki do wymiany<\/p>\n","protected":false},"featured_media":8251,"comment_status":"open","ping_status":"closed","template":"","meta":[],"product_brand":[],"product_cat":[28],"product_tag":[],"class_list":{"0":"post-8249","1":"product","2":"type-product","3":"status-publish","4":"has-post-thumbnail","6":"product_cat-czesci-i-akcesoria-uzywane","7":"product_shipping_class-mala-paczka","9":"first","10":"instock","11":"shipping-taxable","12":"purchasable","13":"product-type-simple"},"_links":{"self":[{"href":"https:\/\/bicycool.pl\/index.php?rest_route=\/wp\/v2\/product\/8249","targetHints":{"allow":["GET"]}}],"collection":[{"href":"https:\/\/bicycool.pl\/index.php?rest_route=\/wp\/v2\/product"}],"about":[{"href":"https:\/\/bicycool.pl\/index.php?rest_route=\/wp\/v2\/types\/product"}],"replies":[{"embeddable":true,"href":"https:\/\/bicycool.pl\/index.php?rest_route=%2Fwp%2Fv2%2Fcomments&post=8249"}],"wp:featuredmedia":[{"embeddable":true,"href":"https:\/\/bicycool.pl\/index.php?rest_route=\/wp\/v2\/media\/8251"}],"wp:attachment":[{"href":"https:\/\/bicycool.pl\/index.php?rest_route=%2Fwp%2Fv2%2Fmedia&parent=8249"}],"wp:term":[{"taxonomy":"product_brand","embeddable":true,"href":"https:\/\/bicycool.pl\/index.php?rest_route=%2Fwp%2Fv2%2Fproduct_brand&post=8249"},{"taxonomy":"product_cat","embeddable":true,"href":"https:\/\/bicycool.pl\/index.php?rest_route=%2Fwp%2Fv2%2Fproduct_cat&post=8249"},{"taxonomy":"product_tag","embeddable":true,"href":"https:\/\/bicycool.pl\/index.php?rest_route=%2Fwp%2Fv2%2Fproduct_tag&post=8249"}],"curies":[{"name":"wp","href":"https:\/\/api.w.org\/{rel}","templated":true}]}}