{"id":8253,"date":"2025-12-18T16:22:42","date_gmt":"2025-12-18T15:22:42","guid":{"rendered":"https:\/\/bicycool.pl\/?post_type=product&#038;p=8253"},"modified":"2025-12-18T16:49:52","modified_gmt":"2025-12-18T15:49:52","slug":"shimano-nexave-fc-c900-korba-34-46t","status":"publish","type":"product","link":"https:\/\/bicycool.pl\/?product=shimano-nexave-fc-c900-korba-34-46t","title":{"rendered":"Shimano Nexave FC-C900 \u2013 korba 34-46T"},"content":{"rendered":"<h1 data-start=\"92\" data-end=\"149\">Shimano Nexave FC-C900 \u2013 Mechanizm korbowy<\/h1>\n<p><strong data-start=\"151\" data-end=\"177\">Shimano Nexave FC-C900<\/strong> to solidna korba przeznaczona do rower\u00f3w trekkingowych i rekreacyjnych, wyprodukowana przez firm\u0119 <strong data-start=\"276\" data-end=\"287\">Shimano<\/strong>. Model pochodzi z <strong data-start=\"306\" data-end=\"319\">2003 roku<\/strong> i wykorzystuje popularny standard <strong data-start=\"354\" data-end=\"366\">Octalink<\/strong>, zapewniaj\u0105cy dobr\u0105 sztywno\u015b\u0107 i trwa\u0142o\u015b\u0107 po\u0142\u0105czenia z suportem.<\/p>\n<p><strong>Specyfikacja:<\/strong><\/p>\n<ul data-start=\"722\" data-end=\"976\">\n<li data-start=\"722\" data-end=\"746\">Producent: <strong data-start=\"735\" data-end=\"746\">Shimano<\/strong><\/li>\n<li data-start=\"747\" data-end=\"774\">Model: <strong data-start=\"756\" data-end=\"774\">Nexave FC-C900<\/strong><\/li>\n<li data-start=\"798\" data-end=\"823\">Rok produkcji: <strong data-start=\"815\" data-end=\"823\">2003<\/strong><\/li>\n<li data-start=\"824\" data-end=\"852\">D\u0142ugo\u015b\u0107 ramion: <strong data-start=\"842\" data-end=\"852\">170 mm<\/strong><\/li>\n<li data-start=\"853\" data-end=\"881\">Standard osi: <strong data-start=\"869\" data-end=\"881\">Octalink<\/strong><\/li>\n<li data-start=\"853\" data-end=\"881\">Liczba bieg\u00f3w: <strong>2<\/strong><\/li>\n<li data-start=\"853\" data-end=\"881\">Liczba z\u0119b\u00f3w: <strong>34 \/46<\/strong><\/li>\n<li data-start=\"853\" data-end=\"881\"><strong>STAN: U\u017bYWANY \/ UKRUSZONY JEDN Z\u0104BEK NA DU\u017bEJ TARCZY<\/strong><\/li>\n<\/ul>\n","protected":false},"excerpt":{"rendered":"<p>Shimano Nexave FC-C900 \u2013 Mechanizm korbowy Shimano Nexave FC-C900 to solidna korba przeznaczona do rower\u00f3w trekkingowych i rekreacyjnych, wyprodukowana przez firm\u0119 Shimano. Model pochodzi z 2003 roku i wykorzystuje popularny standard Octalink, zapewniaj\u0105cy dobr\u0105 sztywno\u015b\u0107 i trwa\u0142o\u015b\u0107 po\u0142\u0105czenia z suportem. Specyfikacja: Producent: Shimano Model: Nexave FC-C900 Rok produkcji: 2003 D\u0142ugo\u015b\u0107 ramion: 170 mm Standard osi:&hellip;<\/p>\n","protected":false},"featured_media":8256,"comment_status":"open","ping_status":"closed","template":"","meta":[],"product_brand":[],"product_cat":[28],"product_tag":[],"class_list":{"0":"post-8253","1":"product","2":"type-product","3":"status-publish","4":"has-post-thumbnail","6":"product_cat-czesci-i-akcesoria-uzywane","7":"product_shipping_class-mala-paczka","9":"first","10":"instock","11":"shipping-taxable","12":"purchasable","13":"product-type-simple"},"_links":{"self":[{"href":"https:\/\/bicycool.pl\/index.php?rest_route=\/wp\/v2\/product\/8253","targetHints":{"allow":["GET"]}}],"collection":[{"href":"https:\/\/bicycool.pl\/index.php?rest_route=\/wp\/v2\/product"}],"about":[{"href":"https:\/\/bicycool.pl\/index.php?rest_route=\/wp\/v2\/types\/product"}],"replies":[{"embeddable":true,"href":"https:\/\/bicycool.pl\/index.php?rest_route=%2Fwp%2Fv2%2Fcomments&post=8253"}],"wp:featuredmedia":[{"embeddable":true,"href":"https:\/\/bicycool.pl\/index.php?rest_route=\/wp\/v2\/media\/8256"}],"wp:attachment":[{"href":"https:\/\/bicycool.pl\/index.php?rest_route=%2Fwp%2Fv2%2Fmedia&parent=8253"}],"wp:term":[{"taxonomy":"product_brand","embeddable":true,"href":"https:\/\/bicycool.pl\/index.php?rest_route=%2Fwp%2Fv2%2Fproduct_brand&post=8253"},{"taxonomy":"product_cat","embeddable":true,"href":"https:\/\/bicycool.pl\/index.php?rest_route=%2Fwp%2Fv2%2Fproduct_cat&post=8253"},{"taxonomy":"product_tag","embeddable":true,"href":"https:\/\/bicycool.pl\/index.php?rest_route=%2Fwp%2Fv2%2Fproduct_tag&post=8253"}],"curies":[{"name":"wp","href":"https:\/\/api.w.org\/{rel}","templated":true}]}}