{"id":8258,"date":"2025-12-18T16:31:17","date_gmt":"2025-12-18T15:31:17","guid":{"rendered":"https:\/\/bicycool.pl\/?post_type=product&#038;p=8258"},"modified":"2025-12-18T16:49:44","modified_gmt":"2025-12-18T15:49:44","slug":"shimano-105-fc-1055-prawa-korba-170mm","status":"publish","type":"product","link":"https:\/\/bicycool.pl\/?product=shimano-105-fc-1055-prawa-korba-170mm","title":{"rendered":"Shimano 105 FC-1055 \u2013 Prawa korba 170mm"},"content":{"rendered":"<h1 data-start=\"92\" data-end=\"149\">Shimano 105 FC-1055\u2013 PRAWA Korba<\/h1>\n<p>&nbsp;<\/p>\n<ul>\n<li><strong>D\u0142ugo\u015b\u0107 ramienia<\/strong>\u00a0 170mm<\/li>\n<li><strong>Nap\u0119d<\/strong> 2x7s<\/li>\n<li><strong>Suport<\/strong> kwadrat<\/li>\n<li><strong>Rodzaj<\/strong> Szosa<\/li>\n<li><strong>Stan<\/strong> Nieu\u017cywana, NOS, posiada ryski<\/li>\n<\/ul>\n<p>&nbsp;<\/p>\n","protected":false},"excerpt":{"rendered":"<p>Shimano 105 FC-1055\u2013 PRAWA Korba &nbsp; D\u0142ugo\u015b\u0107 ramienia\u00a0 170mm Nap\u0119d 2x7s Suport kwadrat Rodzaj Szosa Stan Nieu\u017cywana, NOS, posiada ryski &nbsp;<\/p>\n","protected":false},"featured_media":8260,"comment_status":"open","ping_status":"closed","template":"","meta":[],"product_brand":[],"product_cat":[28],"product_tag":[],"class_list":{"0":"post-8258","1":"product","2":"type-product","3":"status-publish","4":"has-post-thumbnail","6":"product_cat-czesci-i-akcesoria-uzywane","7":"product_shipping_class-mala-paczka","9":"first","10":"instock","11":"shipping-taxable","12":"purchasable","13":"product-type-simple"},"_links":{"self":[{"href":"https:\/\/bicycool.pl\/index.php?rest_route=\/wp\/v2\/product\/8258","targetHints":{"allow":["GET"]}}],"collection":[{"href":"https:\/\/bicycool.pl\/index.php?rest_route=\/wp\/v2\/product"}],"about":[{"href":"https:\/\/bicycool.pl\/index.php?rest_route=\/wp\/v2\/types\/product"}],"replies":[{"embeddable":true,"href":"https:\/\/bicycool.pl\/index.php?rest_route=%2Fwp%2Fv2%2Fcomments&post=8258"}],"wp:featuredmedia":[{"embeddable":true,"href":"https:\/\/bicycool.pl\/index.php?rest_route=\/wp\/v2\/media\/8260"}],"wp:attachment":[{"href":"https:\/\/bicycool.pl\/index.php?rest_route=%2Fwp%2Fv2%2Fmedia&parent=8258"}],"wp:term":[{"taxonomy":"product_brand","embeddable":true,"href":"https:\/\/bicycool.pl\/index.php?rest_route=%2Fwp%2Fv2%2Fproduct_brand&post=8258"},{"taxonomy":"product_cat","embeddable":true,"href":"https:\/\/bicycool.pl\/index.php?rest_route=%2Fwp%2Fv2%2Fproduct_cat&post=8258"},{"taxonomy":"product_tag","embeddable":true,"href":"https:\/\/bicycool.pl\/index.php?rest_route=%2Fwp%2Fv2%2Fproduct_tag&post=8258"}],"curies":[{"name":"wp","href":"https:\/\/api.w.org\/{rel}","templated":true}]}}