{"id":8262,"date":"2025-12-18T16:37:23","date_gmt":"2025-12-18T15:37:23","guid":{"rendered":"https:\/\/bicycool.pl\/?post_type=product&#038;p=8262"},"modified":"2025-12-18T16:49:34","modified_gmt":"2025-12-18T15:49:34","slug":"shimano-deore-fc-m480-prawa-korba-175mm","status":"publish","type":"product","link":"https:\/\/bicycool.pl\/?product=shimano-deore-fc-m480-prawa-korba-175mm","title":{"rendered":"Shimano Deore FC-M480 \u2013 Prawa korba 175mm"},"content":{"rendered":"<h1 data-start=\"92\" data-end=\"149\">Shimano Deore FC-M480 \u2013 Prawa korba<\/h1>\n<p>&nbsp;<\/p>\n<ul>\n<li><strong>D\u0142ugo\u015b\u0107 ramienia:<\/strong> 175mm<\/li>\n<li><strong>Nap\u0119d:<\/strong> 2x7s<\/li>\n<li><strong>Suport:<\/strong> kwadrat<\/li>\n<li><strong>Rodzaj:<\/strong> MTB<\/li>\n<li><strong>STAN: U\u017bYWANA<\/strong><\/li>\n<\/ul>\n<p>&nbsp;<\/p>\n","protected":false},"excerpt":{"rendered":"<p>Shimano Deore FC-M480 \u2013 Prawa korba &nbsp; D\u0142ugo\u015b\u0107 ramienia: 175mm Nap\u0119d: 2x7s Suport: kwadrat Rodzaj: MTB STAN: U\u017bYWANA &nbsp;<\/p>\n","protected":false},"featured_media":8264,"comment_status":"open","ping_status":"closed","template":"","meta":[],"product_brand":[],"product_cat":[28],"product_tag":[],"class_list":{"0":"post-8262","1":"product","2":"type-product","3":"status-publish","4":"has-post-thumbnail","6":"product_cat-czesci-i-akcesoria-uzywane","7":"product_shipping_class-mala-paczka","9":"first","10":"instock","11":"shipping-taxable","12":"purchasable","13":"product-type-simple"},"_links":{"self":[{"href":"https:\/\/bicycool.pl\/index.php?rest_route=\/wp\/v2\/product\/8262","targetHints":{"allow":["GET"]}}],"collection":[{"href":"https:\/\/bicycool.pl\/index.php?rest_route=\/wp\/v2\/product"}],"about":[{"href":"https:\/\/bicycool.pl\/index.php?rest_route=\/wp\/v2\/types\/product"}],"replies":[{"embeddable":true,"href":"https:\/\/bicycool.pl\/index.php?rest_route=%2Fwp%2Fv2%2Fcomments&post=8262"}],"wp:featuredmedia":[{"embeddable":true,"href":"https:\/\/bicycool.pl\/index.php?rest_route=\/wp\/v2\/media\/8264"}],"wp:attachment":[{"href":"https:\/\/bicycool.pl\/index.php?rest_route=%2Fwp%2Fv2%2Fmedia&parent=8262"}],"wp:term":[{"taxonomy":"product_brand","embeddable":true,"href":"https:\/\/bicycool.pl\/index.php?rest_route=%2Fwp%2Fv2%2Fproduct_brand&post=8262"},{"taxonomy":"product_cat","embeddable":true,"href":"https:\/\/bicycool.pl\/index.php?rest_route=%2Fwp%2Fv2%2Fproduct_cat&post=8262"},{"taxonomy":"product_tag","embeddable":true,"href":"https:\/\/bicycool.pl\/index.php?rest_route=%2Fwp%2Fv2%2Fproduct_tag&post=8262"}],"curies":[{"name":"wp","href":"https:\/\/api.w.org\/{rel}","templated":true}]}}