{"id":8274,"date":"2025-12-18T16:54:29","date_gmt":"2025-12-18T15:54:29","guid":{"rendered":"https:\/\/bicycool.pl\/?post_type=product&#038;p=8274"},"modified":"2025-12-18T17:12:22","modified_gmt":"2025-12-18T16:12:22","slug":"shimano-nexave-rd-c900-tylna-przerzutka-odwrotna-sprezyna","status":"publish","type":"product","link":"https:\/\/bicycool.pl\/?product=shimano-nexave-rd-c900-tylna-przerzutka-odwrotna-sprezyna","title":{"rendered":"Shimano NEXAVE  RD-C900 \u2013 tylna przerzutka ODWROTNA SPR\u0118\u017bYNA"},"content":{"rendered":"<h1 data-start=\"93\" data-end=\"147\">Shimano NEXAVE RD-C900 \u2013 tylna przerzutka ODWROTNA SPR\u0118\u017bYNA<\/h1>\n<p><strong>Specyfikacja:<\/strong><\/p>\n<ul data-start=\"577\" data-end=\"816\">\n<li data-start=\"577\" data-end=\"603\">Producent: <strong data-start=\"590\" data-end=\"601\">Shimano<\/strong><\/li>\n<li data-start=\"577\" data-end=\"603\"><strong>Odwrotna spr\u0119\u017cyna<\/strong><\/li>\n<li data-start=\"635\" data-end=\"657\">Model: RD-C900<\/li>\n<li data-start=\"754\" data-end=\"816\"><strong>STAN: U\u017bYWANA<\/strong><\/li>\n<\/ul>\n","protected":false},"excerpt":{"rendered":"<p>Shimano NEXAVE RD-C900 \u2013 tylna przerzutka ODWROTNA SPR\u0118\u017bYNA Specyfikacja: Producent: Shimano Odwrotna spr\u0119\u017cyna Model: RD-C900 STAN: U\u017bYWANA<\/p>\n","protected":false},"featured_media":8276,"comment_status":"open","ping_status":"closed","template":"","meta":[],"product_brand":[],"product_cat":[28],"product_tag":[],"class_list":{"0":"post-8274","1":"product","2":"type-product","3":"status-publish","4":"has-post-thumbnail","6":"product_cat-czesci-i-akcesoria-uzywane","7":"product_shipping_class-mala-paczka","9":"first","10":"instock","11":"shipping-taxable","12":"purchasable","13":"product-type-simple"},"_links":{"self":[{"href":"https:\/\/bicycool.pl\/index.php?rest_route=\/wp\/v2\/product\/8274","targetHints":{"allow":["GET"]}}],"collection":[{"href":"https:\/\/bicycool.pl\/index.php?rest_route=\/wp\/v2\/product"}],"about":[{"href":"https:\/\/bicycool.pl\/index.php?rest_route=\/wp\/v2\/types\/product"}],"replies":[{"embeddable":true,"href":"https:\/\/bicycool.pl\/index.php?rest_route=%2Fwp%2Fv2%2Fcomments&post=8274"}],"wp:featuredmedia":[{"embeddable":true,"href":"https:\/\/bicycool.pl\/index.php?rest_route=\/wp\/v2\/media\/8276"}],"wp:attachment":[{"href":"https:\/\/bicycool.pl\/index.php?rest_route=%2Fwp%2Fv2%2Fmedia&parent=8274"}],"wp:term":[{"taxonomy":"product_brand","embeddable":true,"href":"https:\/\/bicycool.pl\/index.php?rest_route=%2Fwp%2Fv2%2Fproduct_brand&post=8274"},{"taxonomy":"product_cat","embeddable":true,"href":"https:\/\/bicycool.pl\/index.php?rest_route=%2Fwp%2Fv2%2Fproduct_cat&post=8274"},{"taxonomy":"product_tag","embeddable":true,"href":"https:\/\/bicycool.pl\/index.php?rest_route=%2Fwp%2Fv2%2Fproduct_tag&post=8274"}],"curies":[{"name":"wp","href":"https:\/\/api.w.org\/{rel}","templated":true}]}}