{"id":8286,"date":"2025-12-18T17:22:45","date_gmt":"2025-12-18T16:22:45","guid":{"rendered":"https:\/\/bicycool.pl\/?post_type=product&#038;p=8286"},"modified":"2025-12-18T17:28:54","modified_gmt":"2025-12-18T16:28:54","slug":"shimano-nexave-fd-t400-przednia-przerzutka-down-swing-318mm","status":"publish","type":"product","link":"https:\/\/bicycool.pl\/?product=shimano-nexave-fd-t400-przednia-przerzutka-down-swing-318mm","title":{"rendered":"Shimano NEXAVE FD-T400 \u2013 przednia przerzutka\u00a0Down SWING 31,8mm"},"content":{"rendered":"<h1 class=\"product-cart__name\">Shimano NEXAVE FD-T400 &#8211; Przerzutka przednia<\/h1>\n<p>&nbsp;<\/p>\n<p><strong>Specyfikacja:<\/strong><\/p>\n<ul data-start=\"649\" data-end=\"908\">\n<li data-start=\"649\" data-end=\"673\">Producent: <strong data-start=\"662\" data-end=\"673\">Shimano<\/strong><\/li>\n<li data-start=\"674\" data-end=\"695\">Grupa: <strong data-start=\"683\" data-end=\"695\">Nexave<\/strong><\/li>\n<li data-start=\"696\" data-end=\"716\">Model: <strong>FD-T400<\/strong><\/li>\n<li data-start=\"696\" data-end=\"716\">Nap\u0119d: <strong>3x8s<\/strong><\/li>\n<li data-start=\"717\" data-end=\"747\">Typ: <strong data-start=\"724\" data-end=\"747\">Down SWING<\/strong><\/li>\n<li data-start=\"748\" data-end=\"778\">\u015arednica obejmy: <strong data-start=\"767\" data-end=\"778\">31,8 mm<\/strong><\/li>\n<li data-start=\"810\" data-end=\"908\"><strong>STAN: U\u017bYWANY<\/strong><\/li>\n<\/ul>\n","protected":false},"excerpt":{"rendered":"<p>Shimano NEXAVE FD-T400 &#8211; Przerzutka przednia &nbsp; Specyfikacja: Producent: Shimano Grupa: Nexave Model: FD-T400 Nap\u0119d: 3x8s Typ: Down SWING \u015arednica obejmy: 31,8 mm STAN: U\u017bYWANY<\/p>\n","protected":false},"featured_media":8288,"comment_status":"open","ping_status":"closed","template":"","meta":[],"product_brand":[],"product_cat":[28],"product_tag":[],"class_list":{"0":"post-8286","1":"product","2":"type-product","3":"status-publish","4":"has-post-thumbnail","6":"product_cat-czesci-i-akcesoria-uzywane","7":"product_shipping_class-mala-paczka","9":"first","10":"instock","11":"shipping-taxable","12":"purchasable","13":"product-type-simple"},"_links":{"self":[{"href":"https:\/\/bicycool.pl\/index.php?rest_route=\/wp\/v2\/product\/8286","targetHints":{"allow":["GET"]}}],"collection":[{"href":"https:\/\/bicycool.pl\/index.php?rest_route=\/wp\/v2\/product"}],"about":[{"href":"https:\/\/bicycool.pl\/index.php?rest_route=\/wp\/v2\/types\/product"}],"replies":[{"embeddable":true,"href":"https:\/\/bicycool.pl\/index.php?rest_route=%2Fwp%2Fv2%2Fcomments&post=8286"}],"wp:featuredmedia":[{"embeddable":true,"href":"https:\/\/bicycool.pl\/index.php?rest_route=\/wp\/v2\/media\/8288"}],"wp:attachment":[{"href":"https:\/\/bicycool.pl\/index.php?rest_route=%2Fwp%2Fv2%2Fmedia&parent=8286"}],"wp:term":[{"taxonomy":"product_brand","embeddable":true,"href":"https:\/\/bicycool.pl\/index.php?rest_route=%2Fwp%2Fv2%2Fproduct_brand&post=8286"},{"taxonomy":"product_cat","embeddable":true,"href":"https:\/\/bicycool.pl\/index.php?rest_route=%2Fwp%2Fv2%2Fproduct_cat&post=8286"},{"taxonomy":"product_tag","embeddable":true,"href":"https:\/\/bicycool.pl\/index.php?rest_route=%2Fwp%2Fv2%2Fproduct_tag&post=8286"}],"curies":[{"name":"wp","href":"https:\/\/api.w.org\/{rel}","templated":true}]}}