{"id":8308,"date":"2025-12-19T11:12:11","date_gmt":"2025-12-19T10:12:11","guid":{"rendered":"https:\/\/bicycool.pl\/?post_type=product&#038;p=8308"},"modified":"2025-12-19T11:19:07","modified_gmt":"2025-12-19T10:19:07","slug":"klamka-hamulca-shimano-nexave-bl-c900","status":"publish","type":"product","link":"https:\/\/bicycool.pl\/?product=klamka-hamulca-shimano-nexave-bl-c900","title":{"rendered":"Klamka hamulca SHIMANO NEXAVE BL-C900"},"content":{"rendered":"<h1 data-start=\"121\" data-end=\"185\">SHIMANO NEXAVE BL-C900\u00a0 &#8211; Klamki hamulcowe<\/h1>\n<p>Shimano <strong data-start=\"195\" data-end=\"213\">Nexave BL-C900<\/strong> to solidne i wygodne <strong data-start=\"235\" data-end=\"261\">klamki hamulcowe<\/strong>, zaprojektowana z my\u015bl\u0105 o rowerach <strong data-start=\"297\" data-end=\"344\">miejskich, trekkingowych oraz rekreacyjnych<\/strong>. Ergonomiczny kszta\u0142t zapewnia pewny chwyt i dobr\u0105 kontrol\u0119 nad hamowaniem, nawet podczas d\u0142u\u017cszej jazdy.<\/p>\n<p>Model ten charakteryzuje si\u0119 trwa\u0142\u0105 konstrukcj\u0105 oraz p\u0142ynn\u0105 prac\u0105, typow\u0105 dla komponent\u00f3w Shimano z serii Nexave. Klamka jest kompatybilna z mechanicznymi systemami hamulcowymi, w tym <strong data-start=\"636\" data-end=\"673\">hamulcami rolkowymi i szcz\u0119kowymi<\/strong> Shimano.<\/p>\n<hr data-start=\"684\" data-end=\"687\" \/>\n<h3 data-start=\"689\" data-end=\"713\">Najwa\u017cniejsze cechy:<\/h3>\n<ul data-start=\"714\" data-end=\"895\">\n<li data-start=\"714\" data-end=\"738\"><strong data-start=\"716\" data-end=\"727\">Komplet: Prawa + Lewa<\/strong><\/li>\n<li data-start=\"739\" data-end=\"759\"><strong data-start=\"741\" data-end=\"751\">Model:<\/strong> BL-C900<\/li>\n<li data-start=\"760\" data-end=\"787\"><strong data-start=\"762\" data-end=\"772\">Seria:<\/strong> Shimano Nexave<\/li>\n<li data-start=\"866\" data-end=\"895\"><strong>STAN: U\u017bYWANE<\/strong><\/li>\n<\/ul>\n<hr data-start=\"897\" data-end=\"900\" \/>\n<h3 data-start=\"902\" data-end=\"911\"><\/h3>\n","protected":false},"excerpt":{"rendered":"<p>SHIMANO NEXAVE BL-C900\u00a0 &#8211; Klamki hamulcowe Shimano Nexave BL-C900 to solidne i wygodne klamki hamulcowe, zaprojektowana z my\u015bl\u0105 o rowerach miejskich, trekkingowych oraz rekreacyjnych. Ergonomiczny kszta\u0142t zapewnia pewny chwyt i dobr\u0105 kontrol\u0119 nad hamowaniem, nawet podczas d\u0142u\u017cszej jazdy. Model ten charakteryzuje si\u0119 trwa\u0142\u0105 konstrukcj\u0105 oraz p\u0142ynn\u0105 prac\u0105, typow\u0105 dla komponent\u00f3w Shimano z serii Nexave. Klamka&hellip;<\/p>\n","protected":false},"featured_media":8310,"comment_status":"open","ping_status":"closed","template":"","meta":[],"product_brand":[],"product_cat":[28],"product_tag":[],"class_list":{"0":"post-8308","1":"product","2":"type-product","3":"status-publish","4":"has-post-thumbnail","6":"product_cat-czesci-i-akcesoria-uzywane","7":"product_shipping_class-mala-paczka","9":"first","10":"instock","11":"shipping-taxable","12":"purchasable","13":"product-type-simple"},"_links":{"self":[{"href":"https:\/\/bicycool.pl\/index.php?rest_route=\/wp\/v2\/product\/8308","targetHints":{"allow":["GET"]}}],"collection":[{"href":"https:\/\/bicycool.pl\/index.php?rest_route=\/wp\/v2\/product"}],"about":[{"href":"https:\/\/bicycool.pl\/index.php?rest_route=\/wp\/v2\/types\/product"}],"replies":[{"embeddable":true,"href":"https:\/\/bicycool.pl\/index.php?rest_route=%2Fwp%2Fv2%2Fcomments&post=8308"}],"wp:featuredmedia":[{"embeddable":true,"href":"https:\/\/bicycool.pl\/index.php?rest_route=\/wp\/v2\/media\/8310"}],"wp:attachment":[{"href":"https:\/\/bicycool.pl\/index.php?rest_route=%2Fwp%2Fv2%2Fmedia&parent=8308"}],"wp:term":[{"taxonomy":"product_brand","embeddable":true,"href":"https:\/\/bicycool.pl\/index.php?rest_route=%2Fwp%2Fv2%2Fproduct_brand&post=8308"},{"taxonomy":"product_cat","embeddable":true,"href":"https:\/\/bicycool.pl\/index.php?rest_route=%2Fwp%2Fv2%2Fproduct_cat&post=8308"},{"taxonomy":"product_tag","embeddable":true,"href":"https:\/\/bicycool.pl\/index.php?rest_route=%2Fwp%2Fv2%2Fproduct_tag&post=8308"}],"curies":[{"name":"wp","href":"https:\/\/api.w.org\/{rel}","templated":true}]}}