{"id":831,"date":"2023-11-30T15:04:13","date_gmt":"2023-11-30T14:04:13","guid":{"rendered":"https:\/\/bicycool.pl\/?post_type=product&#038;p=831"},"modified":"2025-12-22T17:32:06","modified_gmt":"2025-12-22T16:32:06","slug":"pedaly-wpinane-vp-101-nakladki-retro-mtb-nos","status":"publish","type":"product","link":"https:\/\/bicycool.pl\/?product=pedaly-wpinane-vp-101-nakladki-retro-mtb-nos","title":{"rendered":"Peda\u0142y wpinane VP 101+ Nak\u0142adki Retro MTB NOS"},"content":{"rendered":"<h3>Peda\u0142y wpinane VP 101<\/h3>\n<ul>\n<li>Wpinane (CLIP-IN)<\/li>\n<li>Bloki w komplecie<\/li>\n<li>Nak\u0142adki w komplecie<\/li>\n<\/ul>\n","protected":false},"excerpt":{"rendered":"<p>FORCE CLICK MTB Uszczelnione \u0142o\u017cyska<\/p>\n<p>SPD<\/p>\n","protected":false},"featured_media":832,"comment_status":"open","ping_status":"closed","template":"","meta":[],"product_brand":[],"product_cat":[15,27,127],"product_tag":[],"class_list":{"0":"post-831","1":"product","2":"type-product","3":"status-publish","4":"has-post-thumbnail","6":"product_cat-czesci","7":"product_cat-czesci-nowe","8":"product_cat-pedaly","9":"product_shipping_class-mala-paczka","11":"first","12":"instock","13":"sale","14":"shipping-taxable","15":"purchasable","16":"product-type-simple"},"_links":{"self":[{"href":"https:\/\/bicycool.pl\/index.php?rest_route=\/wp\/v2\/product\/831","targetHints":{"allow":["GET"]}}],"collection":[{"href":"https:\/\/bicycool.pl\/index.php?rest_route=\/wp\/v2\/product"}],"about":[{"href":"https:\/\/bicycool.pl\/index.php?rest_route=\/wp\/v2\/types\/product"}],"replies":[{"embeddable":true,"href":"https:\/\/bicycool.pl\/index.php?rest_route=%2Fwp%2Fv2%2Fcomments&post=831"}],"wp:featuredmedia":[{"embeddable":true,"href":"https:\/\/bicycool.pl\/index.php?rest_route=\/wp\/v2\/media\/832"}],"wp:attachment":[{"href":"https:\/\/bicycool.pl\/index.php?rest_route=%2Fwp%2Fv2%2Fmedia&parent=831"}],"wp:term":[{"taxonomy":"product_brand","embeddable":true,"href":"https:\/\/bicycool.pl\/index.php?rest_route=%2Fwp%2Fv2%2Fproduct_brand&post=831"},{"taxonomy":"product_cat","embeddable":true,"href":"https:\/\/bicycool.pl\/index.php?rest_route=%2Fwp%2Fv2%2Fproduct_cat&post=831"},{"taxonomy":"product_tag","embeddable":true,"href":"https:\/\/bicycool.pl\/index.php?rest_route=%2Fwp%2Fv2%2Fproduct_tag&post=831"}],"curies":[{"name":"wp","href":"https:\/\/api.w.org\/{rel}","templated":true}]}}