{"id":8326,"date":"2025-12-19T11:33:52","date_gmt":"2025-12-19T10:33:52","guid":{"rendered":"https:\/\/bicycool.pl\/?post_type=product&#038;p=8326"},"modified":"2025-12-19T11:35:54","modified_gmt":"2025-12-19T10:35:54","slug":"mostek-regulowany-ktm-a-head-318mm-90mm","status":"publish","type":"product","link":"https:\/\/bicycool.pl\/?product=mostek-regulowany-ktm-a-head-318mm-90mm","title":{"rendered":"Mostek regulowany KTM A-head 31,8mm 90mm"},"content":{"rendered":"<h3 class=\"Product_product-title__BALAQ\">Mostek regulowany KTM<\/h3>\n<ul>\n<li><strong>Przeznaczenie:<\/strong> Miejski\u00a0 \/ Trekking<\/li>\n<li><strong>Materia\u0142: <\/strong>Aluminium<\/li>\n<li><strong>Rozmiar: <\/strong>1 1\/8<\/li>\n<li><strong>Monta\u017c kierownicy:<\/strong> 31,8mm<\/li>\n<li><strong>D\u0142ugo\u015b\u0107:<\/strong> 900mm<\/li>\n<li><strong>Stan: Nieu\u017cywany \/ Powystawowy \/ Posiada delikatne ryski<\/strong><\/li>\n<\/ul>\n","protected":false},"excerpt":{"rendered":"<p>Mostek regulowany KTM Przeznaczenie: Miejski\u00a0 \/ Trekking Materia\u0142: Aluminium Rozmiar: 1 1\/8 Monta\u017c kierownicy: 31,8mm D\u0142ugo\u015b\u0107: 900mm Stan: Nieu\u017cywany \/ Powystawowy \/ Posiada delikatne ryski<\/p>\n","protected":false},"featured_media":8327,"comment_status":"open","ping_status":"closed","template":"","meta":[],"product_brand":[],"product_cat":[28,175],"product_tag":[],"class_list":{"0":"post-8326","1":"product","2":"type-product","3":"status-publish","4":"has-post-thumbnail","6":"product_cat-czesci-i-akcesoria-uzywane","7":"product_cat-mostki-wsporniki-kierownicy","8":"product_shipping_class-mala-paczka","10":"first","11":"instock","12":"shipping-taxable","13":"purchasable","14":"product-type-simple"},"_links":{"self":[{"href":"https:\/\/bicycool.pl\/index.php?rest_route=\/wp\/v2\/product\/8326","targetHints":{"allow":["GET"]}}],"collection":[{"href":"https:\/\/bicycool.pl\/index.php?rest_route=\/wp\/v2\/product"}],"about":[{"href":"https:\/\/bicycool.pl\/index.php?rest_route=\/wp\/v2\/types\/product"}],"replies":[{"embeddable":true,"href":"https:\/\/bicycool.pl\/index.php?rest_route=%2Fwp%2Fv2%2Fcomments&post=8326"}],"wp:featuredmedia":[{"embeddable":true,"href":"https:\/\/bicycool.pl\/index.php?rest_route=\/wp\/v2\/media\/8327"}],"wp:attachment":[{"href":"https:\/\/bicycool.pl\/index.php?rest_route=%2Fwp%2Fv2%2Fmedia&parent=8326"}],"wp:term":[{"taxonomy":"product_brand","embeddable":true,"href":"https:\/\/bicycool.pl\/index.php?rest_route=%2Fwp%2Fv2%2Fproduct_brand&post=8326"},{"taxonomy":"product_cat","embeddable":true,"href":"https:\/\/bicycool.pl\/index.php?rest_route=%2Fwp%2Fv2%2Fproduct_cat&post=8326"},{"taxonomy":"product_tag","embeddable":true,"href":"https:\/\/bicycool.pl\/index.php?rest_route=%2Fwp%2Fv2%2Fproduct_tag&post=8326"}],"curies":[{"name":"wp","href":"https:\/\/api.w.org\/{rel}","templated":true}]}}