{"id":847,"date":"2023-11-30T15:40:09","date_gmt":"2023-11-30T14:40:09","guid":{"rendered":"https:\/\/bicycool.pl\/?post_type=product&#038;p=847"},"modified":"2023-11-30T16:01:51","modified_gmt":"2023-11-30T15:01:51","slug":"piasta-tyl-shimano-105-fh-r7070-12x142","status":"publish","type":"product","link":"https:\/\/bicycool.pl\/?product=piasta-tyl-shimano-105-fh-r7070-12x142","title":{"rendered":"Miski suportu ROTOR BSA30 68\/73 mm CERAMIKA"},"content":{"rendered":"<h3 class=\"Product_product-title__BALAQ\">Miski suportu ROTOR BSA30<\/h3>\n<ul>\n<li><strong>Miski suportu Rotor<\/strong> BSA30<\/li>\n<li><strong>Aluminiowe miseczki CNC 7075 T6<\/strong><\/li>\n<li><strong>Uszczelnienie silikonowe<\/strong><\/li>\n<li><strong>\u0141o\u017cyskami ceramiczne <\/strong><\/li>\n<li><strong>Monta\u017c<\/strong> Korby BB30 mm do dowolnej ramy BSA 68\/73mm<\/li>\n<li>Produkt powystawowy (Podniszczone opakowane, mo\u017cliwe delikatne ryski)<\/li>\n<\/ul>\n","protected":false},"excerpt":{"rendered":"<p>Miski suportu ROTOR BSA30 Miski suportu Rotor BSA30 Aluminiowe miseczki CNC 7075 T6 Uszczelnienie silikonowe \u0141o\u017cyskami ceramiczne Monta\u017c Korby BB30 mm do dowolnej ramy BSA 68\/73mm Produkt powystawowy (Podniszczone opakowane, mo\u017cliwe delikatne ryski)<\/p>\n","protected":false},"featured_media":850,"comment_status":"open","ping_status":"closed","template":"","meta":[],"product_brand":[],"product_cat":[27,85,163],"product_tag":[],"class_list":{"0":"post-847","1":"product","2":"type-product","3":"status-publish","4":"has-post-thumbnail","6":"product_cat-czesci-nowe","7":"product_cat-outlet","8":"product_cat-triathlon","9":"product_shipping_class-mala-paczka","11":"first","12":"instock","13":"sale","14":"shipping-taxable","15":"purchasable","16":"product-type-simple"},"_links":{"self":[{"href":"https:\/\/bicycool.pl\/index.php?rest_route=\/wp\/v2\/product\/847","targetHints":{"allow":["GET"]}}],"collection":[{"href":"https:\/\/bicycool.pl\/index.php?rest_route=\/wp\/v2\/product"}],"about":[{"href":"https:\/\/bicycool.pl\/index.php?rest_route=\/wp\/v2\/types\/product"}],"replies":[{"embeddable":true,"href":"https:\/\/bicycool.pl\/index.php?rest_route=%2Fwp%2Fv2%2Fcomments&post=847"}],"wp:featuredmedia":[{"embeddable":true,"href":"https:\/\/bicycool.pl\/index.php?rest_route=\/wp\/v2\/media\/850"}],"wp:attachment":[{"href":"https:\/\/bicycool.pl\/index.php?rest_route=%2Fwp%2Fv2%2Fmedia&parent=847"}],"wp:term":[{"taxonomy":"product_brand","embeddable":true,"href":"https:\/\/bicycool.pl\/index.php?rest_route=%2Fwp%2Fv2%2Fproduct_brand&post=847"},{"taxonomy":"product_cat","embeddable":true,"href":"https:\/\/bicycool.pl\/index.php?rest_route=%2Fwp%2Fv2%2Fproduct_cat&post=847"},{"taxonomy":"product_tag","embeddable":true,"href":"https:\/\/bicycool.pl\/index.php?rest_route=%2Fwp%2Fv2%2Fproduct_tag&post=847"}],"curies":[{"name":"wp","href":"https:\/\/api.w.org\/{rel}","templated":true}]}}