{"id":863,"date":"2023-11-30T17:20:41","date_gmt":"2023-11-30T16:20:41","guid":{"rendered":"https:\/\/bicycool.pl\/?post_type=product&#038;p=863"},"modified":"2025-12-22T17:31:10","modified_gmt":"2025-12-22T16:31:10","slug":"bloki-pedalow-time-equipe-3-bolt-pantani-road-nos","status":"publish","type":"product","link":"https:\/\/bicycool.pl\/?product=bloki-pedalow-time-equipe-3-bolt-pantani-road-nos","title":{"rendered":"Bloki peda\u0142\u00f3w TIME EQUIPE 3-bolt PANTANI Road NOS"},"content":{"rendered":"<h3>Bloki peda\u0142\u00f3w\u00a0TIME EQUIPE<\/h3>\n<p>Monta\u017c &#8211; 3 \u015bruby<\/p>\n<p>Rodzaj &#8211; Szosowe<\/p>\n<p>Przez wi\u0119kszo\u015b\u0107 czasu peda\u0142y TIME Equipe by\u0142y u\u017cywane przez Marco Pantani \u201ePirat\u201d!<\/p>\n<p>Bardzo ciekawy przedmiot dla kolekcjoner\u00f3w starego osprz\u0119tu, szczeg\u00f3lno\u015bci W\u0142oskiego.<\/p>\n<p>&nbsp;<\/p>\n","protected":false},"excerpt":{"rendered":"<p>Bloki peda\u0142\u00f3w\u00a0TIME EQUIPE Monta\u017c &#8211; 3 \u015bruby Rodzaj &#8211; Szosowe Przez wi\u0119kszo\u015b\u0107 czasu peda\u0142y TIME Equipe by\u0142y u\u017cywane przez Marco Pantani \u201ePirat\u201d! Bardzo ciekawy przedmiot dla kolekcjoner\u00f3w starego osprz\u0119tu, szczeg\u00f3lno\u015bci W\u0142oskiego. &nbsp;<\/p>\n","protected":false},"featured_media":866,"comment_status":"open","ping_status":"closed","template":"","meta":[],"product_brand":[],"product_cat":[15,27,85,127],"product_tag":[],"class_list":{"0":"post-863","1":"product","2":"type-product","3":"status-publish","4":"has-post-thumbnail","6":"product_cat-czesci","7":"product_cat-czesci-nowe","8":"product_cat-outlet","9":"product_cat-pedaly","10":"product_shipping_class-mala-paczka","12":"first","13":"instock","14":"shipping-taxable","15":"purchasable","16":"product-type-simple"},"_links":{"self":[{"href":"https:\/\/bicycool.pl\/index.php?rest_route=\/wp\/v2\/product\/863","targetHints":{"allow":["GET"]}}],"collection":[{"href":"https:\/\/bicycool.pl\/index.php?rest_route=\/wp\/v2\/product"}],"about":[{"href":"https:\/\/bicycool.pl\/index.php?rest_route=\/wp\/v2\/types\/product"}],"replies":[{"embeddable":true,"href":"https:\/\/bicycool.pl\/index.php?rest_route=%2Fwp%2Fv2%2Fcomments&post=863"}],"wp:featuredmedia":[{"embeddable":true,"href":"https:\/\/bicycool.pl\/index.php?rest_route=\/wp\/v2\/media\/866"}],"wp:attachment":[{"href":"https:\/\/bicycool.pl\/index.php?rest_route=%2Fwp%2Fv2%2Fmedia&parent=863"}],"wp:term":[{"taxonomy":"product_brand","embeddable":true,"href":"https:\/\/bicycool.pl\/index.php?rest_route=%2Fwp%2Fv2%2Fproduct_brand&post=863"},{"taxonomy":"product_cat","embeddable":true,"href":"https:\/\/bicycool.pl\/index.php?rest_route=%2Fwp%2Fv2%2Fproduct_cat&post=863"},{"taxonomy":"product_tag","embeddable":true,"href":"https:\/\/bicycool.pl\/index.php?rest_route=%2Fwp%2Fv2%2Fproduct_tag&post=863"}],"curies":[{"name":"wp","href":"https:\/\/api.w.org\/{rel}","templated":true}]}}