{"id":880,"date":"2023-12-01T12:09:54","date_gmt":"2023-12-01T11:09:54","guid":{"rendered":"https:\/\/bicycool.pl\/?post_type=product&#038;p=880"},"modified":"2023-12-01T12:27:04","modified_gmt":"2023-12-01T11:27:04","slug":"maszt-trek-madone-carbon-135mm","status":"publish","type":"product","link":"https:\/\/bicycool.pl\/?product=maszt-trek-madone-carbon-135mm","title":{"rendered":"Maszt TREK MADONE Carbon 135mm"},"content":{"rendered":"<h3>Maszt TREK<\/h3>\n<p>Nak\u0142adka na maszt\u00a0 dla wszystkich rower\u00f3w szosowych Trek z okr\u0105g\u0142ymi masztami podsiod\u0142owymi.<\/p>\n<p><strong>D\u0142ugo\u015b\u0107<\/strong> &#8211; 135mm<\/p>\n<p><strong>Srednica wewn\u0119trzna<\/strong> &#8211; 30mm<\/p>\n","protected":false},"excerpt":{"rendered":"<p>Maszt TREK Nak\u0142adka na maszt\u00a0 dla wszystkich rower\u00f3w szosowych Trek z okr\u0105g\u0142ymi masztami podsiod\u0142owymi. D\u0142ugo\u015b\u0107 &#8211; 135mm Srednica wewn\u0119trzna &#8211; 30mm<\/p>\n","protected":false},"featured_media":882,"comment_status":"open","ping_status":"closed","template":"","meta":[],"product_brand":[],"product_cat":[27,85,123],"product_tag":[],"class_list":{"0":"post-880","1":"product","2":"type-product","3":"status-publish","4":"has-post-thumbnail","6":"product_cat-czesci-nowe","7":"product_cat-outlet","8":"product_cat-sztyce-podsiodlowe","9":"product_shipping_class-mala-paczka","11":"first","12":"instock","13":"sale","14":"shipping-taxable","15":"purchasable","16":"product-type-simple"},"_links":{"self":[{"href":"https:\/\/bicycool.pl\/index.php?rest_route=\/wp\/v2\/product\/880","targetHints":{"allow":["GET"]}}],"collection":[{"href":"https:\/\/bicycool.pl\/index.php?rest_route=\/wp\/v2\/product"}],"about":[{"href":"https:\/\/bicycool.pl\/index.php?rest_route=\/wp\/v2\/types\/product"}],"replies":[{"embeddable":true,"href":"https:\/\/bicycool.pl\/index.php?rest_route=%2Fwp%2Fv2%2Fcomments&post=880"}],"wp:featuredmedia":[{"embeddable":true,"href":"https:\/\/bicycool.pl\/index.php?rest_route=\/wp\/v2\/media\/882"}],"wp:attachment":[{"href":"https:\/\/bicycool.pl\/index.php?rest_route=%2Fwp%2Fv2%2Fmedia&parent=880"}],"wp:term":[{"taxonomy":"product_brand","embeddable":true,"href":"https:\/\/bicycool.pl\/index.php?rest_route=%2Fwp%2Fv2%2Fproduct_brand&post=880"},{"taxonomy":"product_cat","embeddable":true,"href":"https:\/\/bicycool.pl\/index.php?rest_route=%2Fwp%2Fv2%2Fproduct_cat&post=880"},{"taxonomy":"product_tag","embeddable":true,"href":"https:\/\/bicycool.pl\/index.php?rest_route=%2Fwp%2Fv2%2Fproduct_tag&post=880"}],"curies":[{"name":"wp","href":"https:\/\/api.w.org\/{rel}","templated":true}]}}