{"id":893,"date":"2023-12-01T12:41:00","date_gmt":"2023-12-01T11:41:00","guid":{"rendered":"https:\/\/bicycool.pl\/?post_type=product&#038;p=893"},"modified":"2023-12-01T12:49:15","modified_gmt":"2023-12-01T11:49:15","slug":"przerzutka-przednia-shimano-xtr-fd-m9000-3x11s","status":"publish","type":"product","link":"https:\/\/bicycool.pl\/?product=przerzutka-przednia-shimano-xtr-fd-m9000-3x11s","title":{"rendered":"Przerzutka przednia SHIMANO XTR FD-M9000  3x11s"},"content":{"rendered":"<h3>Przerzutka przednia SHIMANO XTR FD-M9000<\/h3>\n<ul>\n<li><strong>Dzia\u0142anie <\/strong>SIDE SWING<\/li>\n<li><strong>Linia \u0142a\u0144cucha (mm)<\/strong> 50<\/li>\n<li><strong>Z\u0119by g\u00f3rnej tarczy<\/strong> 40T<\/li>\n<li><strong>Liczba bieg\u00f3w<\/strong> 3x11s<\/li>\n<\/ul>\n","protected":false},"excerpt":{"rendered":"<p>Przerzutka przednia SHIMANO XTR FD-M9000 Dzia\u0142anie SIDE SWING Linia \u0142a\u0144cucha (mm) 50 Z\u0119by g\u00f3rnej tarczy 40T Liczba bieg\u00f3w 3x11s<\/p>\n","protected":false},"featured_media":895,"comment_status":"open","ping_status":"closed","template":"","meta":[],"product_brand":[],"product_cat":[27,85,174],"product_tag":[],"class_list":{"0":"post-893","1":"product","2":"type-product","3":"status-publish","4":"has-post-thumbnail","6":"product_cat-czesci-nowe","7":"product_cat-outlet","8":"product_cat-przerzutki","9":"product_shipping_class-mala-paczka","11":"first","12":"instock","13":"sale","14":"shipping-taxable","15":"purchasable","16":"product-type-simple"},"_links":{"self":[{"href":"https:\/\/bicycool.pl\/index.php?rest_route=\/wp\/v2\/product\/893","targetHints":{"allow":["GET"]}}],"collection":[{"href":"https:\/\/bicycool.pl\/index.php?rest_route=\/wp\/v2\/product"}],"about":[{"href":"https:\/\/bicycool.pl\/index.php?rest_route=\/wp\/v2\/types\/product"}],"replies":[{"embeddable":true,"href":"https:\/\/bicycool.pl\/index.php?rest_route=%2Fwp%2Fv2%2Fcomments&post=893"}],"wp:featuredmedia":[{"embeddable":true,"href":"https:\/\/bicycool.pl\/index.php?rest_route=\/wp\/v2\/media\/895"}],"wp:attachment":[{"href":"https:\/\/bicycool.pl\/index.php?rest_route=%2Fwp%2Fv2%2Fmedia&parent=893"}],"wp:term":[{"taxonomy":"product_brand","embeddable":true,"href":"https:\/\/bicycool.pl\/index.php?rest_route=%2Fwp%2Fv2%2Fproduct_brand&post=893"},{"taxonomy":"product_cat","embeddable":true,"href":"https:\/\/bicycool.pl\/index.php?rest_route=%2Fwp%2Fv2%2Fproduct_cat&post=893"},{"taxonomy":"product_tag","embeddable":true,"href":"https:\/\/bicycool.pl\/index.php?rest_route=%2Fwp%2Fv2%2Fproduct_tag&post=893"}],"curies":[{"name":"wp","href":"https:\/\/api.w.org\/{rel}","templated":true}]}}