{"id":905,"date":"2023-12-01T13:21:10","date_gmt":"2023-12-01T12:21:10","guid":{"rendered":"https:\/\/bicycool.pl\/?post_type=product&#038;p=905"},"modified":"2024-12-06T15:22:31","modified_gmt":"2024-12-06T14:22:31","slug":"mostek-pro-vibe-126mm-1-1-4-318mmx318mm","status":"publish","type":"product","link":"https:\/\/bicycool.pl\/?product=mostek-pro-vibe-126mm-1-1-4-318mmx318mm","title":{"rendered":"Mostek PRO VIBE 126mm 1 1\/4 31,8mmx31,8mm"},"content":{"rendered":"<h3 class=\"Product_product-title__BALAQ\">Mostek PRO VIBE<\/h3>\n<ul>\n<li><strong>Materia\u0142<\/strong> &#8211; Aluminium<\/li>\n<li><strong>Rozmiar &#8211; 1 1\/4 !!<\/strong><\/li>\n<li><strong>Monta\u017c kierownicy<\/strong> &#8211; 31,8mm<\/li>\n<li><strong>D\u0142ugo\u015b\u0107<\/strong> &#8211; 126mm<\/li>\n<\/ul>\n","protected":false},"excerpt":{"rendered":"<p>Mostek PRO VIBE Materia\u0142 &#8211; Aluminium Rozmiar &#8211; 1 1\/4 !! Monta\u017c kierownicy &#8211; 31,8mm D\u0142ugo\u015b\u0107 &#8211; 126mm<\/p>\n","protected":false},"featured_media":907,"comment_status":"open","ping_status":"closed","template":"","meta":[],"product_brand":[],"product_cat":[27,175,163],"product_tag":[176],"class_list":{"0":"post-905","1":"product","2":"type-product","3":"status-publish","4":"has-post-thumbnail","6":"product_cat-czesci-nowe","7":"product_cat-mostki-wsporniki-kierownicy","8":"product_cat-triathlon","9":"product_tag-pro-vibe","10":"product_shipping_class-mala-paczka","12":"first","13":"instock","14":"shipping-taxable","15":"purchasable","16":"product-type-simple"},"_links":{"self":[{"href":"https:\/\/bicycool.pl\/index.php?rest_route=\/wp\/v2\/product\/905","targetHints":{"allow":["GET"]}}],"collection":[{"href":"https:\/\/bicycool.pl\/index.php?rest_route=\/wp\/v2\/product"}],"about":[{"href":"https:\/\/bicycool.pl\/index.php?rest_route=\/wp\/v2\/types\/product"}],"replies":[{"embeddable":true,"href":"https:\/\/bicycool.pl\/index.php?rest_route=%2Fwp%2Fv2%2Fcomments&post=905"}],"wp:featuredmedia":[{"embeddable":true,"href":"https:\/\/bicycool.pl\/index.php?rest_route=\/wp\/v2\/media\/907"}],"wp:attachment":[{"href":"https:\/\/bicycool.pl\/index.php?rest_route=%2Fwp%2Fv2%2Fmedia&parent=905"}],"wp:term":[{"taxonomy":"product_brand","embeddable":true,"href":"https:\/\/bicycool.pl\/index.php?rest_route=%2Fwp%2Fv2%2Fproduct_brand&post=905"},{"taxonomy":"product_cat","embeddable":true,"href":"https:\/\/bicycool.pl\/index.php?rest_route=%2Fwp%2Fv2%2Fproduct_cat&post=905"},{"taxonomy":"product_tag","embeddable":true,"href":"https:\/\/bicycool.pl\/index.php?rest_route=%2Fwp%2Fv2%2Fproduct_tag&post=905"}],"curies":[{"name":"wp","href":"https:\/\/api.w.org\/{rel}","templated":true}]}}