{"id":910,"date":"2023-12-01T13:25:04","date_gmt":"2023-12-01T12:25:04","guid":{"rendered":"https:\/\/bicycool.pl\/?post_type=product&#038;p=910"},"modified":"2024-12-06T15:22:24","modified_gmt":"2024-12-06T14:22:24","slug":"mostek-pro-vibe-7s-110mm-1-1-8-318mm","status":"publish","type":"product","link":"https:\/\/bicycool.pl\/?product=mostek-pro-vibe-7s-110mm-1-1-8-318mm","title":{"rendered":"Mostek PRO VIBE 7S 110mm 1 1\/8 31,8mm"},"content":{"rendered":"<h3 class=\"Product_product-title__BALAQ\">Mostek PRO VIBE 7S<\/h3>\n<ul>\n<li><strong>Przeznaczenie<\/strong> &#8211; szosa<\/li>\n<li><strong>Materia\u0142<\/strong> &#8211; Aluminium<\/li>\n<li><strong>Rozmiar &#8211; 1 1\/8<\/strong><\/li>\n<li><strong>Monta\u017c kierownicy<\/strong> &#8211; 31,8mm<\/li>\n<li><strong>D\u0142ugo\u015b\u0107<\/strong> &#8211; 110mm<\/li>\n<li><strong>K\u0105t<\/strong> &#8211; 10 Stopni<\/li>\n<li><strong>Powystawowy, posiada delikatne ryski i obicia<\/strong><\/li>\n<\/ul>\n","protected":false},"excerpt":{"rendered":"<p>Mostek PRO VIBE 7S Przeznaczenie &#8211; szosa Materia\u0142 &#8211; Aluminium Rozmiar &#8211; 1 1\/8 Monta\u017c kierownicy &#8211; 31,8mm D\u0142ugo\u015b\u0107 &#8211; 110mm K\u0105t &#8211; 10 Stopni Powystawowy, posiada delikatne ryski i obicia<\/p>\n","protected":false},"featured_media":912,"comment_status":"open","ping_status":"closed","template":"","meta":[],"product_brand":[],"product_cat":[27,175,163],"product_tag":[176],"class_list":{"0":"post-910","1":"product","2":"type-product","3":"status-publish","4":"has-post-thumbnail","6":"product_cat-czesci-nowe","7":"product_cat-mostki-wsporniki-kierownicy","8":"product_cat-triathlon","9":"product_tag-pro-vibe","10":"product_shipping_class-mala-paczka","12":"first","13":"instock","14":"sale","15":"shipping-taxable","16":"purchasable","17":"product-type-simple"},"_links":{"self":[{"href":"https:\/\/bicycool.pl\/index.php?rest_route=\/wp\/v2\/product\/910","targetHints":{"allow":["GET"]}}],"collection":[{"href":"https:\/\/bicycool.pl\/index.php?rest_route=\/wp\/v2\/product"}],"about":[{"href":"https:\/\/bicycool.pl\/index.php?rest_route=\/wp\/v2\/types\/product"}],"replies":[{"embeddable":true,"href":"https:\/\/bicycool.pl\/index.php?rest_route=%2Fwp%2Fv2%2Fcomments&post=910"}],"wp:featuredmedia":[{"embeddable":true,"href":"https:\/\/bicycool.pl\/index.php?rest_route=\/wp\/v2\/media\/912"}],"wp:attachment":[{"href":"https:\/\/bicycool.pl\/index.php?rest_route=%2Fwp%2Fv2%2Fmedia&parent=910"}],"wp:term":[{"taxonomy":"product_brand","embeddable":true,"href":"https:\/\/bicycool.pl\/index.php?rest_route=%2Fwp%2Fv2%2Fproduct_brand&post=910"},{"taxonomy":"product_cat","embeddable":true,"href":"https:\/\/bicycool.pl\/index.php?rest_route=%2Fwp%2Fv2%2Fproduct_cat&post=910"},{"taxonomy":"product_tag","embeddable":true,"href":"https:\/\/bicycool.pl\/index.php?rest_route=%2Fwp%2Fv2%2Fproduct_tag&post=910"}],"curies":[{"name":"wp","href":"https:\/\/api.w.org\/{rel}","templated":true}]}}