{"id":919,"date":"2023-12-01T13:34:32","date_gmt":"2023-12-01T12:34:32","guid":{"rendered":"https:\/\/bicycool.pl\/?post_type=product&#038;p=919"},"modified":"2024-12-03T14:04:30","modified_gmt":"2024-12-03T13:04:30","slug":"mostek-oval-713-110mm-31-8mm","status":"publish","type":"product","link":"https:\/\/bicycool.pl\/?product=mostek-oval-713-110mm-31-8mm","title":{"rendered":"Mostek OVAL 713 110mm 31.8mm"},"content":{"rendered":"<h3 class=\"Product_product-title__BALAQ\">Mostek OVAL 713<\/h3>\n<ul>\n<li><strong>Przeznaczenie<\/strong> &#8211; szosa<\/li>\n<li><strong>Materia\u0142<\/strong> &#8211; Aluminium<\/li>\n<li><strong>Rozmiar &#8211; 1 1\/8<\/strong><\/li>\n<li><strong>Monta\u017c kierownicy<\/strong> &#8211; 31,8mm<\/li>\n<li><strong>D\u0142ugo\u015b\u0107<\/strong> &#8211; 110mm<\/li>\n<li><strong>K\u0105t<\/strong> &#8211; 6 Stopni<\/li>\n<li><strong>Produkt powystawowy, mikroryski na literze &#8222;L&#8221;<\/strong><\/li>\n<\/ul>\n","protected":false},"excerpt":{"rendered":"<p>Mostek OVAL 713 Przeznaczenie &#8211; szosa Materia\u0142 &#8211; Aluminium Rozmiar &#8211; 1 1\/8 Monta\u017c kierownicy &#8211; 31,8mm D\u0142ugo\u015b\u0107 &#8211; 110mm K\u0105t &#8211; 6 Stopni Produkt powystawowy, mikroryski na literze &#8222;L&#8221;<\/p>\n","protected":false},"featured_media":921,"comment_status":"open","ping_status":"closed","template":"","meta":[],"product_brand":[],"product_cat":[27,175,85],"product_tag":[],"class_list":{"0":"post-919","1":"product","2":"type-product","3":"status-publish","4":"has-post-thumbnail","6":"product_cat-czesci-nowe","7":"product_cat-mostki-wsporniki-kierownicy","8":"product_cat-outlet","9":"product_shipping_class-mala-paczka","11":"first","12":"instock","13":"sale","14":"shipping-taxable","15":"purchasable","16":"product-type-simple"},"_links":{"self":[{"href":"https:\/\/bicycool.pl\/index.php?rest_route=\/wp\/v2\/product\/919","targetHints":{"allow":["GET"]}}],"collection":[{"href":"https:\/\/bicycool.pl\/index.php?rest_route=\/wp\/v2\/product"}],"about":[{"href":"https:\/\/bicycool.pl\/index.php?rest_route=\/wp\/v2\/types\/product"}],"replies":[{"embeddable":true,"href":"https:\/\/bicycool.pl\/index.php?rest_route=%2Fwp%2Fv2%2Fcomments&post=919"}],"wp:featuredmedia":[{"embeddable":true,"href":"https:\/\/bicycool.pl\/index.php?rest_route=\/wp\/v2\/media\/921"}],"wp:attachment":[{"href":"https:\/\/bicycool.pl\/index.php?rest_route=%2Fwp%2Fv2%2Fmedia&parent=919"}],"wp:term":[{"taxonomy":"product_brand","embeddable":true,"href":"https:\/\/bicycool.pl\/index.php?rest_route=%2Fwp%2Fv2%2Fproduct_brand&post=919"},{"taxonomy":"product_cat","embeddable":true,"href":"https:\/\/bicycool.pl\/index.php?rest_route=%2Fwp%2Fv2%2Fproduct_cat&post=919"},{"taxonomy":"product_tag","embeddable":true,"href":"https:\/\/bicycool.pl\/index.php?rest_route=%2Fwp%2Fv2%2Fproduct_tag&post=919"}],"curies":[{"name":"wp","href":"https:\/\/api.w.org\/{rel}","templated":true}]}}