{"id":923,"date":"2023-12-01T15:00:50","date_gmt":"2023-12-01T14:00:50","guid":{"rendered":"https:\/\/bicycool.pl\/?post_type=product&#038;p=923"},"modified":"2023-12-01T15:15:59","modified_gmt":"2023-12-01T14:15:59","slug":"przerzutka-sram-x01-dh-manetka-sram-x01-dh-7s","status":"publish","type":"product","link":"https:\/\/bicycool.pl\/?product=przerzutka-sram-x01-dh-manetka-sram-x01-dh-7s","title":{"rendered":"Przerzutka SRAM X01 DH + Manetka SRAM X01 DH 7s"},"content":{"rendered":"<h3>Przerzutka ty\u0142 SRAM X01 DH + Manetka Sram X01 DH<\/h3>\n<ul>\n<li><strong>Komplet przerzutka i manetka<\/strong><\/li>\n<li><strong>Liczba bieg\u00f3w<\/strong> &#8211; 7<\/li>\n<li><strong>Przeznaczenie<\/strong> &#8211; Downhill<\/li>\n<li><strong>Ci\u0105g linki<\/strong> &#8211; Exact actuation<\/li>\n<li>Brak obejmy manetki w zestawie<\/li>\n<\/ul>\n","protected":false},"excerpt":{"rendered":"<p>Przerzutka ty\u0142 SRAM X01 DH + Manetka Sram X01 DH Komplet przerzutka i manetka Liczba bieg\u00f3w &#8211; 7 Przeznaczenie &#8211; Downhill Ci\u0105g linki &#8211; Exact actuation Brak obejmy manetki w zestawie<\/p>\n","protected":false},"featured_media":925,"comment_status":"open","ping_status":"closed","template":"","meta":[],"product_brand":[],"product_cat":[27,85,174],"product_tag":[],"class_list":{"0":"post-923","1":"product","2":"type-product","3":"status-publish","4":"has-post-thumbnail","6":"product_cat-czesci-nowe","7":"product_cat-outlet","8":"product_cat-przerzutki","9":"product_shipping_class-mala-paczka","11":"first","12":"instock","13":"sale","14":"shipping-taxable","15":"purchasable","16":"product-type-simple"},"_links":{"self":[{"href":"https:\/\/bicycool.pl\/index.php?rest_route=\/wp\/v2\/product\/923","targetHints":{"allow":["GET"]}}],"collection":[{"href":"https:\/\/bicycool.pl\/index.php?rest_route=\/wp\/v2\/product"}],"about":[{"href":"https:\/\/bicycool.pl\/index.php?rest_route=\/wp\/v2\/types\/product"}],"replies":[{"embeddable":true,"href":"https:\/\/bicycool.pl\/index.php?rest_route=%2Fwp%2Fv2%2Fcomments&post=923"}],"wp:featuredmedia":[{"embeddable":true,"href":"https:\/\/bicycool.pl\/index.php?rest_route=\/wp\/v2\/media\/925"}],"wp:attachment":[{"href":"https:\/\/bicycool.pl\/index.php?rest_route=%2Fwp%2Fv2%2Fmedia&parent=923"}],"wp:term":[{"taxonomy":"product_brand","embeddable":true,"href":"https:\/\/bicycool.pl\/index.php?rest_route=%2Fwp%2Fv2%2Fproduct_brand&post=923"},{"taxonomy":"product_cat","embeddable":true,"href":"https:\/\/bicycool.pl\/index.php?rest_route=%2Fwp%2Fv2%2Fproduct_cat&post=923"},{"taxonomy":"product_tag","embeddable":true,"href":"https:\/\/bicycool.pl\/index.php?rest_route=%2Fwp%2Fv2%2Fproduct_tag&post=923"}],"curies":[{"name":"wp","href":"https:\/\/api.w.org\/{rel}","templated":true}]}}