{"id":935,"date":"2023-12-01T15:43:41","date_gmt":"2023-12-01T14:43:41","guid":{"rendered":"https:\/\/bicycool.pl\/?post_type=product&#038;p=935"},"modified":"2025-12-22T17:24:18","modified_gmt":"2025-12-22T16:24:18","slug":"pedaly-dzieciece-retro","status":"publish","type":"product","link":"https:\/\/bicycool.pl\/?product=pedaly-dzieciece-retro","title":{"rendered":"Peda\u0142y dzieci\u0119ce RETRO"},"content":{"rendered":"<h3>Peda\u0142y dzieci\u0119ce<\/h3>\n<ul>\n<li>Prawdopodobnie lata 80<\/li>\n<li>gwint 9\/16<\/li>\n<\/ul>\n","protected":false},"excerpt":{"rendered":"<p>FORCE CLICK MTB Uszczelnione \u0142o\u017cyska<\/p>\n<p>SPD<\/p>\n","protected":false},"featured_media":937,"comment_status":"open","ping_status":"closed","template":"","meta":[],"product_brand":[],"product_cat":[15,28],"product_tag":[130],"class_list":{"0":"post-935","1":"product","2":"type-product","3":"status-publish","4":"has-post-thumbnail","6":"product_cat-czesci","7":"product_cat-czesci-i-akcesoria-uzywane","8":"product_tag-pedaly","9":"product_shipping_class-mala-paczka","11":"first","12":"instock","13":"shipping-taxable","14":"purchasable","15":"product-type-simple"},"_links":{"self":[{"href":"https:\/\/bicycool.pl\/index.php?rest_route=\/wp\/v2\/product\/935","targetHints":{"allow":["GET"]}}],"collection":[{"href":"https:\/\/bicycool.pl\/index.php?rest_route=\/wp\/v2\/product"}],"about":[{"href":"https:\/\/bicycool.pl\/index.php?rest_route=\/wp\/v2\/types\/product"}],"replies":[{"embeddable":true,"href":"https:\/\/bicycool.pl\/index.php?rest_route=%2Fwp%2Fv2%2Fcomments&post=935"}],"wp:featuredmedia":[{"embeddable":true,"href":"https:\/\/bicycool.pl\/index.php?rest_route=\/wp\/v2\/media\/937"}],"wp:attachment":[{"href":"https:\/\/bicycool.pl\/index.php?rest_route=%2Fwp%2Fv2%2Fmedia&parent=935"}],"wp:term":[{"taxonomy":"product_brand","embeddable":true,"href":"https:\/\/bicycool.pl\/index.php?rest_route=%2Fwp%2Fv2%2Fproduct_brand&post=935"},{"taxonomy":"product_cat","embeddable":true,"href":"https:\/\/bicycool.pl\/index.php?rest_route=%2Fwp%2Fv2%2Fproduct_cat&post=935"},{"taxonomy":"product_tag","embeddable":true,"href":"https:\/\/bicycool.pl\/index.php?rest_route=%2Fwp%2Fv2%2Fproduct_tag&post=935"}],"curies":[{"name":"wp","href":"https:\/\/api.w.org\/{rel}","templated":true}]}}