{"id":945,"date":"2023-12-01T16:18:00","date_gmt":"2023-12-01T15:18:00","guid":{"rendered":"https:\/\/bicycool.pl\/?post_type=product&#038;p=945"},"modified":"2023-12-01T16:24:33","modified_gmt":"2023-12-01T15:24:33","slug":"kierownica-czasowa-triathlon-cannondale-c3-40cm-318mm","status":"publish","type":"product","link":"https:\/\/bicycool.pl\/?product=kierownica-czasowa-triathlon-cannondale-c3-40cm-318mm","title":{"rendered":"Kierownica czasowa triathlon CANNONDALE C3 40cm 31,8mm"},"content":{"rendered":"<h3 class=\"Product_product-title__BALAQ\">Kierownica czasowa CANNONDALE C3<\/h3>\n<ul>\n<li><strong>Bycze rogi<\/strong><\/li>\n<li><b>Szeroko\u015b\u0107 <\/b>40cm<\/li>\n<li><strong>Monta\u017c<\/strong> 31,8<\/li>\n<li><strong>Wewn\u0119trzne prowadzenie linek<\/strong><\/li>\n<\/ul>\n","protected":false},"excerpt":{"rendered":"<p>Kierownica czasowa CANNONDALE C3 Bycze rogi Szeroko\u015b\u0107 40cm Monta\u017c 31,8 Wewn\u0119trzne prowadzenie linek<\/p>\n","protected":false},"featured_media":946,"comment_status":"open","ping_status":"closed","template":"","meta":[],"product_brand":[],"product_cat":[27,170,85,163],"product_tag":[],"class_list":{"0":"post-945","1":"product","2":"type-product","3":"status-publish","4":"has-post-thumbnail","6":"product_cat-czesci-nowe","7":"product_cat-kierownice","8":"product_cat-outlet","9":"product_cat-triathlon","10":"product_shipping_class-mala-paczka","12":"first","13":"instock","14":"sale","15":"shipping-taxable","16":"purchasable","17":"product-type-simple"},"_links":{"self":[{"href":"https:\/\/bicycool.pl\/index.php?rest_route=\/wp\/v2\/product\/945","targetHints":{"allow":["GET"]}}],"collection":[{"href":"https:\/\/bicycool.pl\/index.php?rest_route=\/wp\/v2\/product"}],"about":[{"href":"https:\/\/bicycool.pl\/index.php?rest_route=\/wp\/v2\/types\/product"}],"replies":[{"embeddable":true,"href":"https:\/\/bicycool.pl\/index.php?rest_route=%2Fwp%2Fv2%2Fcomments&post=945"}],"wp:featuredmedia":[{"embeddable":true,"href":"https:\/\/bicycool.pl\/index.php?rest_route=\/wp\/v2\/media\/946"}],"wp:attachment":[{"href":"https:\/\/bicycool.pl\/index.php?rest_route=%2Fwp%2Fv2%2Fmedia&parent=945"}],"wp:term":[{"taxonomy":"product_brand","embeddable":true,"href":"https:\/\/bicycool.pl\/index.php?rest_route=%2Fwp%2Fv2%2Fproduct_brand&post=945"},{"taxonomy":"product_cat","embeddable":true,"href":"https:\/\/bicycool.pl\/index.php?rest_route=%2Fwp%2Fv2%2Fproduct_cat&post=945"},{"taxonomy":"product_tag","embeddable":true,"href":"https:\/\/bicycool.pl\/index.php?rest_route=%2Fwp%2Fv2%2Fproduct_tag&post=945"}],"curies":[{"name":"wp","href":"https:\/\/api.w.org\/{rel}","templated":true}]}}